{"id":105,"date":"2025-02-10T18:35:09","date_gmt":"2025-02-10T18:35:09","guid":{"rendered":"https:\/\/www.plastcenternordic.fi\/?page_id=105"},"modified":"2025-03-31T14:12:10","modified_gmt":"2025-03-31T14:12:10","slug":"suunnittelupalvelu","status":"publish","type":"page","link":"https:\/\/www.plastcenternordic.fi\/?page_id=105","title":{"rendered":"Suunnittelupalvelu"},"content":{"rendered":"\n<div style=\"height:100px\" aria-hidden=\"true\" class=\"wp-block-spacer\"><\/div>\n\n\n\n<div class=\"wp-block-columns is-layout-flex wp-container-core-columns-is-layout-9d6595d7 wp-block-columns-is-layout-flex\">\n<div class=\"wp-block-column is-layout-flow wp-block-column-is-layout-flow\">\n<figure class=\"wp-block-image size-full\"><img loading=\"lazy\" decoding=\"async\" width=\"918\" height=\"1012\" src=\"https:\/\/www.plastcenternordic.fi\/wp-content\/uploads\/2025\/02\/Suunnittelupalvelu.jpg\" alt=\"\" class=\"wp-image-280\" srcset=\"https:\/\/www.plastcenternordic.fi\/wp-content\/uploads\/2025\/02\/Suunnittelupalvelu.jpg 918w, https:\/\/www.plastcenternordic.fi\/wp-content\/uploads\/2025\/02\/Suunnittelupalvelu-272x300.jpg 272w, https:\/\/www.plastcenternordic.fi\/wp-content\/uploads\/2025\/02\/Suunnittelupalvelu-768x847.jpg 768w\" sizes=\"auto, (max-width: 918px) 100vw, 918px\" \/><\/figure>\n<\/div>\n\n\n\n<div class=\"wp-block-column is-vertically-aligned-center is-layout-flow wp-block-column-is-layout-flow\">\n<h2 class=\"wp-block-heading\">Selke\u00e4t piirrokset ennen tuotantoa<\/h2>\n\n\n\n<p>Tarjoamme kattavat suunnittelupalvelut, jotka varmistavat, ett\u00e4 mainosratkaisusi ovat sek\u00e4 toimivia ett\u00e4 visuaalisesti n\u00e4ytt\u00e4vi\u00e4. Suunnittelemme kaiken pienist\u00e4 teippauksista suuriin mainospintoihin ja rakenteisiin huolellisesti ja ammattitaidolla. Erityisesti telineiden ja laajempien kokonaisuuksien osalta teemme aina selke\u00e4n piirroksen ennen tuotantoa, jotta lopputulos vastaa tarkasti toiveitasi ja teknisi\u00e4 vaatimuksia. N\u00e4in voit n\u00e4hd\u00e4 suunnitelman etuk\u00e4teen ja varmistaa, ett\u00e4 kaikki yksityiskohdat ovat kohdallaan ennen toteutusta. Kun suunnittelu on tehty huolella, lopputuloksena on visuaalisesti houkutteleva ja k\u00e4yt\u00e4nn\u00f6llinen ratkaisu, joka kest\u00e4\u00e4 aikaa ja k\u00e4ytt\u00f6\u00e4. <\/p>\n\n\n\n<div class=\"wp-block-buttons is-layout-flex wp-block-buttons-is-layout-flex\">\n<div class=\"wp-block-button is-style-primary\"><a class=\"wp-block-button__link wp-element-button\" href=\"https:\/\/www.plastcenternordic.fi\/?page_id=24\">Ota yhteytt\u00e4!<\/a><\/div>\n<\/div>\n<\/div>\n<\/div>\n\n\n\n<div style=\"height:100px\" aria-hidden=\"true\" class=\"wp-block-spacer\"><\/div>\n\n\n\n<figure class=\"wp-block-gallery has-nested-images columns-default is-cropped wp-block-gallery-1 is-layout-flex wp-block-gallery-is-layout-flex\">\n<figure class=\"wp-block-image size-large\"><img loading=\"lazy\" decoding=\"async\" width=\"904\" height=\"850\" data-id=\"269\" src=\"https:\/\/www.plastcenternordic.fi\/wp-content\/uploads\/2025\/02\/Nayttokuva-2025-02-12-kello-12.24.37.png\" alt=\"\" class=\"wp-image-269\" srcset=\"https:\/\/www.plastcenternordic.fi\/wp-content\/uploads\/2025\/02\/Nayttokuva-2025-02-12-kello-12.24.37.png 904w, https:\/\/www.plastcenternordic.fi\/wp-content\/uploads\/2025\/02\/Nayttokuva-2025-02-12-kello-12.24.37-300x282.png 300w, https:\/\/www.plastcenternordic.fi\/wp-content\/uploads\/2025\/02\/Nayttokuva-2025-02-12-kello-12.24.37-768x722.png 768w\" sizes=\"auto, (max-width: 904px) 100vw, 904px\" \/><\/figure>\n\n\n\n<figure class=\"wp-block-image size-large\"><img loading=\"lazy\" decoding=\"async\" width=\"906\" height=\"854\" data-id=\"273\" src=\"https:\/\/www.plastcenternordic.fi\/wp-content\/uploads\/2025\/02\/Nayttokuva-2025-02-12-kello-12.24.27.png\" alt=\"\" class=\"wp-image-273\" srcset=\"https:\/\/www.plastcenternordic.fi\/wp-content\/uploads\/2025\/02\/Nayttokuva-2025-02-12-kello-12.24.27.png 906w, https:\/\/www.plastcenternordic.fi\/wp-content\/uploads\/2025\/02\/Nayttokuva-2025-02-12-kello-12.24.27-300x283.png 300w, https:\/\/www.plastcenternordic.fi\/wp-content\/uploads\/2025\/02\/Nayttokuva-2025-02-12-kello-12.24.27-768x724.png 768w\" sizes=\"auto, (max-width: 906px) 100vw, 906px\" \/><\/figure>\n\n\n\n<figure class=\"wp-block-image size-large\"><img loading=\"lazy\" decoding=\"async\" width=\"894\" height=\"840\" data-id=\"274\" src=\"https:\/\/www.plastcenternordic.fi\/wp-content\/uploads\/2025\/02\/Nayttokuva-2025-02-12-kello-12.24.20.png\" alt=\"\" class=\"wp-image-274\" srcset=\"https:\/\/www.plastcenternordic.fi\/wp-content\/uploads\/2025\/02\/Nayttokuva-2025-02-12-kello-12.24.20.png 894w, https:\/\/www.plastcenternordic.fi\/wp-content\/uploads\/2025\/02\/Nayttokuva-2025-02-12-kello-12.24.20-300x282.png 300w, https:\/\/www.plastcenternordic.fi\/wp-content\/uploads\/2025\/02\/Nayttokuva-2025-02-12-kello-12.24.20-768x722.png 768w\" sizes=\"auto, (max-width: 894px) 100vw, 894px\" \/><\/figure>\n\n\n\n<figure class=\"wp-block-image size-large\"><img loading=\"lazy\" decoding=\"async\" width=\"914\" height=\"882\" data-id=\"272\" src=\"https:\/\/www.plastcenternordic.fi\/wp-content\/uploads\/2025\/02\/Nayttokuva-2025-02-12-kello-12.24.13.png\" alt=\"\" class=\"wp-image-272\" srcset=\"https:\/\/www.plastcenternordic.fi\/wp-content\/uploads\/2025\/02\/Nayttokuva-2025-02-12-kello-12.24.13.png 914w, https:\/\/www.plastcenternordic.fi\/wp-content\/uploads\/2025\/02\/Nayttokuva-2025-02-12-kello-12.24.13-300x289.png 300w, https:\/\/www.plastcenternordic.fi\/wp-content\/uploads\/2025\/02\/Nayttokuva-2025-02-12-kello-12.24.13-768x741.png 768w\" sizes=\"auto, (max-width: 914px) 100vw, 914px\" \/><\/figure>\n\n\n\n<figure class=\"wp-block-image size-large\"><img loading=\"lazy\" decoding=\"async\" width=\"432\" height=\"850\" data-id=\"270\" src=\"https:\/\/www.plastcenternordic.fi\/wp-content\/uploads\/2025\/02\/Nayttokuva-2025-02-12-kello-12.23.59.png\" alt=\"\" class=\"wp-image-270\" srcset=\"https:\/\/www.plastcenternordic.fi\/wp-content\/uploads\/2025\/02\/Nayttokuva-2025-02-12-kello-12.23.59.png 432w, https:\/\/www.plastcenternordic.fi\/wp-content\/uploads\/2025\/02\/Nayttokuva-2025-02-12-kello-12.23.59-152x300.png 152w\" sizes=\"auto, (max-width: 432px) 100vw, 432px\" \/><\/figure>\n\n\n\n<figure class=\"wp-block-image size-large\"><img loading=\"lazy\" decoding=\"async\" width=\"444\" height=\"852\" data-id=\"271\" src=\"https:\/\/www.plastcenternordic.fi\/wp-content\/uploads\/2025\/02\/Nayttokuva-2025-02-12-kello-12.23.52.png\" alt=\"\" class=\"wp-image-271\" srcset=\"https:\/\/www.plastcenternordic.fi\/wp-content\/uploads\/2025\/02\/Nayttokuva-2025-02-12-kello-12.23.52.png 444w, https:\/\/www.plastcenternordic.fi\/wp-content\/uploads\/2025\/02\/Nayttokuva-2025-02-12-kello-12.23.52-156x300.png 156w\" sizes=\"auto, (max-width: 444px) 100vw, 444px\" \/><\/figure>\n\n\n\n<figure class=\"wp-block-image size-large\"><img loading=\"lazy\" decoding=\"async\" width=\"914\" height=\"858\" data-id=\"275\" src=\"https:\/\/www.plastcenternordic.fi\/wp-content\/uploads\/2025\/02\/Nayttokuva-2025-02-12-kello-12.23.44.png\" alt=\"\" class=\"wp-image-275\" srcset=\"https:\/\/www.plastcenternordic.fi\/wp-content\/uploads\/2025\/02\/Nayttokuva-2025-02-12-kello-12.23.44.png 914w, https:\/\/www.plastcenternordic.fi\/wp-content\/uploads\/2025\/02\/Nayttokuva-2025-02-12-kello-12.23.44-300x282.png 300w, https:\/\/www.plastcenternordic.fi\/wp-content\/uploads\/2025\/02\/Nayttokuva-2025-02-12-kello-12.23.44-768x721.png 768w\" sizes=\"auto, (max-width: 914px) 100vw, 914px\" \/><\/figure>\n\n\n\n<figure class=\"wp-block-image size-large\"><img loading=\"lazy\" decoding=\"async\" width=\"886\" height=\"842\" data-id=\"276\" src=\"https:\/\/www.plastcenternordic.fi\/wp-content\/uploads\/2025\/02\/Nayttokuva-2025-02-12-kello-12.23.38.png\" alt=\"\" class=\"wp-image-276\" srcset=\"https:\/\/www.plastcenternordic.fi\/wp-content\/uploads\/2025\/02\/Nayttokuva-2025-02-12-kello-12.23.38.png 886w, https:\/\/www.plastcenternordic.fi\/wp-content\/uploads\/2025\/02\/Nayttokuva-2025-02-12-kello-12.23.38-300x285.png 300w, https:\/\/www.plastcenternordic.fi\/wp-content\/uploads\/2025\/02\/Nayttokuva-2025-02-12-kello-12.23.38-768x730.png 768w\" sizes=\"auto, (max-width: 886px) 100vw, 886px\" \/><\/figure>\n\n\n\n<figure class=\"wp-block-image size-large\"><img loading=\"lazy\" decoding=\"async\" width=\"902\" height=\"860\" data-id=\"277\" src=\"https:\/\/www.plastcenternordic.fi\/wp-content\/uploads\/2025\/02\/Nayttokuva-2025-02-12-kello-12.23.31.png\" alt=\"\" class=\"wp-image-277\" srcset=\"https:\/\/www.plastcenternordic.fi\/wp-content\/uploads\/2025\/02\/Nayttokuva-2025-02-12-kello-12.23.31.png 902w, https:\/\/www.plastcenternordic.fi\/wp-content\/uploads\/2025\/02\/Nayttokuva-2025-02-12-kello-12.23.31-300x286.png 300w, https:\/\/www.plastcenternordic.fi\/wp-content\/uploads\/2025\/02\/Nayttokuva-2025-02-12-kello-12.23.31-768x732.png 768w\" sizes=\"auto, (max-width: 902px) 100vw, 902px\" \/><\/figure>\n\n\n\n<figure class=\"wp-block-image size-large\"><img loading=\"lazy\" decoding=\"async\" width=\"900\" height=\"850\" data-id=\"278\" src=\"https:\/\/www.plastcenternordic.fi\/wp-content\/uploads\/2025\/02\/Nayttokuva-2025-02-12-kello-12.23.23.png\" alt=\"\" class=\"wp-image-278\" srcset=\"https:\/\/www.plastcenternordic.fi\/wp-content\/uploads\/2025\/02\/Nayttokuva-2025-02-12-kello-12.23.23.png 900w, https:\/\/www.plastcenternordic.fi\/wp-content\/uploads\/2025\/02\/Nayttokuva-2025-02-12-kello-12.23.23-300x283.png 300w, https:\/\/www.plastcenternordic.fi\/wp-content\/uploads\/2025\/02\/Nayttokuva-2025-02-12-kello-12.23.23-768x725.png 768w\" sizes=\"auto, (max-width: 900px) 100vw, 900px\" \/><\/figure>\n<\/figure>\n\n\n\n<div style=\"height:100px\" aria-hidden=\"true\" class=\"wp-block-spacer\"><\/div>\n","protected":false},"excerpt":{"rendered":"<p>Selke\u00e4t piirrokset ennen tuotantoa Tarjoamme kattavat suunnittelupalvelut, jotka varmistavat, ett\u00e4 mainosratkaisusi ovat sek\u00e4 toimivia ett\u00e4 visuaalisesti n\u00e4ytt\u00e4vi\u00e4. Suunnittelemme kaiken pienist\u00e4 teippauksista suuriin mainospintoihin ja rakenteisiin huolellisesti ja ammattitaidolla. Erityisesti telineiden ja laajempien kokonaisuuksien osalta teemme aina selke\u00e4n piirroksen ennen tuotantoa, jotta lopputulos vastaa tarkasti toiveitasi ja teknisi\u00e4 vaatimuksia. N\u00e4in voit n\u00e4hd\u00e4 suunnitelman etuk\u00e4teen ja varmistaa,&hellip;&nbsp;<a href=\"https:\/\/www.plastcenternordic.fi\/?page_id=105\" rel=\"bookmark\">Read More &raquo;<span class=\"screen-reader-text\">Suunnittelupalvelu<\/span><\/a><\/p>\n","protected":false},"author":1,"featured_media":0,"parent":0,"menu_order":0,"comment_status":"closed","ping_status":"closed","template":"","meta":{"neve_meta_sidebar":"","neve_meta_container":"","neve_meta_enable_content_width":"","neve_meta_content_width":0,"neve_meta_title_alignment":"","neve_meta_author_avatar":"","neve_post_elements_order":"","neve_meta_disable_header":"","neve_meta_disable_footer":"","neve_meta_disable_title":"","neve_meta_reading_time":"","footnotes":""},"class_list":["post-105","page","type-page","status-publish","hentry"],"yoast_head":"<!-- This site is optimized with the Yoast SEO plugin v27.4 - https:\/\/yoast.com\/product\/yoast-seo-wordpress\/ -->\n<title>Suunnittelupalvelu - Plastcenter Nordic Oy<\/title>\n<meta name=\"robots\" content=\"index, follow, max-snippet:-1, max-image-preview:large, max-video-preview:-1\" \/>\n<link rel=\"canonical\" href=\"https:\/\/www.plastcenternordic.fi\/?page_id=105\" \/>\n<meta property=\"og:locale\" content=\"fi_FI\" \/>\n<meta property=\"og:type\" content=\"article\" \/>\n<meta property=\"og:title\" content=\"Suunnittelupalvelu - Plastcenter Nordic Oy\" \/>\n<meta property=\"og:description\" content=\"Selke\u00e4t piirrokset ennen tuotantoa Tarjoamme kattavat suunnittelupalvelut, jotka varmistavat, ett\u00e4 mainosratkaisusi ovat sek\u00e4 toimivia ett\u00e4 visuaalisesti n\u00e4ytt\u00e4vi\u00e4. Suunnittelemme kaiken pienist\u00e4 teippauksista suuriin mainospintoihin ja rakenteisiin huolellisesti ja ammattitaidolla. Erityisesti telineiden ja laajempien kokonaisuuksien osalta teemme aina selke\u00e4n piirroksen ennen tuotantoa, jotta lopputulos vastaa tarkasti toiveitasi ja teknisi\u00e4 vaatimuksia. N\u00e4in voit n\u00e4hd\u00e4 suunnitelman etuk\u00e4teen ja varmistaa,&hellip;&nbsp;Read More &raquo;Suunnittelupalvelu\" \/>\n<meta property=\"og:url\" content=\"https:\/\/www.plastcenternordic.fi\/?page_id=105\" \/>\n<meta property=\"og:site_name\" content=\"Plastcenter Nordic Oy\" \/>\n<meta property=\"article:modified_time\" content=\"2025-03-31T14:12:10+00:00\" \/>\n<meta property=\"og:image\" content=\"https:\/\/www.plastcenternordic.fi\/wp-content\/uploads\/2025\/02\/Suunnittelupalvelu.jpg\" \/>\n\t<meta property=\"og:image:width\" content=\"918\" \/>\n\t<meta property=\"og:image:height\" content=\"1012\" \/>\n\t<meta property=\"og:image:type\" content=\"image\/jpeg\" \/>\n<meta name=\"twitter:card\" content=\"summary_large_image\" \/>\n<script type=\"application\/ld+json\" class=\"yoast-schema-graph\">{\"@context\":\"https:\\\/\\\/schema.org\",\"@graph\":[{\"@type\":\"WebPage\",\"@id\":\"https:\\\/\\\/www.plastcenternordic.fi\\\/?page_id=105\",\"url\":\"https:\\\/\\\/www.plastcenternordic.fi\\\/?page_id=105\",\"name\":\"Suunnittelupalvelu - Plastcenter Nordic Oy\",\"isPartOf\":{\"@id\":\"https:\\\/\\\/www.plastcenternordic.fi\\\/#website\"},\"primaryImageOfPage\":{\"@id\":\"https:\\\/\\\/www.plastcenternordic.fi\\\/?page_id=105#primaryimage\"},\"image\":{\"@id\":\"https:\\\/\\\/www.plastcenternordic.fi\\\/?page_id=105#primaryimage\"},\"thumbnailUrl\":\"https:\\\/\\\/www.plastcenternordic.fi\\\/wp-content\\\/uploads\\\/2025\\\/02\\\/Suunnittelupalvelu.jpg\",\"datePublished\":\"2025-02-10T18:35:09+00:00\",\"dateModified\":\"2025-03-31T14:12:10+00:00\",\"breadcrumb\":{\"@id\":\"https:\\\/\\\/www.plastcenternordic.fi\\\/?page_id=105#breadcrumb\"},\"inLanguage\":\"fi\",\"potentialAction\":[{\"@type\":\"ReadAction\",\"target\":[\"https:\\\/\\\/www.plastcenternordic.fi\\\/?page_id=105\"]}]},{\"@type\":\"ImageObject\",\"inLanguage\":\"fi\",\"@id\":\"https:\\\/\\\/www.plastcenternordic.fi\\\/?page_id=105#primaryimage\",\"url\":\"https:\\\/\\\/www.plastcenternordic.fi\\\/wp-content\\\/uploads\\\/2025\\\/02\\\/Suunnittelupalvelu.jpg\",\"contentUrl\":\"https:\\\/\\\/www.plastcenternordic.fi\\\/wp-content\\\/uploads\\\/2025\\\/02\\\/Suunnittelupalvelu.jpg\",\"width\":918,\"height\":1012,\"caption\":\"Screenshot\"},{\"@type\":\"BreadcrumbList\",\"@id\":\"https:\\\/\\\/www.plastcenternordic.fi\\\/?page_id=105#breadcrumb\",\"itemListElement\":[{\"@type\":\"ListItem\",\"position\":1,\"name\":\"Etusivu\",\"item\":\"https:\\\/\\\/www.plastcenternordic.fi\\\/\"},{\"@type\":\"ListItem\",\"position\":2,\"name\":\"Suunnittelupalvelu\"}]},{\"@type\":\"WebSite\",\"@id\":\"https:\\\/\\\/www.plastcenternordic.fi\\\/#website\",\"url\":\"https:\\\/\\\/www.plastcenternordic.fi\\\/\",\"name\":\"Plastcenter Nordic Oy\",\"description\":\"\",\"publisher\":{\"@id\":\"https:\\\/\\\/www.plastcenternordic.fi\\\/#organization\"},\"potentialAction\":[{\"@type\":\"SearchAction\",\"target\":{\"@type\":\"EntryPoint\",\"urlTemplate\":\"https:\\\/\\\/www.plastcenternordic.fi\\\/?s={search_term_string}\"},\"query-input\":{\"@type\":\"PropertyValueSpecification\",\"valueRequired\":true,\"valueName\":\"search_term_string\"}}],\"inLanguage\":\"fi\"},{\"@type\":\"Organization\",\"@id\":\"https:\\\/\\\/www.plastcenternordic.fi\\\/#organization\",\"name\":\"Plastcenter Nordic Oy\",\"url\":\"https:\\\/\\\/www.plastcenternordic.fi\\\/\",\"logo\":{\"@type\":\"ImageObject\",\"inLanguage\":\"fi\",\"@id\":\"https:\\\/\\\/www.plastcenternordic.fi\\\/#\\\/schema\\\/logo\\\/image\\\/\",\"url\":\"https:\\\/\\\/www.plastcenternordic.fi\\\/wp-content\\\/uploads\\\/2025\\\/02\\\/Plastcenter_logo.png\",\"contentUrl\":\"https:\\\/\\\/www.plastcenternordic.fi\\\/wp-content\\\/uploads\\\/2025\\\/02\\\/Plastcenter_logo.png\",\"width\":357,\"height\":48,\"caption\":\"Plastcenter Nordic Oy\"},\"image\":{\"@id\":\"https:\\\/\\\/www.plastcenternordic.fi\\\/#\\\/schema\\\/logo\\\/image\\\/\"}}]}<\/script>\n<!-- \/ Yoast SEO plugin. -->","yoast_head_json":{"title":"Suunnittelupalvelu - Plastcenter Nordic Oy","robots":{"index":"index","follow":"follow","max-snippet":"max-snippet:-1","max-image-preview":"max-image-preview:large","max-video-preview":"max-video-preview:-1"},"canonical":"https:\/\/www.plastcenternordic.fi\/?page_id=105","og_locale":"fi_FI","og_type":"article","og_title":"Suunnittelupalvelu - Plastcenter Nordic Oy","og_description":"Selke\u00e4t piirrokset ennen tuotantoa Tarjoamme kattavat suunnittelupalvelut, jotka varmistavat, ett\u00e4 mainosratkaisusi ovat sek\u00e4 toimivia ett\u00e4 visuaalisesti n\u00e4ytt\u00e4vi\u00e4. Suunnittelemme kaiken pienist\u00e4 teippauksista suuriin mainospintoihin ja rakenteisiin huolellisesti ja ammattitaidolla. Erityisesti telineiden ja laajempien kokonaisuuksien osalta teemme aina selke\u00e4n piirroksen ennen tuotantoa, jotta lopputulos vastaa tarkasti toiveitasi ja teknisi\u00e4 vaatimuksia. N\u00e4in voit n\u00e4hd\u00e4 suunnitelman etuk\u00e4teen ja varmistaa,&hellip;&nbsp;Read More &raquo;Suunnittelupalvelu","og_url":"https:\/\/www.plastcenternordic.fi\/?page_id=105","og_site_name":"Plastcenter Nordic Oy","article_modified_time":"2025-03-31T14:12:10+00:00","og_image":[{"width":918,"height":1012,"url":"https:\/\/www.plastcenternordic.fi\/wp-content\/uploads\/2025\/02\/Suunnittelupalvelu.jpg","type":"image\/jpeg"}],"twitter_card":"summary_large_image","schema":{"@context":"https:\/\/schema.org","@graph":[{"@type":"WebPage","@id":"https:\/\/www.plastcenternordic.fi\/?page_id=105","url":"https:\/\/www.plastcenternordic.fi\/?page_id=105","name":"Suunnittelupalvelu - Plastcenter Nordic Oy","isPartOf":{"@id":"https:\/\/www.plastcenternordic.fi\/#website"},"primaryImageOfPage":{"@id":"https:\/\/www.plastcenternordic.fi\/?page_id=105#primaryimage"},"image":{"@id":"https:\/\/www.plastcenternordic.fi\/?page_id=105#primaryimage"},"thumbnailUrl":"https:\/\/www.plastcenternordic.fi\/wp-content\/uploads\/2025\/02\/Suunnittelupalvelu.jpg","datePublished":"2025-02-10T18:35:09+00:00","dateModified":"2025-03-31T14:12:10+00:00","breadcrumb":{"@id":"https:\/\/www.plastcenternordic.fi\/?page_id=105#breadcrumb"},"inLanguage":"fi","potentialAction":[{"@type":"ReadAction","target":["https:\/\/www.plastcenternordic.fi\/?page_id=105"]}]},{"@type":"ImageObject","inLanguage":"fi","@id":"https:\/\/www.plastcenternordic.fi\/?page_id=105#primaryimage","url":"https:\/\/www.plastcenternordic.fi\/wp-content\/uploads\/2025\/02\/Suunnittelupalvelu.jpg","contentUrl":"https:\/\/www.plastcenternordic.fi\/wp-content\/uploads\/2025\/02\/Suunnittelupalvelu.jpg","width":918,"height":1012,"caption":"Screenshot"},{"@type":"BreadcrumbList","@id":"https:\/\/www.plastcenternordic.fi\/?page_id=105#breadcrumb","itemListElement":[{"@type":"ListItem","position":1,"name":"Etusivu","item":"https:\/\/www.plastcenternordic.fi\/"},{"@type":"ListItem","position":2,"name":"Suunnittelupalvelu"}]},{"@type":"WebSite","@id":"https:\/\/www.plastcenternordic.fi\/#website","url":"https:\/\/www.plastcenternordic.fi\/","name":"Plastcenter Nordic Oy","description":"","publisher":{"@id":"https:\/\/www.plastcenternordic.fi\/#organization"},"potentialAction":[{"@type":"SearchAction","target":{"@type":"EntryPoint","urlTemplate":"https:\/\/www.plastcenternordic.fi\/?s={search_term_string}"},"query-input":{"@type":"PropertyValueSpecification","valueRequired":true,"valueName":"search_term_string"}}],"inLanguage":"fi"},{"@type":"Organization","@id":"https:\/\/www.plastcenternordic.fi\/#organization","name":"Plastcenter Nordic Oy","url":"https:\/\/www.plastcenternordic.fi\/","logo":{"@type":"ImageObject","inLanguage":"fi","@id":"https:\/\/www.plastcenternordic.fi\/#\/schema\/logo\/image\/","url":"https:\/\/www.plastcenternordic.fi\/wp-content\/uploads\/2025\/02\/Plastcenter_logo.png","contentUrl":"https:\/\/www.plastcenternordic.fi\/wp-content\/uploads\/2025\/02\/Plastcenter_logo.png","width":357,"height":48,"caption":"Plastcenter Nordic Oy"},"image":{"@id":"https:\/\/www.plastcenternordic.fi\/#\/schema\/logo\/image\/"}}]}},"_links":{"self":[{"href":"https:\/\/www.plastcenternordic.fi\/index.php?rest_route=\/wp\/v2\/pages\/105","targetHints":{"allow":["GET"]}}],"collection":[{"href":"https:\/\/www.plastcenternordic.fi\/index.php?rest_route=\/wp\/v2\/pages"}],"about":[{"href":"https:\/\/www.plastcenternordic.fi\/index.php?rest_route=\/wp\/v2\/types\/page"}],"author":[{"embeddable":true,"href":"https:\/\/www.plastcenternordic.fi\/index.php?rest_route=\/wp\/v2\/users\/1"}],"replies":[{"embeddable":true,"href":"https:\/\/www.plastcenternordic.fi\/index.php?rest_route=%2Fwp%2Fv2%2Fcomments&post=105"}],"version-history":[{"count":9,"href":"https:\/\/www.plastcenternordic.fi\/index.php?rest_route=\/wp\/v2\/pages\/105\/revisions"}],"predecessor-version":[{"id":511,"href":"https:\/\/www.plastcenternordic.fi\/index.php?rest_route=\/wp\/v2\/pages\/105\/revisions\/511"}],"wp:attachment":[{"href":"https:\/\/www.plastcenternordic.fi\/index.php?rest_route=%2Fwp%2Fv2%2Fmedia&parent=105"}],"curies":[{"name":"wp","href":"https:\/\/api.w.org\/{rel}","templated":true}]}}