{"id":109,"date":"2025-02-10T18:36:55","date_gmt":"2025-02-10T18:36:55","guid":{"rendered":"https:\/\/www.plastcenternordic.fi\/?page_id=109"},"modified":"2025-03-31T14:11:29","modified_gmt":"2025-03-31T14:11:29","slug":"pakkaukset","status":"publish","type":"page","link":"https:\/\/www.plastcenternordic.fi\/?page_id=109","title":{"rendered":"Pakkaukset"},"content":{"rendered":"\n<div style=\"height:100px\" aria-hidden=\"true\" class=\"wp-block-spacer\"><\/div>\n\n\n\n<div class=\"wp-block-columns is-layout-flex wp-container-core-columns-is-layout-9d6595d7 wp-block-columns-is-layout-flex\">\n<div class=\"wp-block-column is-layout-flow wp-block-column-is-layout-flow\">\n<figure class=\"wp-block-image size-full\"><img loading=\"lazy\" decoding=\"async\" width=\"918\" height=\"1012\" src=\"https:\/\/www.plastcenternordic.fi\/wp-content\/uploads\/2025\/02\/Pakkaukset-3.jpg\" alt=\"\" class=\"wp-image-206\" srcset=\"https:\/\/www.plastcenternordic.fi\/wp-content\/uploads\/2025\/02\/Pakkaukset-3.jpg 918w, https:\/\/www.plastcenternordic.fi\/wp-content\/uploads\/2025\/02\/Pakkaukset-3-272x300.jpg 272w, https:\/\/www.plastcenternordic.fi\/wp-content\/uploads\/2025\/02\/Pakkaukset-3-768x847.jpg 768w\" sizes=\"auto, (max-width: 918px) 100vw, 918px\" \/><\/figure>\n<\/div>\n\n\n\n<div class=\"wp-block-column is-vertically-aligned-center is-layout-flow wp-block-column-is-layout-flow\">\n<h2 class=\"wp-block-heading\">Tuotepakkaukset, pakkaussuunnittelu ja tuotanto<\/h2>\n\n\n\n<p>Tuotepakkaus on t\u00e4rkein ensivaikutelma tuotteestasi. Pakkauksen huoliteltu ulkoasu sek\u00e4 laadukkaat materiaalit ja rakennesuunnittelu lis\u00e4\u00e4v\u00e4t tutkitusti myynti\u00e4. Myyntipakkauksen luoma ensivaikutelma antaa mielikuvan tuotteen laadusta ja br\u00e4ndist\u00e4, mik\u00e4 vaikuttaa positiivisesti my\u00f6s ostop\u00e4\u00e4t\u00f6kseen. Autamme sinua pakkauksen rakenteen ja haastavampienkin muotoiltujen sis\u00e4osien suunnittelussa. Saat kauttamme itse pakkauksen lis\u00e4ksi my\u00f6s sen sis\u00e4lle mahdollisesti tulevat sis\u00e4osat, esitteet ja tarrat<\/p>\n\n\n\n<div class=\"wp-block-buttons is-layout-flex wp-block-buttons-is-layout-flex\">\n<div class=\"wp-block-button is-style-primary\"><a class=\"wp-block-button__link wp-element-button\" href=\"https:\/\/www.plastcenternordic.fi\/?page_id=24\">Ota yhteytt\u00e4!<\/a><\/div>\n<\/div>\n<\/div>\n<\/div>\n\n\n\n<div style=\"height:100px\" aria-hidden=\"true\" class=\"wp-block-spacer\"><\/div>\n\n\n\n<figure class=\"wp-block-gallery has-nested-images columns-default is-cropped wp-block-gallery-1 is-layout-flex wp-block-gallery-is-layout-flex\">\n<figure class=\"wp-block-image size-large\"><img loading=\"lazy\" decoding=\"async\" width=\"904\" height=\"842\" data-id=\"200\" src=\"https:\/\/www.plastcenternordic.fi\/wp-content\/uploads\/2025\/02\/Nayttokuva-2025-02-12-kello-10.48.41.png\" alt=\"\" class=\"wp-image-200\" srcset=\"https:\/\/www.plastcenternordic.fi\/wp-content\/uploads\/2025\/02\/Nayttokuva-2025-02-12-kello-10.48.41.png 904w, https:\/\/www.plastcenternordic.fi\/wp-content\/uploads\/2025\/02\/Nayttokuva-2025-02-12-kello-10.48.41-300x279.png 300w, https:\/\/www.plastcenternordic.fi\/wp-content\/uploads\/2025\/02\/Nayttokuva-2025-02-12-kello-10.48.41-768x715.png 768w\" sizes=\"auto, (max-width: 904px) 100vw, 904px\" \/><\/figure>\n\n\n\n<figure class=\"wp-block-image size-large\"><img loading=\"lazy\" decoding=\"async\" width=\"908\" height=\"852\" data-id=\"202\" src=\"https:\/\/www.plastcenternordic.fi\/wp-content\/uploads\/2025\/02\/Nayttokuva-2025-02-12-kello-10.48.32.png\" alt=\"\" class=\"wp-image-202\" srcset=\"https:\/\/www.plastcenternordic.fi\/wp-content\/uploads\/2025\/02\/Nayttokuva-2025-02-12-kello-10.48.32.png 908w, https:\/\/www.plastcenternordic.fi\/wp-content\/uploads\/2025\/02\/Nayttokuva-2025-02-12-kello-10.48.32-300x281.png 300w, https:\/\/www.plastcenternordic.fi\/wp-content\/uploads\/2025\/02\/Nayttokuva-2025-02-12-kello-10.48.32-768x721.png 768w\" sizes=\"auto, (max-width: 908px) 100vw, 908px\" \/><\/figure>\n\n\n\n<figure class=\"wp-block-image size-large\"><img loading=\"lazy\" decoding=\"async\" width=\"416\" height=\"642\" data-id=\"201\" src=\"https:\/\/www.plastcenternordic.fi\/wp-content\/uploads\/2025\/02\/Nayttokuva-2025-02-12-kello-10.48.21.png\" alt=\"\" class=\"wp-image-201\" srcset=\"https:\/\/www.plastcenternordic.fi\/wp-content\/uploads\/2025\/02\/Nayttokuva-2025-02-12-kello-10.48.21.png 416w, https:\/\/www.plastcenternordic.fi\/wp-content\/uploads\/2025\/02\/Nayttokuva-2025-02-12-kello-10.48.21-194x300.png 194w\" sizes=\"auto, (max-width: 416px) 100vw, 416px\" \/><\/figure>\n\n\n\n<figure class=\"wp-block-image size-large\"><img loading=\"lazy\" decoding=\"async\" width=\"422\" height=\"742\" data-id=\"205\" src=\"https:\/\/www.plastcenternordic.fi\/wp-content\/uploads\/2025\/02\/Nayttokuva-2025-02-12-kello-10.48.13.png\" alt=\"\" class=\"wp-image-205\" srcset=\"https:\/\/www.plastcenternordic.fi\/wp-content\/uploads\/2025\/02\/Nayttokuva-2025-02-12-kello-10.48.13.png 422w, https:\/\/www.plastcenternordic.fi\/wp-content\/uploads\/2025\/02\/Nayttokuva-2025-02-12-kello-10.48.13-171x300.png 171w\" sizes=\"auto, (max-width: 422px) 100vw, 422px\" \/><\/figure>\n\n\n\n<figure class=\"wp-block-image size-large\"><img loading=\"lazy\" decoding=\"async\" width=\"440\" height=\"712\" data-id=\"204\" src=\"https:\/\/www.plastcenternordic.fi\/wp-content\/uploads\/2025\/02\/Nayttokuva-2025-02-12-kello-10.48.06-1.png\" alt=\"\" class=\"wp-image-204\" srcset=\"https:\/\/www.plastcenternordic.fi\/wp-content\/uploads\/2025\/02\/Nayttokuva-2025-02-12-kello-10.48.06-1.png 440w, https:\/\/www.plastcenternordic.fi\/wp-content\/uploads\/2025\/02\/Nayttokuva-2025-02-12-kello-10.48.06-1-185x300.png 185w\" sizes=\"auto, (max-width: 440px) 100vw, 440px\" \/><\/figure>\n\n\n\n<figure class=\"wp-block-image size-large\"><img loading=\"lazy\" decoding=\"async\" width=\"436\" height=\"598\" data-id=\"203\" src=\"https:\/\/www.plastcenternordic.fi\/wp-content\/uploads\/2025\/02\/Nayttokuva-2025-02-12-kello-10.47.57-1.png\" alt=\"\" class=\"wp-image-203\" srcset=\"https:\/\/www.plastcenternordic.fi\/wp-content\/uploads\/2025\/02\/Nayttokuva-2025-02-12-kello-10.47.57-1.png 436w, https:\/\/www.plastcenternordic.fi\/wp-content\/uploads\/2025\/02\/Nayttokuva-2025-02-12-kello-10.47.57-1-219x300.png 219w\" sizes=\"auto, (max-width: 436px) 100vw, 436px\" \/><\/figure>\n<\/figure>\n\n\n\n<div style=\"height:100px\" aria-hidden=\"true\" class=\"wp-block-spacer\"><\/div>\n","protected":false},"excerpt":{"rendered":"<p>Tuotepakkaukset, pakkaussuunnittelu ja tuotanto Tuotepakkaus on t\u00e4rkein ensivaikutelma tuotteestasi. Pakkauksen huoliteltu ulkoasu sek\u00e4 laadukkaat materiaalit ja rakennesuunnittelu lis\u00e4\u00e4v\u00e4t tutkitusti myynti\u00e4. Myyntipakkauksen luoma ensivaikutelma antaa mielikuvan tuotteen laadusta ja br\u00e4ndist\u00e4, mik\u00e4 vaikuttaa positiivisesti my\u00f6s ostop\u00e4\u00e4t\u00f6kseen. Autamme sinua pakkauksen rakenteen ja haastavampienkin muotoiltujen sis\u00e4osien suunnittelussa. Saat kauttamme itse pakkauksen lis\u00e4ksi my\u00f6s sen sis\u00e4lle mahdollisesti tulevat sis\u00e4osat, esitteet&hellip;&nbsp;<a href=\"https:\/\/www.plastcenternordic.fi\/?page_id=109\" rel=\"bookmark\">Read More &raquo;<span class=\"screen-reader-text\">Pakkaukset<\/span><\/a><\/p>\n","protected":false},"author":1,"featured_media":0,"parent":0,"menu_order":0,"comment_status":"closed","ping_status":"closed","template":"","meta":{"neve_meta_sidebar":"","neve_meta_container":"","neve_meta_enable_content_width":"","neve_meta_content_width":0,"neve_meta_title_alignment":"","neve_meta_author_avatar":"","neve_post_elements_order":"","neve_meta_disable_header":"","neve_meta_disable_footer":"","neve_meta_disable_title":"","neve_meta_reading_time":"","footnotes":""},"class_list":["post-109","page","type-page","status-publish","hentry"],"yoast_head":"<!-- This site is optimized with the Yoast SEO plugin v27.4 - https:\/\/yoast.com\/product\/yoast-seo-wordpress\/ -->\n<title>Pakkaukset - Plastcenter Nordic Oy<\/title>\n<meta name=\"robots\" content=\"index, follow, max-snippet:-1, max-image-preview:large, max-video-preview:-1\" \/>\n<link rel=\"canonical\" href=\"https:\/\/www.plastcenternordic.fi\/?page_id=109\" \/>\n<meta property=\"og:locale\" content=\"fi_FI\" \/>\n<meta property=\"og:type\" content=\"article\" \/>\n<meta property=\"og:title\" content=\"Pakkaukset - Plastcenter Nordic Oy\" \/>\n<meta property=\"og:description\" content=\"Tuotepakkaukset, pakkaussuunnittelu ja tuotanto Tuotepakkaus on t\u00e4rkein ensivaikutelma tuotteestasi. Pakkauksen huoliteltu ulkoasu sek\u00e4 laadukkaat materiaalit ja rakennesuunnittelu lis\u00e4\u00e4v\u00e4t tutkitusti myynti\u00e4. Myyntipakkauksen luoma ensivaikutelma antaa mielikuvan tuotteen laadusta ja br\u00e4ndist\u00e4, mik\u00e4 vaikuttaa positiivisesti my\u00f6s ostop\u00e4\u00e4t\u00f6kseen. Autamme sinua pakkauksen rakenteen ja haastavampienkin muotoiltujen sis\u00e4osien suunnittelussa. Saat kauttamme itse pakkauksen lis\u00e4ksi my\u00f6s sen sis\u00e4lle mahdollisesti tulevat sis\u00e4osat, esitteet&hellip;&nbsp;Read More &raquo;Pakkaukset\" \/>\n<meta property=\"og:url\" content=\"https:\/\/www.plastcenternordic.fi\/?page_id=109\" \/>\n<meta property=\"og:site_name\" content=\"Plastcenter Nordic Oy\" \/>\n<meta property=\"article:modified_time\" content=\"2025-03-31T14:11:29+00:00\" \/>\n<meta property=\"og:image\" content=\"https:\/\/www.plastcenternordic.fi\/wp-content\/uploads\/2025\/02\/Pakkaukset-3.jpg\" \/>\n\t<meta property=\"og:image:width\" content=\"918\" \/>\n\t<meta property=\"og:image:height\" content=\"1012\" \/>\n\t<meta property=\"og:image:type\" content=\"image\/jpeg\" \/>\n<meta name=\"twitter:card\" content=\"summary_large_image\" \/>\n<script type=\"application\/ld+json\" class=\"yoast-schema-graph\">{\"@context\":\"https:\\\/\\\/schema.org\",\"@graph\":[{\"@type\":\"WebPage\",\"@id\":\"https:\\\/\\\/www.plastcenternordic.fi\\\/?page_id=109\",\"url\":\"https:\\\/\\\/www.plastcenternordic.fi\\\/?page_id=109\",\"name\":\"Pakkaukset - Plastcenter Nordic Oy\",\"isPartOf\":{\"@id\":\"https:\\\/\\\/www.plastcenternordic.fi\\\/#website\"},\"primaryImageOfPage\":{\"@id\":\"https:\\\/\\\/www.plastcenternordic.fi\\\/?page_id=109#primaryimage\"},\"image\":{\"@id\":\"https:\\\/\\\/www.plastcenternordic.fi\\\/?page_id=109#primaryimage\"},\"thumbnailUrl\":\"https:\\\/\\\/www.plastcenternordic.fi\\\/wp-content\\\/uploads\\\/2025\\\/02\\\/Pakkaukset-3.jpg\",\"datePublished\":\"2025-02-10T18:36:55+00:00\",\"dateModified\":\"2025-03-31T14:11:29+00:00\",\"breadcrumb\":{\"@id\":\"https:\\\/\\\/www.plastcenternordic.fi\\\/?page_id=109#breadcrumb\"},\"inLanguage\":\"fi\",\"potentialAction\":[{\"@type\":\"ReadAction\",\"target\":[\"https:\\\/\\\/www.plastcenternordic.fi\\\/?page_id=109\"]}]},{\"@type\":\"ImageObject\",\"inLanguage\":\"fi\",\"@id\":\"https:\\\/\\\/www.plastcenternordic.fi\\\/?page_id=109#primaryimage\",\"url\":\"https:\\\/\\\/www.plastcenternordic.fi\\\/wp-content\\\/uploads\\\/2025\\\/02\\\/Pakkaukset-3.jpg\",\"contentUrl\":\"https:\\\/\\\/www.plastcenternordic.fi\\\/wp-content\\\/uploads\\\/2025\\\/02\\\/Pakkaukset-3.jpg\",\"width\":918,\"height\":1012,\"caption\":\"Screenshot\"},{\"@type\":\"BreadcrumbList\",\"@id\":\"https:\\\/\\\/www.plastcenternordic.fi\\\/?page_id=109#breadcrumb\",\"itemListElement\":[{\"@type\":\"ListItem\",\"position\":1,\"name\":\"Etusivu\",\"item\":\"https:\\\/\\\/www.plastcenternordic.fi\\\/\"},{\"@type\":\"ListItem\",\"position\":2,\"name\":\"Pakkaukset\"}]},{\"@type\":\"WebSite\",\"@id\":\"https:\\\/\\\/www.plastcenternordic.fi\\\/#website\",\"url\":\"https:\\\/\\\/www.plastcenternordic.fi\\\/\",\"name\":\"Plastcenter Nordic Oy\",\"description\":\"\",\"publisher\":{\"@id\":\"https:\\\/\\\/www.plastcenternordic.fi\\\/#organization\"},\"potentialAction\":[{\"@type\":\"SearchAction\",\"target\":{\"@type\":\"EntryPoint\",\"urlTemplate\":\"https:\\\/\\\/www.plastcenternordic.fi\\\/?s={search_term_string}\"},\"query-input\":{\"@type\":\"PropertyValueSpecification\",\"valueRequired\":true,\"valueName\":\"search_term_string\"}}],\"inLanguage\":\"fi\"},{\"@type\":\"Organization\",\"@id\":\"https:\\\/\\\/www.plastcenternordic.fi\\\/#organization\",\"name\":\"Plastcenter Nordic Oy\",\"url\":\"https:\\\/\\\/www.plastcenternordic.fi\\\/\",\"logo\":{\"@type\":\"ImageObject\",\"inLanguage\":\"fi\",\"@id\":\"https:\\\/\\\/www.plastcenternordic.fi\\\/#\\\/schema\\\/logo\\\/image\\\/\",\"url\":\"https:\\\/\\\/www.plastcenternordic.fi\\\/wp-content\\\/uploads\\\/2025\\\/02\\\/Plastcenter_logo.png\",\"contentUrl\":\"https:\\\/\\\/www.plastcenternordic.fi\\\/wp-content\\\/uploads\\\/2025\\\/02\\\/Plastcenter_logo.png\",\"width\":357,\"height\":48,\"caption\":\"Plastcenter Nordic Oy\"},\"image\":{\"@id\":\"https:\\\/\\\/www.plastcenternordic.fi\\\/#\\\/schema\\\/logo\\\/image\\\/\"}}]}<\/script>\n<!-- \/ Yoast SEO plugin. -->","yoast_head_json":{"title":"Pakkaukset - Plastcenter Nordic Oy","robots":{"index":"index","follow":"follow","max-snippet":"max-snippet:-1","max-image-preview":"max-image-preview:large","max-video-preview":"max-video-preview:-1"},"canonical":"https:\/\/www.plastcenternordic.fi\/?page_id=109","og_locale":"fi_FI","og_type":"article","og_title":"Pakkaukset - Plastcenter Nordic Oy","og_description":"Tuotepakkaukset, pakkaussuunnittelu ja tuotanto Tuotepakkaus on t\u00e4rkein ensivaikutelma tuotteestasi. Pakkauksen huoliteltu ulkoasu sek\u00e4 laadukkaat materiaalit ja rakennesuunnittelu lis\u00e4\u00e4v\u00e4t tutkitusti myynti\u00e4. Myyntipakkauksen luoma ensivaikutelma antaa mielikuvan tuotteen laadusta ja br\u00e4ndist\u00e4, mik\u00e4 vaikuttaa positiivisesti my\u00f6s ostop\u00e4\u00e4t\u00f6kseen. Autamme sinua pakkauksen rakenteen ja haastavampienkin muotoiltujen sis\u00e4osien suunnittelussa. Saat kauttamme itse pakkauksen lis\u00e4ksi my\u00f6s sen sis\u00e4lle mahdollisesti tulevat sis\u00e4osat, esitteet&hellip;&nbsp;Read More &raquo;Pakkaukset","og_url":"https:\/\/www.plastcenternordic.fi\/?page_id=109","og_site_name":"Plastcenter Nordic Oy","article_modified_time":"2025-03-31T14:11:29+00:00","og_image":[{"width":918,"height":1012,"url":"https:\/\/www.plastcenternordic.fi\/wp-content\/uploads\/2025\/02\/Pakkaukset-3.jpg","type":"image\/jpeg"}],"twitter_card":"summary_large_image","schema":{"@context":"https:\/\/schema.org","@graph":[{"@type":"WebPage","@id":"https:\/\/www.plastcenternordic.fi\/?page_id=109","url":"https:\/\/www.plastcenternordic.fi\/?page_id=109","name":"Pakkaukset - Plastcenter Nordic Oy","isPartOf":{"@id":"https:\/\/www.plastcenternordic.fi\/#website"},"primaryImageOfPage":{"@id":"https:\/\/www.plastcenternordic.fi\/?page_id=109#primaryimage"},"image":{"@id":"https:\/\/www.plastcenternordic.fi\/?page_id=109#primaryimage"},"thumbnailUrl":"https:\/\/www.plastcenternordic.fi\/wp-content\/uploads\/2025\/02\/Pakkaukset-3.jpg","datePublished":"2025-02-10T18:36:55+00:00","dateModified":"2025-03-31T14:11:29+00:00","breadcrumb":{"@id":"https:\/\/www.plastcenternordic.fi\/?page_id=109#breadcrumb"},"inLanguage":"fi","potentialAction":[{"@type":"ReadAction","target":["https:\/\/www.plastcenternordic.fi\/?page_id=109"]}]},{"@type":"ImageObject","inLanguage":"fi","@id":"https:\/\/www.plastcenternordic.fi\/?page_id=109#primaryimage","url":"https:\/\/www.plastcenternordic.fi\/wp-content\/uploads\/2025\/02\/Pakkaukset-3.jpg","contentUrl":"https:\/\/www.plastcenternordic.fi\/wp-content\/uploads\/2025\/02\/Pakkaukset-3.jpg","width":918,"height":1012,"caption":"Screenshot"},{"@type":"BreadcrumbList","@id":"https:\/\/www.plastcenternordic.fi\/?page_id=109#breadcrumb","itemListElement":[{"@type":"ListItem","position":1,"name":"Etusivu","item":"https:\/\/www.plastcenternordic.fi\/"},{"@type":"ListItem","position":2,"name":"Pakkaukset"}]},{"@type":"WebSite","@id":"https:\/\/www.plastcenternordic.fi\/#website","url":"https:\/\/www.plastcenternordic.fi\/","name":"Plastcenter Nordic Oy","description":"","publisher":{"@id":"https:\/\/www.plastcenternordic.fi\/#organization"},"potentialAction":[{"@type":"SearchAction","target":{"@type":"EntryPoint","urlTemplate":"https:\/\/www.plastcenternordic.fi\/?s={search_term_string}"},"query-input":{"@type":"PropertyValueSpecification","valueRequired":true,"valueName":"search_term_string"}}],"inLanguage":"fi"},{"@type":"Organization","@id":"https:\/\/www.plastcenternordic.fi\/#organization","name":"Plastcenter Nordic Oy","url":"https:\/\/www.plastcenternordic.fi\/","logo":{"@type":"ImageObject","inLanguage":"fi","@id":"https:\/\/www.plastcenternordic.fi\/#\/schema\/logo\/image\/","url":"https:\/\/www.plastcenternordic.fi\/wp-content\/uploads\/2025\/02\/Plastcenter_logo.png","contentUrl":"https:\/\/www.plastcenternordic.fi\/wp-content\/uploads\/2025\/02\/Plastcenter_logo.png","width":357,"height":48,"caption":"Plastcenter Nordic Oy"},"image":{"@id":"https:\/\/www.plastcenternordic.fi\/#\/schema\/logo\/image\/"}}]}},"_links":{"self":[{"href":"https:\/\/www.plastcenternordic.fi\/index.php?rest_route=\/wp\/v2\/pages\/109","targetHints":{"allow":["GET"]}}],"collection":[{"href":"https:\/\/www.plastcenternordic.fi\/index.php?rest_route=\/wp\/v2\/pages"}],"about":[{"href":"https:\/\/www.plastcenternordic.fi\/index.php?rest_route=\/wp\/v2\/types\/page"}],"author":[{"embeddable":true,"href":"https:\/\/www.plastcenternordic.fi\/index.php?rest_route=\/wp\/v2\/users\/1"}],"replies":[{"embeddable":true,"href":"https:\/\/www.plastcenternordic.fi\/index.php?rest_route=%2Fwp%2Fv2%2Fcomments&post=109"}],"version-history":[{"count":7,"href":"https:\/\/www.plastcenternordic.fi\/index.php?rest_route=\/wp\/v2\/pages\/109\/revisions"}],"predecessor-version":[{"id":508,"href":"https:\/\/www.plastcenternordic.fi\/index.php?rest_route=\/wp\/v2\/pages\/109\/revisions\/508"}],"wp:attachment":[{"href":"https:\/\/www.plastcenternordic.fi\/index.php?rest_route=%2Fwp%2Fv2%2Fmedia&parent=109"}],"curies":[{"name":"wp","href":"https:\/\/api.w.org\/{rel}","templated":true}]}}