{"id":13,"date":"2025-02-10T16:10:49","date_gmt":"2025-02-10T16:10:49","guid":{"rendered":"https:\/\/www.plastcenternordic.fi\/?page_id=13"},"modified":"2025-03-31T14:11:42","modified_gmt":"2025-03-31T14:11:42","slug":"palvelut","status":"publish","type":"page","link":"https:\/\/www.plastcenternordic.fi\/?page_id=13","title":{"rendered":"Palvelut"},"content":{"rendered":"\n<div class=\"wp-block-cover alignfull is-light\" style=\"min-height:498px;aspect-ratio:unset;\"><span aria-hidden=\"true\" class=\"wp-block-cover__background has-background-dim-0 has-background-dim\" style=\"background-color:#8d7f86\"><\/span><img loading=\"lazy\" decoding=\"async\" width=\"1920\" height=\"2560\" class=\"wp-block-cover__image-background wp-image-465\" alt=\"\" src=\"https:\/\/www.plastcenternordic.fi\/wp-content\/uploads\/2025\/02\/L300_new58-scaled.jpeg\" style=\"object-position:52% 34%\" data-object-fit=\"cover\" data-object-position=\"52% 34%\" srcset=\"https:\/\/www.plastcenternordic.fi\/wp-content\/uploads\/2025\/02\/L300_new58-scaled.jpeg 1920w, https:\/\/www.plastcenternordic.fi\/wp-content\/uploads\/2025\/02\/L300_new58-225x300.jpeg 225w, https:\/\/www.plastcenternordic.fi\/wp-content\/uploads\/2025\/02\/L300_new58-768x1024.jpeg 768w, https:\/\/www.plastcenternordic.fi\/wp-content\/uploads\/2025\/02\/L300_new58-1152x1536.jpeg 1152w, https:\/\/www.plastcenternordic.fi\/wp-content\/uploads\/2025\/02\/L300_new58-1536x2048.jpeg 1536w\" sizes=\"auto, (max-width: 1920px) 100vw, 1920px\" \/><div class=\"wp-block-cover__inner-container is-layout-flow wp-block-cover-is-layout-flow\">\n<p><\/p>\n\n\n\n<h1 class=\"wp-block-heading has-text-align-center has-white-color has-text-color\"><\/h1>\n\n\n\n<p class=\"has-text-align-center has-white-color has-text-color\" style=\"font-size:23px\"><\/p>\n\n\n\n<div style=\"height:40px\" aria-hidden=\"true\" class=\"wp-block-spacer\"><\/div>\n\n\n\n<div class=\"wp-block-group\"><div class=\"wp-block-group__inner-container is-layout-flow wp-block-group-is-layout-flow\">\n<div class=\"wp-block-buttons is-content-justification-center is-layout-flex wp-container-core-buttons-is-layout-16018d1d wp-block-buttons-is-layout-flex\"><\/div>\n<\/div><\/div>\n<\/div><\/div>\n\n\n\n<div style=\"height:100px\" aria-hidden=\"true\" class=\"wp-block-spacer\"><\/div>\n\n\n\n<div class=\"wp-block-columns is-layout-flex wp-container-core-columns-is-layout-9d6595d7 wp-block-columns-is-layout-flex\">\n<div class=\"wp-block-column is-layout-flow wp-block-column-is-layout-flow\">\n<figure class=\"wp-block-image size-full\"><img loading=\"lazy\" decoding=\"async\" width=\"918\" height=\"1012\" src=\"https:\/\/www.plastcenternordic.fi\/wp-content\/uploads\/2025\/02\/Jordan.jpg\" alt=\"\" class=\"wp-image-468\" srcset=\"https:\/\/www.plastcenternordic.fi\/wp-content\/uploads\/2025\/02\/Jordan.jpg 918w, https:\/\/www.plastcenternordic.fi\/wp-content\/uploads\/2025\/02\/Jordan-272x300.jpg 272w, https:\/\/www.plastcenternordic.fi\/wp-content\/uploads\/2025\/02\/Jordan-768x847.jpg 768w\" sizes=\"auto, (max-width: 918px) 100vw, 918px\" \/><\/figure>\n<\/div>\n\n\n\n<div class=\"wp-block-column is-vertically-aligned-center is-layout-flow wp-block-column-is-layout-flow\">\n<h2 class=\"wp-block-heading\">N\u00e4y, vaikuta ja myy tehokkailla esillepanoilla!<\/h2>\n\n\n\n<p>Plastcenter Nordic on kotimainen asiantuntija, joka on yli 30 vuoden ajan auttanut yrityksi\u00e4 erottumaan ja myym\u00e4\u00e4n paremmin. Suunnittelemme ja toteutamme myym\u00e4l\u00e4- ja POS-materiaaleja, jotka tekev\u00e4t br\u00e4ndist\u00e4si n\u00e4kyv\u00e4n ja vaikuttavan aina n\u00e4ytt\u00e4vist\u00e4 mainosmateriaaleista suuriin, myynti\u00e4 edist\u00e4viin esillepanoihin.<\/p>\n\n\n\n<p>Tunnemme alan haasteet ja mahdollisuudet, ja siksi tarjoamme laadukkaita, r\u00e4\u00e4t\u00e4l\u00f6ityj\u00e4 ratkaisuja, jotka puhuttelevat asiakkaitasi juuri oikealla tavalla. Kokemuksemme ja jatkuva kehitysty\u00f6mme takaavat, ett\u00e4 jokainen toteutus on paitsi tyylik\u00e4s, my\u00f6s tehokas. <\/p>\n\n\n\n<div class=\"wp-block-buttons is-layout-flex wp-block-buttons-is-layout-flex\">\n<div class=\"wp-block-button is-style-primary\"><a class=\"wp-block-button__link wp-element-button\" href=\"https:\/\/www.plastcenternordic.fi\/?page_id=24\">Ota yhteytt\u00e4!<\/a><\/div>\n<\/div>\n<\/div>\n<\/div>\n\n\n\n<div style=\"height:100px\" aria-hidden=\"true\" class=\"wp-block-spacer\"><\/div>\n\n\n\n<div class=\"wp-block-columns is-layout-flex wp-container-core-columns-is-layout-9d6595d7 wp-block-columns-is-layout-flex\">\n<div class=\"wp-block-column is-layout-flow wp-block-column-is-layout-flow\">\n<figure class=\"wp-block-image size-full\"><img loading=\"lazy\" decoding=\"async\" width=\"608\" height=\"728\" src=\"https:\/\/www.plastcenternordic.fi\/wp-content\/uploads\/2025\/02\/Aspa.jpg\" alt=\"\" class=\"wp-image-216\" srcset=\"https:\/\/www.plastcenternordic.fi\/wp-content\/uploads\/2025\/02\/Aspa.jpg 608w, https:\/\/www.plastcenternordic.fi\/wp-content\/uploads\/2025\/02\/Aspa-251x300.jpg 251w\" sizes=\"auto, (max-width: 608px) 100vw, 608px\" \/><\/figure>\n\n\n\n<p><\/p>\n\n\n\n<h3 class=\"wp-block-heading\">Asiakas edell\u00e4<\/h3>\n\n\n\n<p>Kuuntelemme tarpeesi tarkasti ja tarjoamme r\u00e4\u00e4t\u00e4l\u00f6ityj\u00e4 ratkaisuja, jotka tekev\u00e4t br\u00e4ndist\u00e4si n\u00e4kyv\u00e4n ja vaikuttavan. Nopea, yst\u00e4v\u00e4llinen ja asiantunteva palvelu takaa sujuvan yhteisty\u00f6n alusta loppuun.<\/p>\n\n\n\n<div class=\"wp-block-buttons is-layout-flex wp-block-buttons-is-layout-flex\"><\/div>\n\n\n\n<div style=\"height:30px\" aria-hidden=\"true\" class=\"wp-block-spacer\"><\/div>\n<\/div>\n\n\n\n<div class=\"wp-block-column is-layout-flow wp-block-column-is-layout-flow\">\n<figure class=\"wp-block-image size-full\"><img loading=\"lazy\" decoding=\"async\" width=\"608\" height=\"728\" src=\"https:\/\/www.plastcenternordic.fi\/wp-content\/uploads\/2025\/02\/Suunnittelu.jpg\" alt=\"\" class=\"wp-image-217\" srcset=\"https:\/\/www.plastcenternordic.fi\/wp-content\/uploads\/2025\/02\/Suunnittelu.jpg 608w, https:\/\/www.plastcenternordic.fi\/wp-content\/uploads\/2025\/02\/Suunnittelu-251x300.jpg 251w\" sizes=\"auto, (max-width: 608px) 100vw, 608px\" \/><\/figure>\n\n\n\n<p><\/p>\n\n\n\n<h3 class=\"wp-block-heading\">Materiaalien suunnittelu<\/h3>\n\n\n\n<p>Luomme mainosmateriaalit, jotka erottuvat ja puhuttelevat kohderyhm\u00e4\u00e4si. Innovatiivinen suunnittelumme yhdist\u00e4\u00e4 luovuuden ja strategian, jotta viestisi v\u00e4littyy tehokkaasti kaikissa kanavissa.<\/p>\n\n\n\n<div class=\"wp-block-buttons is-layout-flex wp-block-buttons-is-layout-flex\"><\/div>\n\n\n\n<div style=\"height:30px\" aria-hidden=\"true\" class=\"wp-block-spacer\"><\/div>\n<\/div>\n\n\n\n<div class=\"wp-block-column is-layout-flow wp-block-column-is-layout-flow\">\n<figure class=\"wp-block-image size-full\"><img loading=\"lazy\" decoding=\"async\" width=\"608\" height=\"728\" src=\"https:\/\/www.plastcenternordic.fi\/wp-content\/uploads\/2025\/02\/Tuotanto.jpg\" alt=\"\" class=\"wp-image-218\" srcset=\"https:\/\/www.plastcenternordic.fi\/wp-content\/uploads\/2025\/02\/Tuotanto.jpg 608w, https:\/\/www.plastcenternordic.fi\/wp-content\/uploads\/2025\/02\/Tuotanto-251x300.jpg 251w\" sizes=\"auto, (max-width: 608px) 100vw, 608px\" \/><\/figure>\n\n\n\n<p><\/p>\n\n\n\n<h3 class=\"wp-block-heading\">Materiaalien tuotanto<\/h3>\n\n\n\n<p>Laadukas toteutus viimeistelee vahvan viestin. Tuotamme kaiken painotuotteista digitaalisiin materiaaleihin tarkkuudella ja huolella, jotta lopputulos on n\u00e4ytt\u00e4v\u00e4, kest\u00e4v\u00e4 ja br\u00e4ndisi mukainen.<\/p>\n\n\n\n<div class=\"wp-block-buttons is-layout-flex wp-block-buttons-is-layout-flex\"><\/div>\n\n\n\n<div style=\"height:30px\" aria-hidden=\"true\" class=\"wp-block-spacer\"><\/div>\n<\/div>\n<\/div>\n\n\n\n<div style=\"height:100px\" aria-hidden=\"true\" class=\"wp-block-spacer\"><\/div>\n","protected":false},"excerpt":{"rendered":"<p>N\u00e4y, vaikuta ja myy tehokkailla esillepanoilla! Plastcenter Nordic on kotimainen asiantuntija, joka on yli 30 vuoden ajan auttanut yrityksi\u00e4 erottumaan ja myym\u00e4\u00e4n paremmin. Suunnittelemme ja toteutamme myym\u00e4l\u00e4- ja POS-materiaaleja, jotka tekev\u00e4t br\u00e4ndist\u00e4si n\u00e4kyv\u00e4n ja vaikuttavan aina n\u00e4ytt\u00e4vist\u00e4 mainosmateriaaleista suuriin, myynti\u00e4 edist\u00e4viin esillepanoihin. Tunnemme alan haasteet ja mahdollisuudet, ja siksi tarjoamme laadukkaita, r\u00e4\u00e4t\u00e4l\u00f6ityj\u00e4 ratkaisuja, jotka puhuttelevat&hellip;&nbsp;<a href=\"https:\/\/www.plastcenternordic.fi\/?page_id=13\" rel=\"bookmark\">Read More &raquo;<span class=\"screen-reader-text\">Palvelut<\/span><\/a><\/p>\n","protected":false},"author":1,"featured_media":0,"parent":0,"menu_order":0,"comment_status":"closed","ping_status":"closed","template":"","meta":{"neve_meta_sidebar":"","neve_meta_container":"","neve_meta_enable_content_width":"","neve_meta_content_width":0,"neve_meta_title_alignment":"","neve_meta_author_avatar":"","neve_post_elements_order":"","neve_meta_disable_header":"","neve_meta_disable_footer":"","neve_meta_disable_title":"","neve_meta_reading_time":"","footnotes":""},"class_list":["post-13","page","type-page","status-publish","hentry"],"yoast_head":"<!-- This site is optimized with the Yoast SEO plugin v27.4 - https:\/\/yoast.com\/product\/yoast-seo-wordpress\/ -->\n<title>Palvelut - Plastcenter Nordic Oy<\/title>\n<meta name=\"robots\" content=\"index, follow, max-snippet:-1, max-image-preview:large, max-video-preview:-1\" \/>\n<link rel=\"canonical\" href=\"https:\/\/www.plastcenternordic.fi\/?page_id=13\" \/>\n<meta property=\"og:locale\" content=\"fi_FI\" \/>\n<meta property=\"og:type\" content=\"article\" \/>\n<meta property=\"og:title\" content=\"Palvelut - Plastcenter Nordic Oy\" \/>\n<meta property=\"og:description\" content=\"N\u00e4y, vaikuta ja myy tehokkailla esillepanoilla! Plastcenter Nordic on kotimainen asiantuntija, joka on yli 30 vuoden ajan auttanut yrityksi\u00e4 erottumaan ja myym\u00e4\u00e4n paremmin. Suunnittelemme ja toteutamme myym\u00e4l\u00e4- ja POS-materiaaleja, jotka tekev\u00e4t br\u00e4ndist\u00e4si n\u00e4kyv\u00e4n ja vaikuttavan aina n\u00e4ytt\u00e4vist\u00e4 mainosmateriaaleista suuriin, myynti\u00e4 edist\u00e4viin esillepanoihin. Tunnemme alan haasteet ja mahdollisuudet, ja siksi tarjoamme laadukkaita, r\u00e4\u00e4t\u00e4l\u00f6ityj\u00e4 ratkaisuja, jotka puhuttelevat&hellip;&nbsp;Read More &raquo;Palvelut\" \/>\n<meta property=\"og:url\" content=\"https:\/\/www.plastcenternordic.fi\/?page_id=13\" \/>\n<meta property=\"og:site_name\" content=\"Plastcenter Nordic Oy\" \/>\n<meta property=\"article:modified_time\" content=\"2025-03-31T14:11:42+00:00\" \/>\n<meta property=\"og:image\" content=\"https:\/\/www.plastcenternordic.fi\/wp-content\/uploads\/2025\/02\/L300_new58-scaled.jpeg\" \/>\n\t<meta property=\"og:image:width\" content=\"1920\" \/>\n\t<meta property=\"og:image:height\" content=\"2560\" \/>\n\t<meta property=\"og:image:type\" content=\"image\/jpeg\" \/>\n<meta name=\"twitter:card\" content=\"summary_large_image\" \/>\n<meta name=\"twitter:label1\" content=\"Arvioitu lukuaika\" \/>\n\t<meta name=\"twitter:data1\" content=\"1 minuutti\" \/>\n<script type=\"application\/ld+json\" class=\"yoast-schema-graph\">{\"@context\":\"https:\\\/\\\/schema.org\",\"@graph\":[{\"@type\":\"WebPage\",\"@id\":\"https:\\\/\\\/www.plastcenternordic.fi\\\/?page_id=13\",\"url\":\"https:\\\/\\\/www.plastcenternordic.fi\\\/?page_id=13\",\"name\":\"Palvelut - Plastcenter Nordic Oy\",\"isPartOf\":{\"@id\":\"https:\\\/\\\/www.plastcenternordic.fi\\\/#website\"},\"primaryImageOfPage\":{\"@id\":\"https:\\\/\\\/www.plastcenternordic.fi\\\/?page_id=13#primaryimage\"},\"image\":{\"@id\":\"https:\\\/\\\/www.plastcenternordic.fi\\\/?page_id=13#primaryimage\"},\"thumbnailUrl\":\"https:\\\/\\\/www.plastcenternordic.fi\\\/wp-content\\\/uploads\\\/2025\\\/02\\\/L300_new58-scaled.jpeg\",\"datePublished\":\"2025-02-10T16:10:49+00:00\",\"dateModified\":\"2025-03-31T14:11:42+00:00\",\"breadcrumb\":{\"@id\":\"https:\\\/\\\/www.plastcenternordic.fi\\\/?page_id=13#breadcrumb\"},\"inLanguage\":\"fi\",\"potentialAction\":[{\"@type\":\"ReadAction\",\"target\":[\"https:\\\/\\\/www.plastcenternordic.fi\\\/?page_id=13\"]}]},{\"@type\":\"ImageObject\",\"inLanguage\":\"fi\",\"@id\":\"https:\\\/\\\/www.plastcenternordic.fi\\\/?page_id=13#primaryimage\",\"url\":\"https:\\\/\\\/www.plastcenternordic.fi\\\/wp-content\\\/uploads\\\/2025\\\/02\\\/L300_new58-scaled.jpeg\",\"contentUrl\":\"https:\\\/\\\/www.plastcenternordic.fi\\\/wp-content\\\/uploads\\\/2025\\\/02\\\/L300_new58-scaled.jpeg\",\"width\":1920,\"height\":2560},{\"@type\":\"BreadcrumbList\",\"@id\":\"https:\\\/\\\/www.plastcenternordic.fi\\\/?page_id=13#breadcrumb\",\"itemListElement\":[{\"@type\":\"ListItem\",\"position\":1,\"name\":\"Etusivu\",\"item\":\"https:\\\/\\\/www.plastcenternordic.fi\\\/\"},{\"@type\":\"ListItem\",\"position\":2,\"name\":\"Palvelut\"}]},{\"@type\":\"WebSite\",\"@id\":\"https:\\\/\\\/www.plastcenternordic.fi\\\/#website\",\"url\":\"https:\\\/\\\/www.plastcenternordic.fi\\\/\",\"name\":\"Plastcenter Nordic Oy\",\"description\":\"\",\"publisher\":{\"@id\":\"https:\\\/\\\/www.plastcenternordic.fi\\\/#organization\"},\"potentialAction\":[{\"@type\":\"SearchAction\",\"target\":{\"@type\":\"EntryPoint\",\"urlTemplate\":\"https:\\\/\\\/www.plastcenternordic.fi\\\/?s={search_term_string}\"},\"query-input\":{\"@type\":\"PropertyValueSpecification\",\"valueRequired\":true,\"valueName\":\"search_term_string\"}}],\"inLanguage\":\"fi\"},{\"@type\":\"Organization\",\"@id\":\"https:\\\/\\\/www.plastcenternordic.fi\\\/#organization\",\"name\":\"Plastcenter Nordic Oy\",\"url\":\"https:\\\/\\\/www.plastcenternordic.fi\\\/\",\"logo\":{\"@type\":\"ImageObject\",\"inLanguage\":\"fi\",\"@id\":\"https:\\\/\\\/www.plastcenternordic.fi\\\/#\\\/schema\\\/logo\\\/image\\\/\",\"url\":\"https:\\\/\\\/www.plastcenternordic.fi\\\/wp-content\\\/uploads\\\/2025\\\/02\\\/Plastcenter_logo.png\",\"contentUrl\":\"https:\\\/\\\/www.plastcenternordic.fi\\\/wp-content\\\/uploads\\\/2025\\\/02\\\/Plastcenter_logo.png\",\"width\":357,\"height\":48,\"caption\":\"Plastcenter Nordic Oy\"},\"image\":{\"@id\":\"https:\\\/\\\/www.plastcenternordic.fi\\\/#\\\/schema\\\/logo\\\/image\\\/\"}}]}<\/script>\n<!-- \/ Yoast SEO plugin. -->","yoast_head_json":{"title":"Palvelut - Plastcenter Nordic Oy","robots":{"index":"index","follow":"follow","max-snippet":"max-snippet:-1","max-image-preview":"max-image-preview:large","max-video-preview":"max-video-preview:-1"},"canonical":"https:\/\/www.plastcenternordic.fi\/?page_id=13","og_locale":"fi_FI","og_type":"article","og_title":"Palvelut - Plastcenter Nordic Oy","og_description":"N\u00e4y, vaikuta ja myy tehokkailla esillepanoilla! Plastcenter Nordic on kotimainen asiantuntija, joka on yli 30 vuoden ajan auttanut yrityksi\u00e4 erottumaan ja myym\u00e4\u00e4n paremmin. Suunnittelemme ja toteutamme myym\u00e4l\u00e4- ja POS-materiaaleja, jotka tekev\u00e4t br\u00e4ndist\u00e4si n\u00e4kyv\u00e4n ja vaikuttavan aina n\u00e4ytt\u00e4vist\u00e4 mainosmateriaaleista suuriin, myynti\u00e4 edist\u00e4viin esillepanoihin. Tunnemme alan haasteet ja mahdollisuudet, ja siksi tarjoamme laadukkaita, r\u00e4\u00e4t\u00e4l\u00f6ityj\u00e4 ratkaisuja, jotka puhuttelevat&hellip;&nbsp;Read More &raquo;Palvelut","og_url":"https:\/\/www.plastcenternordic.fi\/?page_id=13","og_site_name":"Plastcenter Nordic Oy","article_modified_time":"2025-03-31T14:11:42+00:00","og_image":[{"width":1920,"height":2560,"url":"https:\/\/www.plastcenternordic.fi\/wp-content\/uploads\/2025\/02\/L300_new58-scaled.jpeg","type":"image\/jpeg"}],"twitter_card":"summary_large_image","twitter_misc":{"Arvioitu lukuaika":"1 minuutti"},"schema":{"@context":"https:\/\/schema.org","@graph":[{"@type":"WebPage","@id":"https:\/\/www.plastcenternordic.fi\/?page_id=13","url":"https:\/\/www.plastcenternordic.fi\/?page_id=13","name":"Palvelut - Plastcenter Nordic Oy","isPartOf":{"@id":"https:\/\/www.plastcenternordic.fi\/#website"},"primaryImageOfPage":{"@id":"https:\/\/www.plastcenternordic.fi\/?page_id=13#primaryimage"},"image":{"@id":"https:\/\/www.plastcenternordic.fi\/?page_id=13#primaryimage"},"thumbnailUrl":"https:\/\/www.plastcenternordic.fi\/wp-content\/uploads\/2025\/02\/L300_new58-scaled.jpeg","datePublished":"2025-02-10T16:10:49+00:00","dateModified":"2025-03-31T14:11:42+00:00","breadcrumb":{"@id":"https:\/\/www.plastcenternordic.fi\/?page_id=13#breadcrumb"},"inLanguage":"fi","potentialAction":[{"@type":"ReadAction","target":["https:\/\/www.plastcenternordic.fi\/?page_id=13"]}]},{"@type":"ImageObject","inLanguage":"fi","@id":"https:\/\/www.plastcenternordic.fi\/?page_id=13#primaryimage","url":"https:\/\/www.plastcenternordic.fi\/wp-content\/uploads\/2025\/02\/L300_new58-scaled.jpeg","contentUrl":"https:\/\/www.plastcenternordic.fi\/wp-content\/uploads\/2025\/02\/L300_new58-scaled.jpeg","width":1920,"height":2560},{"@type":"BreadcrumbList","@id":"https:\/\/www.plastcenternordic.fi\/?page_id=13#breadcrumb","itemListElement":[{"@type":"ListItem","position":1,"name":"Etusivu","item":"https:\/\/www.plastcenternordic.fi\/"},{"@type":"ListItem","position":2,"name":"Palvelut"}]},{"@type":"WebSite","@id":"https:\/\/www.plastcenternordic.fi\/#website","url":"https:\/\/www.plastcenternordic.fi\/","name":"Plastcenter Nordic Oy","description":"","publisher":{"@id":"https:\/\/www.plastcenternordic.fi\/#organization"},"potentialAction":[{"@type":"SearchAction","target":{"@type":"EntryPoint","urlTemplate":"https:\/\/www.plastcenternordic.fi\/?s={search_term_string}"},"query-input":{"@type":"PropertyValueSpecification","valueRequired":true,"valueName":"search_term_string"}}],"inLanguage":"fi"},{"@type":"Organization","@id":"https:\/\/www.plastcenternordic.fi\/#organization","name":"Plastcenter Nordic Oy","url":"https:\/\/www.plastcenternordic.fi\/","logo":{"@type":"ImageObject","inLanguage":"fi","@id":"https:\/\/www.plastcenternordic.fi\/#\/schema\/logo\/image\/","url":"https:\/\/www.plastcenternordic.fi\/wp-content\/uploads\/2025\/02\/Plastcenter_logo.png","contentUrl":"https:\/\/www.plastcenternordic.fi\/wp-content\/uploads\/2025\/02\/Plastcenter_logo.png","width":357,"height":48,"caption":"Plastcenter Nordic Oy"},"image":{"@id":"https:\/\/www.plastcenternordic.fi\/#\/schema\/logo\/image\/"}}]}},"_links":{"self":[{"href":"https:\/\/www.plastcenternordic.fi\/index.php?rest_route=\/wp\/v2\/pages\/13","targetHints":{"allow":["GET"]}}],"collection":[{"href":"https:\/\/www.plastcenternordic.fi\/index.php?rest_route=\/wp\/v2\/pages"}],"about":[{"href":"https:\/\/www.plastcenternordic.fi\/index.php?rest_route=\/wp\/v2\/types\/page"}],"author":[{"embeddable":true,"href":"https:\/\/www.plastcenternordic.fi\/index.php?rest_route=\/wp\/v2\/users\/1"}],"replies":[{"embeddable":true,"href":"https:\/\/www.plastcenternordic.fi\/index.php?rest_route=%2Fwp%2Fv2%2Fcomments&post=13"}],"version-history":[{"count":23,"href":"https:\/\/www.plastcenternordic.fi\/index.php?rest_route=\/wp\/v2\/pages\/13\/revisions"}],"predecessor-version":[{"id":509,"href":"https:\/\/www.plastcenternordic.fi\/index.php?rest_route=\/wp\/v2\/pages\/13\/revisions\/509"}],"wp:attachment":[{"href":"https:\/\/www.plastcenternordic.fi\/index.php?rest_route=%2Fwp%2Fv2%2Fmedia&parent=13"}],"curies":[{"name":"wp","href":"https:\/\/api.w.org\/{rel}","templated":true}]}}