{"id":24,"date":"2025-02-10T16:10:43","date_gmt":"2025-02-10T16:10:43","guid":{"rendered":"https:\/\/www.plastcenternordic.fi\/?page_id=24"},"modified":"2025-06-30T15:01:16","modified_gmt":"2025-06-30T15:01:16","slug":"ota-yhteytta","status":"publish","type":"page","link":"https:\/\/www.plastcenternordic.fi\/?page_id=24","title":{"rendered":"Yhteystiedot"},"content":{"rendered":"\n<div style=\"height:100px\" aria-hidden=\"true\" class=\"wp-block-spacer\"><\/div>\n\n\n\n<h2 class=\"wp-block-heading has-text-align-center\">Ihmiset palveluiden takana<\/h2>\n\n\n\n<p class=\"has-text-align-center\">Asiakasl\u00e4ht\u00f6inen toimintatapamme ja kokemuksemme tekev\u00e4t meist\u00e4 erinomaisen kumppanin kaikissa myym\u00e4l\u00f6iden, messujen ja tapahtumien sek\u00e4 POS-materiaalien tuotannollisissa ja visuaalisissa ratkaisuissa. Meille asiakastyytyv\u00e4isyys on kaiken A ja O, ja siksi teemme aina kaikkemme, ett\u00e4 jokainen projekti sujuu mutkattomasti, aikataulussa ja budjetissa. Olemme ylpeit\u00e4 siit\u00e4, ett\u00e4 asiakkaamme voivat luottaa meihin ja ett\u00e4 pitk\u00e4n historiamme aikana olemme pystyneet rakentamaan vahvoja, pitk\u00e4aikaisia asiakassuhteita.<\/p>\n\n\n\n<div class=\"wp-block-columns is-layout-flex wp-container-core-columns-is-layout-9d6595d7 wp-block-columns-is-layout-flex\">\n<div class=\"wp-block-column is-layout-flow wp-block-column-is-layout-flow\"><div class=\"wp-block-image is-style-default\">\n<figure class=\"aligncenter size-full\"><img loading=\"lazy\" decoding=\"async\" width=\"283\" height=\"418\" src=\"https:\/\/www.plastcenternordic.fi\/wp-content\/uploads\/2025\/02\/Mika-1.jpg\" alt=\"\" class=\"wp-image-402\" srcset=\"https:\/\/www.plastcenternordic.fi\/wp-content\/uploads\/2025\/02\/Mika-1.jpg 283w, https:\/\/www.plastcenternordic.fi\/wp-content\/uploads\/2025\/02\/Mika-1-203x300.jpg 203w\" sizes=\"auto, (max-width: 283px) 100vw, 283px\" \/><\/figure>\n<\/div>\n\n\n<p><\/p>\n\n\n\n<h3 class=\"wp-block-heading has-text-align-center\">Mika Heikkil\u00e4<\/h3>\n\n\n\n<p class=\"has-text-align-center\"><a href=\"mailto:mika@plastcenternordic.fi\">mika@plastcenternordic.fi<\/a><\/p>\n\n\n\n<p class=\"has-text-align-center\">+358 40 749 1225 <\/p>\n\n\n\n<ul class=\"wp-block-social-links aligncenter is-layout-flex wp-block-social-links-is-layout-flex\"><li class=\"wp-social-link wp-social-link-linkedin  wp-block-social-link\"><a href=\"#\" class=\"wp-block-social-link-anchor\"><svg width=\"24\" height=\"24\" viewBox=\"0 0 24 24\" version=\"1.1\" xmlns=\"http:\/\/www.w3.org\/2000\/svg\" aria-hidden=\"true\" focusable=\"false\"><path d=\"M19.7,3H4.3C3.582,3,3,3.582,3,4.3v15.4C3,20.418,3.582,21,4.3,21h15.4c0.718,0,1.3-0.582,1.3-1.3V4.3 C21,3.582,20.418,3,19.7,3z M8.339,18.338H5.667v-8.59h2.672V18.338z M7.004,8.574c-0.857,0-1.549-0.694-1.549-1.548 c0-0.855,0.691-1.548,1.549-1.548c0.854,0,1.547,0.694,1.547,1.548C8.551,7.881,7.858,8.574,7.004,8.574z M18.339,18.338h-2.669 v-4.177c0-0.996-0.017-2.278-1.387-2.278c-1.389,0-1.601,1.086-1.601,2.206v4.249h-2.667v-8.59h2.559v1.174h0.037 c0.356-0.675,1.227-1.387,2.526-1.387c2.703,0,3.203,1.779,3.203,4.092V18.338z\"><\/path><\/svg><span class=\"wp-block-social-link-label screen-reader-text\">LinkedIn<\/span><\/a><\/li><\/ul>\n\n\n\n<div style=\"height:30px\" aria-hidden=\"true\" class=\"wp-block-spacer\"><\/div>\n<\/div>\n\n\n\n<div class=\"wp-block-column is-layout-flow wp-block-column-is-layout-flow\"><div class=\"wp-block-image is-style-default\">\n<figure class=\"aligncenter size-full\"><img loading=\"lazy\" decoding=\"async\" width=\"283\" height=\"418\" src=\"https:\/\/www.plastcenternordic.fi\/wp-content\/uploads\/2025\/02\/Juho-1.jpg\" alt=\"\" class=\"wp-image-403\" srcset=\"https:\/\/www.plastcenternordic.fi\/wp-content\/uploads\/2025\/02\/Juho-1.jpg 283w, https:\/\/www.plastcenternordic.fi\/wp-content\/uploads\/2025\/02\/Juho-1-203x300.jpg 203w\" sizes=\"auto, (max-width: 283px) 100vw, 283px\" \/><\/figure>\n<\/div>\n\n\n<p><\/p>\n\n\n\n<h3 class=\"wp-block-heading has-text-align-center\">Juho Wiberg<\/h3>\n\n\n\n<p class=\"has-text-align-center\"><a href=\"mailto:juho@plastcenternordic.fi\">juho@plastcenternordic.fi<\/a><\/p>\n\n\n\n<p class=\"has-text-align-center\">+358 44 085 5675<\/p>\n\n\n\n<ul class=\"wp-block-social-links aligncenter is-layout-flex wp-block-social-links-is-layout-flex\"><li class=\"wp-social-link wp-social-link-linkedin  wp-block-social-link\"><a href=\"#\" class=\"wp-block-social-link-anchor\"><svg width=\"24\" height=\"24\" viewBox=\"0 0 24 24\" version=\"1.1\" xmlns=\"http:\/\/www.w3.org\/2000\/svg\" aria-hidden=\"true\" focusable=\"false\"><path d=\"M19.7,3H4.3C3.582,3,3,3.582,3,4.3v15.4C3,20.418,3.582,21,4.3,21h15.4c0.718,0,1.3-0.582,1.3-1.3V4.3 C21,3.582,20.418,3,19.7,3z M8.339,18.338H5.667v-8.59h2.672V18.338z M7.004,8.574c-0.857,0-1.549-0.694-1.549-1.548 c0-0.855,0.691-1.548,1.549-1.548c0.854,0,1.547,0.694,1.547,1.548C8.551,7.881,7.858,8.574,7.004,8.574z M18.339,18.338h-2.669 v-4.177c0-0.996-0.017-2.278-1.387-2.278c-1.389,0-1.601,1.086-1.601,2.206v4.249h-2.667v-8.59h2.559v1.174h0.037 c0.356-0.675,1.227-1.387,2.526-1.387c2.703,0,3.203,1.779,3.203,4.092V18.338z\"><\/path><\/svg><span class=\"wp-block-social-link-label screen-reader-text\">LinkedIn<\/span><\/a><\/li><\/ul>\n\n\n\n<div style=\"height:30px\" aria-hidden=\"true\" class=\"wp-block-spacer\"><\/div>\n<\/div>\n\n\n\n<div class=\"wp-block-column is-layout-flow wp-block-column-is-layout-flow\"><div class=\"wp-block-image is-style-default\">\n<figure class=\"aligncenter size-full\"><img loading=\"lazy\" decoding=\"async\" width=\"283\" height=\"418\" src=\"https:\/\/www.plastcenternordic.fi\/wp-content\/uploads\/2025\/02\/Juha-1.jpg\" alt=\"\" class=\"wp-image-404\" srcset=\"https:\/\/www.plastcenternordic.fi\/wp-content\/uploads\/2025\/02\/Juha-1.jpg 283w, https:\/\/www.plastcenternordic.fi\/wp-content\/uploads\/2025\/02\/Juha-1-203x300.jpg 203w\" sizes=\"auto, (max-width: 283px) 100vw, 283px\" \/><\/figure>\n<\/div>\n\n\n<p><\/p>\n\n\n\n<h3 class=\"wp-block-heading has-text-align-center\">Juha Rinta-Rahko<\/h3>\n\n\n\n<p class=\"has-text-align-center\"><a href=\"mailto:juha@plastcenternordic.fi\">juha@plastcenternordic.fi<\/a><\/p>\n\n\n\n<p class=\"has-text-align-center\">+358 40 540 8132<\/p>\n\n\n\n<ul class=\"wp-block-social-links aligncenter is-layout-flex wp-block-social-links-is-layout-flex\"><li class=\"wp-social-link wp-social-link-linkedin  wp-block-social-link\"><a href=\"#\" class=\"wp-block-social-link-anchor\"><svg width=\"24\" height=\"24\" viewBox=\"0 0 24 24\" version=\"1.1\" xmlns=\"http:\/\/www.w3.org\/2000\/svg\" aria-hidden=\"true\" focusable=\"false\"><path d=\"M19.7,3H4.3C3.582,3,3,3.582,3,4.3v15.4C3,20.418,3.582,21,4.3,21h15.4c0.718,0,1.3-0.582,1.3-1.3V4.3 C21,3.582,20.418,3,19.7,3z M8.339,18.338H5.667v-8.59h2.672V18.338z M7.004,8.574c-0.857,0-1.549-0.694-1.549-1.548 c0-0.855,0.691-1.548,1.549-1.548c0.854,0,1.547,0.694,1.547,1.548C8.551,7.881,7.858,8.574,7.004,8.574z M18.339,18.338h-2.669 v-4.177c0-0.996-0.017-2.278-1.387-2.278c-1.389,0-1.601,1.086-1.601,2.206v4.249h-2.667v-8.59h2.559v1.174h0.037 c0.356-0.675,1.227-1.387,2.526-1.387c2.703,0,3.203,1.779,3.203,4.092V18.338z\"><\/path><\/svg><span class=\"wp-block-social-link-label screen-reader-text\">LinkedIn<\/span><\/a><\/li><\/ul>\n\n\n\n<div style=\"height:30px\" aria-hidden=\"true\" class=\"wp-block-spacer\"><\/div>\n<\/div>\n<\/div>\n\n\n\n<h2 class=\"wp-block-heading\">L\u00e4het\u00e4 meille terveisesi tai pyyd\u00e4 lis\u00e4tietoja!<\/h2>\n\n\n<div class=\"forminator-ui forminator-custom-form forminator-custom-form-531 forminator-design--default  forminator_ajax\" data-forminator-render=\"0\" data-form=\"forminator-module-531\" data-uid=\"69e04197c3e2c\"><br\/><\/div><form\n\t\t\t\tid=\"forminator-module-531\"\n\t\t\t\tclass=\"forminator-ui forminator-custom-form forminator-custom-form-531 forminator-design--default  forminator_ajax\"\n\t\t\t\tmethod=\"post\"\n\t\t\t\tdata-forminator-render=\"0\"\n\t\t\t\tdata-form-id=\"531\"\n\t\t\t\t data-color-option=\"theme\" data-design=\"default\" data-grid=\"open\" style=\"display: none;\"\n\t\t\t\tdata-uid=\"69e04197c3e2c\"\n\t\t\t><div role=\"alert\" aria-live=\"polite\" class=\"forminator-response-message forminator-error\" aria-hidden=\"true\"><\/div><div class=\"forminator-row\"><div id=\"name-1\" class=\"forminator-field-name forminator-col forminator-col-12 \"><div class=\"forminator-field\"><label for=\"forminator-field-name-1_69e04197c3e2c\" id=\"forminator-field-name-1_69e04197c3e2c-label\" class=\"forminator-label\">Nimi <span class=\"forminator-required\">*<\/span><\/label><input type=\"text\" name=\"name-1\" value=\"\" placeholder=\"\" id=\"forminator-field-name-1_69e04197c3e2c\" class=\"forminator-input forminator-name--field\" aria-required=\"true\" autocomplete=\"name\" \/><\/div><\/div><\/div><div class=\"forminator-row\"><div id=\"email-1\" class=\"forminator-field-email forminator-col forminator-col-12 \"><div class=\"forminator-field\"><label for=\"forminator-field-email-1_69e04197c3e2c\" id=\"forminator-field-email-1_69e04197c3e2c-label\" class=\"forminator-label\">Email <span class=\"forminator-required\">*<\/span><\/label><input type=\"email\" name=\"email-1\" value=\"\" placeholder=\"\" id=\"forminator-field-email-1_69e04197c3e2c\" class=\"forminator-input forminator-email--field\" data-required=\"true\" aria-required=\"true\" autocomplete=\"email\" \/><\/div><\/div><\/div><div class=\"forminator-row\"><div id=\"phone-1\" class=\"forminator-field-phone forminator-col forminator-col-12 \"><div class=\"forminator-field\"><label for=\"forminator-field-phone-1_69e04197c3e2c\" id=\"forminator-field-phone-1_69e04197c3e2c-label\" class=\"forminator-label\">Puhelinnumero<\/label><input type=\"text\" name=\"phone-1\" value=\"\" placeholder=\"\" id=\"forminator-field-phone-1_69e04197c3e2c\" class=\"forminator-input forminator-field--phone\" data-required=\"\" aria-required=\"false\" autocomplete=\"off\" \/><\/div><\/div><\/div><div class=\"forminator-row\"><div id=\"textarea-1\" class=\"forminator-field-textarea forminator-col forminator-col-12 \"><div class=\"forminator-field\"><label for=\"forminator-field-textarea-1_69e04197c3e2c\" id=\"forminator-field-textarea-1_69e04197c3e2c-label\" class=\"forminator-label\">Viesti<\/label><span id=\"forminator-field-textarea-1_69e04197c3e2c-description\" class=\"forminator-description\"><span data-limit=\"180\" data-type=\"characters\" data-editor=\"\">0 \/ 180<\/span><\/span><textarea name=\"textarea-1\" placeholder=\"\" id=\"forminator-field-textarea-1_69e04197c3e2c\" class=\"forminator-textarea\" rows=\"6\" style=\"min-height:140px;\" maxlength=\"180\" ><\/textarea><\/div><\/div><\/div><input type=\"hidden\" name=\"referer_url\" value=\"\" \/><div class=\"forminator-row forminator-row-last\"><div class=\"forminator-col\"><div class=\"forminator-field\"><button class=\"forminator-button forminator-button-submit\">Submit<\/button><\/div><\/div><\/div><input type=\"hidden\" id=\"forminator_nonce\" name=\"forminator_nonce\" value=\"9b94801cda\" \/><input type=\"hidden\" name=\"_wp_http_referer\" value=\"\/index.php?rest_route=%2Fwp%2Fv2%2Fpages%2F24\" \/><input type=\"hidden\" name=\"form_id\" value=\"531\"><input type=\"hidden\" name=\"page_id\" value=\"24\"><input type=\"hidden\" name=\"form_type\" value=\"default\"><input type=\"hidden\" name=\"current_url\" value=\"https:\/\/www.plastcenternordic.fi\/?page_id=24\"><input type=\"hidden\" name=\"render_id\" value=\"0\"><input type=\"hidden\" name=\"action\" value=\"forminator_submit_form_custom-forms\"><\/form>\n\n\n\n<div style=\"height:100px\" aria-hidden=\"true\" class=\"wp-block-spacer\"><\/div>\n\n\n\n<figure class=\"wp-block-pullquote\"><blockquote><p>Plastcenter Nordic Oy<\/p><cite>Vanha Talvitie 13-15 A, 4 krs, 00580 Helsinki<\/cite><\/blockquote><\/figure>\n","protected":false},"excerpt":{"rendered":"<p>Ihmiset palveluiden takana Asiakasl\u00e4ht\u00f6inen toimintatapamme ja kokemuksemme tekev\u00e4t meist\u00e4 erinomaisen kumppanin kaikissa myym\u00e4l\u00f6iden, messujen ja tapahtumien sek\u00e4 POS-materiaalien tuotannollisissa ja visuaalisissa ratkaisuissa. Meille asiakastyytyv\u00e4isyys on kaiken A ja O, ja siksi teemme aina kaikkemme, ett\u00e4 jokainen projekti sujuu mutkattomasti, aikataulussa ja budjetissa. Olemme ylpeit\u00e4 siit\u00e4, ett\u00e4 asiakkaamme voivat luottaa meihin ja ett\u00e4 pitk\u00e4n historiamme aikana&hellip;&nbsp;<a href=\"https:\/\/www.plastcenternordic.fi\/?page_id=24\" rel=\"bookmark\">Read More &raquo;<span class=\"screen-reader-text\">Yhteystiedot<\/span><\/a><\/p>\n","protected":false},"author":1,"featured_media":0,"parent":0,"menu_order":0,"comment_status":"closed","ping_status":"closed","template":"","meta":{"neve_meta_sidebar":"","neve_meta_container":"","neve_meta_enable_content_width":"","neve_meta_content_width":0,"neve_meta_title_alignment":"","neve_meta_author_avatar":"","neve_post_elements_order":"","neve_meta_disable_header":"","neve_meta_disable_footer":"","neve_meta_disable_title":"","neve_meta_reading_time":"","footnotes":""},"class_list":["post-24","page","type-page","status-publish","hentry"],"yoast_head":"<!-- This site is optimized with the Yoast SEO plugin v27.4 - https:\/\/yoast.com\/product\/yoast-seo-wordpress\/ -->\n<title>Yhteystiedot - Plastcenter Nordic Oy<\/title>\n<meta name=\"robots\" content=\"index, follow, max-snippet:-1, max-image-preview:large, max-video-preview:-1\" \/>\n<link rel=\"canonical\" href=\"https:\/\/www.plastcenternordic.fi\/?page_id=24\" \/>\n<meta property=\"og:locale\" content=\"fi_FI\" \/>\n<meta property=\"og:type\" content=\"article\" \/>\n<meta property=\"og:title\" content=\"Yhteystiedot - Plastcenter Nordic Oy\" \/>\n<meta property=\"og:description\" content=\"Ihmiset palveluiden takana Asiakasl\u00e4ht\u00f6inen toimintatapamme ja kokemuksemme tekev\u00e4t meist\u00e4 erinomaisen kumppanin kaikissa myym\u00e4l\u00f6iden, messujen ja tapahtumien sek\u00e4 POS-materiaalien tuotannollisissa ja visuaalisissa ratkaisuissa. Meille asiakastyytyv\u00e4isyys on kaiken A ja O, ja siksi teemme aina kaikkemme, ett\u00e4 jokainen projekti sujuu mutkattomasti, aikataulussa ja budjetissa. Olemme ylpeit\u00e4 siit\u00e4, ett\u00e4 asiakkaamme voivat luottaa meihin ja ett\u00e4 pitk\u00e4n historiamme aikana&hellip;&nbsp;Read More &raquo;Yhteystiedot\" \/>\n<meta property=\"og:url\" content=\"https:\/\/www.plastcenternordic.fi\/?page_id=24\" \/>\n<meta property=\"og:site_name\" content=\"Plastcenter Nordic Oy\" \/>\n<meta property=\"article:modified_time\" content=\"2025-06-30T15:01:16+00:00\" \/>\n<meta property=\"og:image\" content=\"https:\/\/www.plastcenternordic.fi\/wp-content\/uploads\/2025\/02\/Mika-1.jpg\" \/>\n\t<meta property=\"og:image:width\" content=\"283\" \/>\n\t<meta property=\"og:image:height\" content=\"418\" \/>\n\t<meta property=\"og:image:type\" content=\"image\/jpeg\" \/>\n<meta name=\"twitter:card\" content=\"summary_large_image\" \/>\n<meta name=\"twitter:label1\" content=\"Arvioitu lukuaika\" \/>\n\t<meta name=\"twitter:data1\" content=\"1 minuutti\" \/>\n<script type=\"application\/ld+json\" class=\"yoast-schema-graph\">{\"@context\":\"https:\\\/\\\/schema.org\",\"@graph\":[{\"@type\":\"WebPage\",\"@id\":\"https:\\\/\\\/www.plastcenternordic.fi\\\/?page_id=24\",\"url\":\"https:\\\/\\\/www.plastcenternordic.fi\\\/?page_id=24\",\"name\":\"Yhteystiedot - Plastcenter Nordic Oy\",\"isPartOf\":{\"@id\":\"https:\\\/\\\/www.plastcenternordic.fi\\\/#website\"},\"primaryImageOfPage\":{\"@id\":\"https:\\\/\\\/www.plastcenternordic.fi\\\/?page_id=24#primaryimage\"},\"image\":{\"@id\":\"https:\\\/\\\/www.plastcenternordic.fi\\\/?page_id=24#primaryimage\"},\"thumbnailUrl\":\"https:\\\/\\\/www.plastcenternordic.fi\\\/wp-content\\\/uploads\\\/2025\\\/02\\\/Mika-1.jpg\",\"datePublished\":\"2025-02-10T16:10:43+00:00\",\"dateModified\":\"2025-06-30T15:01:16+00:00\",\"breadcrumb\":{\"@id\":\"https:\\\/\\\/www.plastcenternordic.fi\\\/?page_id=24#breadcrumb\"},\"inLanguage\":\"fi\",\"potentialAction\":[{\"@type\":\"ReadAction\",\"target\":[\"https:\\\/\\\/www.plastcenternordic.fi\\\/?page_id=24\"]}]},{\"@type\":\"ImageObject\",\"inLanguage\":\"fi\",\"@id\":\"https:\\\/\\\/www.plastcenternordic.fi\\\/?page_id=24#primaryimage\",\"url\":\"https:\\\/\\\/www.plastcenternordic.fi\\\/wp-content\\\/uploads\\\/2025\\\/02\\\/Mika-1.jpg\",\"contentUrl\":\"https:\\\/\\\/www.plastcenternordic.fi\\\/wp-content\\\/uploads\\\/2025\\\/02\\\/Mika-1.jpg\",\"width\":283,\"height\":418,\"caption\":\"Screenshot\"},{\"@type\":\"BreadcrumbList\",\"@id\":\"https:\\\/\\\/www.plastcenternordic.fi\\\/?page_id=24#breadcrumb\",\"itemListElement\":[{\"@type\":\"ListItem\",\"position\":1,\"name\":\"Etusivu\",\"item\":\"https:\\\/\\\/www.plastcenternordic.fi\\\/\"},{\"@type\":\"ListItem\",\"position\":2,\"name\":\"Yhteystiedot\"}]},{\"@type\":\"WebSite\",\"@id\":\"https:\\\/\\\/www.plastcenternordic.fi\\\/#website\",\"url\":\"https:\\\/\\\/www.plastcenternordic.fi\\\/\",\"name\":\"Plastcenter Nordic Oy\",\"description\":\"\",\"publisher\":{\"@id\":\"https:\\\/\\\/www.plastcenternordic.fi\\\/#organization\"},\"potentialAction\":[{\"@type\":\"SearchAction\",\"target\":{\"@type\":\"EntryPoint\",\"urlTemplate\":\"https:\\\/\\\/www.plastcenternordic.fi\\\/?s={search_term_string}\"},\"query-input\":{\"@type\":\"PropertyValueSpecification\",\"valueRequired\":true,\"valueName\":\"search_term_string\"}}],\"inLanguage\":\"fi\"},{\"@type\":\"Organization\",\"@id\":\"https:\\\/\\\/www.plastcenternordic.fi\\\/#organization\",\"name\":\"Plastcenter Nordic Oy\",\"url\":\"https:\\\/\\\/www.plastcenternordic.fi\\\/\",\"logo\":{\"@type\":\"ImageObject\",\"inLanguage\":\"fi\",\"@id\":\"https:\\\/\\\/www.plastcenternordic.fi\\\/#\\\/schema\\\/logo\\\/image\\\/\",\"url\":\"https:\\\/\\\/www.plastcenternordic.fi\\\/wp-content\\\/uploads\\\/2025\\\/02\\\/Plastcenter_logo.png\",\"contentUrl\":\"https:\\\/\\\/www.plastcenternordic.fi\\\/wp-content\\\/uploads\\\/2025\\\/02\\\/Plastcenter_logo.png\",\"width\":357,\"height\":48,\"caption\":\"Plastcenter Nordic Oy\"},\"image\":{\"@id\":\"https:\\\/\\\/www.plastcenternordic.fi\\\/#\\\/schema\\\/logo\\\/image\\\/\"}}]}<\/script>\n<!-- \/ Yoast SEO plugin. -->","yoast_head_json":{"title":"Yhteystiedot - Plastcenter Nordic Oy","robots":{"index":"index","follow":"follow","max-snippet":"max-snippet:-1","max-image-preview":"max-image-preview:large","max-video-preview":"max-video-preview:-1"},"canonical":"https:\/\/www.plastcenternordic.fi\/?page_id=24","og_locale":"fi_FI","og_type":"article","og_title":"Yhteystiedot - Plastcenter Nordic Oy","og_description":"Ihmiset palveluiden takana Asiakasl\u00e4ht\u00f6inen toimintatapamme ja kokemuksemme tekev\u00e4t meist\u00e4 erinomaisen kumppanin kaikissa myym\u00e4l\u00f6iden, messujen ja tapahtumien sek\u00e4 POS-materiaalien tuotannollisissa ja visuaalisissa ratkaisuissa. Meille asiakastyytyv\u00e4isyys on kaiken A ja O, ja siksi teemme aina kaikkemme, ett\u00e4 jokainen projekti sujuu mutkattomasti, aikataulussa ja budjetissa. Olemme ylpeit\u00e4 siit\u00e4, ett\u00e4 asiakkaamme voivat luottaa meihin ja ett\u00e4 pitk\u00e4n historiamme aikana&hellip;&nbsp;Read More &raquo;Yhteystiedot","og_url":"https:\/\/www.plastcenternordic.fi\/?page_id=24","og_site_name":"Plastcenter Nordic Oy","article_modified_time":"2025-06-30T15:01:16+00:00","og_image":[{"width":283,"height":418,"url":"https:\/\/www.plastcenternordic.fi\/wp-content\/uploads\/2025\/02\/Mika-1.jpg","type":"image\/jpeg"}],"twitter_card":"summary_large_image","twitter_misc":{"Arvioitu lukuaika":"1 minuutti"},"schema":{"@context":"https:\/\/schema.org","@graph":[{"@type":"WebPage","@id":"https:\/\/www.plastcenternordic.fi\/?page_id=24","url":"https:\/\/www.plastcenternordic.fi\/?page_id=24","name":"Yhteystiedot - Plastcenter Nordic Oy","isPartOf":{"@id":"https:\/\/www.plastcenternordic.fi\/#website"},"primaryImageOfPage":{"@id":"https:\/\/www.plastcenternordic.fi\/?page_id=24#primaryimage"},"image":{"@id":"https:\/\/www.plastcenternordic.fi\/?page_id=24#primaryimage"},"thumbnailUrl":"https:\/\/www.plastcenternordic.fi\/wp-content\/uploads\/2025\/02\/Mika-1.jpg","datePublished":"2025-02-10T16:10:43+00:00","dateModified":"2025-06-30T15:01:16+00:00","breadcrumb":{"@id":"https:\/\/www.plastcenternordic.fi\/?page_id=24#breadcrumb"},"inLanguage":"fi","potentialAction":[{"@type":"ReadAction","target":["https:\/\/www.plastcenternordic.fi\/?page_id=24"]}]},{"@type":"ImageObject","inLanguage":"fi","@id":"https:\/\/www.plastcenternordic.fi\/?page_id=24#primaryimage","url":"https:\/\/www.plastcenternordic.fi\/wp-content\/uploads\/2025\/02\/Mika-1.jpg","contentUrl":"https:\/\/www.plastcenternordic.fi\/wp-content\/uploads\/2025\/02\/Mika-1.jpg","width":283,"height":418,"caption":"Screenshot"},{"@type":"BreadcrumbList","@id":"https:\/\/www.plastcenternordic.fi\/?page_id=24#breadcrumb","itemListElement":[{"@type":"ListItem","position":1,"name":"Etusivu","item":"https:\/\/www.plastcenternordic.fi\/"},{"@type":"ListItem","position":2,"name":"Yhteystiedot"}]},{"@type":"WebSite","@id":"https:\/\/www.plastcenternordic.fi\/#website","url":"https:\/\/www.plastcenternordic.fi\/","name":"Plastcenter Nordic Oy","description":"","publisher":{"@id":"https:\/\/www.plastcenternordic.fi\/#organization"},"potentialAction":[{"@type":"SearchAction","target":{"@type":"EntryPoint","urlTemplate":"https:\/\/www.plastcenternordic.fi\/?s={search_term_string}"},"query-input":{"@type":"PropertyValueSpecification","valueRequired":true,"valueName":"search_term_string"}}],"inLanguage":"fi"},{"@type":"Organization","@id":"https:\/\/www.plastcenternordic.fi\/#organization","name":"Plastcenter Nordic Oy","url":"https:\/\/www.plastcenternordic.fi\/","logo":{"@type":"ImageObject","inLanguage":"fi","@id":"https:\/\/www.plastcenternordic.fi\/#\/schema\/logo\/image\/","url":"https:\/\/www.plastcenternordic.fi\/wp-content\/uploads\/2025\/02\/Plastcenter_logo.png","contentUrl":"https:\/\/www.plastcenternordic.fi\/wp-content\/uploads\/2025\/02\/Plastcenter_logo.png","width":357,"height":48,"caption":"Plastcenter Nordic Oy"},"image":{"@id":"https:\/\/www.plastcenternordic.fi\/#\/schema\/logo\/image\/"}}]}},"_links":{"self":[{"href":"https:\/\/www.plastcenternordic.fi\/index.php?rest_route=\/wp\/v2\/pages\/24","targetHints":{"allow":["GET"]}}],"collection":[{"href":"https:\/\/www.plastcenternordic.fi\/index.php?rest_route=\/wp\/v2\/pages"}],"about":[{"href":"https:\/\/www.plastcenternordic.fi\/index.php?rest_route=\/wp\/v2\/types\/page"}],"author":[{"embeddable":true,"href":"https:\/\/www.plastcenternordic.fi\/index.php?rest_route=\/wp\/v2\/users\/1"}],"replies":[{"embeddable":true,"href":"https:\/\/www.plastcenternordic.fi\/index.php?rest_route=%2Fwp%2Fv2%2Fcomments&post=24"}],"version-history":[{"count":13,"href":"https:\/\/www.plastcenternordic.fi\/index.php?rest_route=\/wp\/v2\/pages\/24\/revisions"}],"predecessor-version":[{"id":532,"href":"https:\/\/www.plastcenternordic.fi\/index.php?rest_route=\/wp\/v2\/pages\/24\/revisions\/532"}],"wp:attachment":[{"href":"https:\/\/www.plastcenternordic.fi\/index.php?rest_route=%2Fwp%2Fv2%2Fmedia&parent=24"}],"curies":[{"name":"wp","href":"https:\/\/api.w.org\/{rel}","templated":true}]}}