{"id":251,"date":"2025-02-12T10:14:16","date_gmt":"2025-02-12T10:14:16","guid":{"rendered":"https:\/\/www.plastcenternordic.fi\/?page_id=251"},"modified":"2025-04-23T06:41:26","modified_gmt":"2025-04-23T06:41:26","slug":"ulkomainonta-ja-teippaukset","status":"publish","type":"page","link":"https:\/\/www.plastcenternordic.fi\/?page_id=251","title":{"rendered":"Ulkomainonta ja teippaukset"},"content":{"rendered":"\n<div style=\"height:100px\" aria-hidden=\"true\" class=\"wp-block-spacer\"><\/div>\n\n\n\n<div class=\"wp-block-columns is-layout-flex wp-container-core-columns-is-layout-9d6595d7 wp-block-columns-is-layout-flex\">\n<div class=\"wp-block-column is-layout-flow wp-block-column-is-layout-flow\">\n<figure class=\"wp-block-image size-full\"><img loading=\"lazy\" decoding=\"async\" width=\"918\" height=\"1012\" src=\"https:\/\/www.plastcenternordic.fi\/wp-content\/uploads\/2025\/02\/Ulkomainos.jpg\" alt=\"\" class=\"wp-image-282\" srcset=\"https:\/\/www.plastcenternordic.fi\/wp-content\/uploads\/2025\/02\/Ulkomainos.jpg 918w, https:\/\/www.plastcenternordic.fi\/wp-content\/uploads\/2025\/02\/Ulkomainos-272x300.jpg 272w, https:\/\/www.plastcenternordic.fi\/wp-content\/uploads\/2025\/02\/Ulkomainos-768x847.jpg 768w\" sizes=\"auto, (max-width: 918px) 100vw, 918px\" \/><\/figure>\n<\/div>\n\n\n\n<div class=\"wp-block-column is-vertically-aligned-center is-layout-flow wp-block-column-is-layout-flow\">\n<h2 class=\"wp-block-heading\">Ulkomainonta ja n\u00e4ytt\u00e4v\u00e4t mainosteippaukset<\/h2>\n\n\n\n<p>N\u00e4y siell\u00e4, miss\u00e4 asiakkaasi liikkuvat, meilt\u00e4 laadukasta ja tehokasta ulkomainontaa kaikkiin tarpeisiin. Valikoimaamme kuuluvat suuret, s\u00e4\u00e4nkest\u00e4v\u00e4t mainospinnat, jotka soveltuvat esimerkiksi rakennusten julkisivuihin ja tienvarsille. Lis\u00e4ksi toteutamme n\u00e4ytt\u00e4vi\u00e4 ja k\u00e4yt\u00e4nn\u00f6llisi\u00e4 ikkunateippauksia, joilla voit hy\u00f6dynt\u00e4\u00e4 liiketilasi lasipinnat markkinointiin. Autoteippauksilla puolestaan muutat ajoneuvosi liikkuvaksi mainokseksi, joka ker\u00e4\u00e4 katseita miss\u00e4 tahansa liikutkin. <\/p>\n\n\n\n<p>Tarjoamme my\u00f6s selke\u00e4t ja kest\u00e4v\u00e4t kyltit ja opasteet yrityksesi sis\u00e4- ja ulkotiloihin. Hoidamme koko prosessin suunnittelusta asennukseen.<\/p>\n\n\n\n<div class=\"wp-block-buttons is-layout-flex wp-block-buttons-is-layout-flex\">\n<div class=\"wp-block-button is-style-primary\"><a class=\"wp-block-button__link wp-element-button\" href=\"https:\/\/www.plastcenternordic.fi\/?page_id=24\">Ota yhteytt\u00e4!<\/a><\/div>\n<\/div>\n<\/div>\n<\/div>\n\n\n\n<div style=\"height:100px\" aria-hidden=\"true\" class=\"wp-block-spacer\"><\/div>\n\n\n\n<div class=\"wp-block-group\"><div class=\"wp-block-group__inner-container is-layout-flow wp-block-group-is-layout-flow\">\n<figure class=\"wp-block-gallery has-nested-images columns-4 is-cropped wp-block-gallery-1 is-layout-flex wp-block-gallery-is-layout-flex\">\n<figure class=\"wp-block-image size-large\"><img loading=\"lazy\" decoding=\"async\" width=\"1024\" height=\"684\" data-id=\"260\" src=\"https:\/\/www.plastcenternordic.fi\/wp-content\/uploads\/2025\/02\/Nayttokuva-2025-02-12-kello-12.12.35-1024x684.png\" alt=\"\" class=\"wp-image-260\" srcset=\"https:\/\/www.plastcenternordic.fi\/wp-content\/uploads\/2025\/02\/Nayttokuva-2025-02-12-kello-12.12.35-1024x684.png 1024w, https:\/\/www.plastcenternordic.fi\/wp-content\/uploads\/2025\/02\/Nayttokuva-2025-02-12-kello-12.12.35-300x200.png 300w, https:\/\/www.plastcenternordic.fi\/wp-content\/uploads\/2025\/02\/Nayttokuva-2025-02-12-kello-12.12.35-768x513.png 768w, https:\/\/www.plastcenternordic.fi\/wp-content\/uploads\/2025\/02\/Nayttokuva-2025-02-12-kello-12.12.35-930x620.png 930w, https:\/\/www.plastcenternordic.fi\/wp-content\/uploads\/2025\/02\/Nayttokuva-2025-02-12-kello-12.12.35.png 1288w\" sizes=\"auto, (max-width: 1024px) 100vw, 1024px\" \/><\/figure>\n\n\n\n<figure class=\"wp-block-image size-full\"><img loading=\"lazy\" decoding=\"async\" width=\"1004\" height=\"744\" data-id=\"522\" src=\"https:\/\/www.plastcenternordic.fi\/wp-content\/uploads\/2025\/04\/Golfliput-1.png\" alt=\"\" class=\"wp-image-522\" srcset=\"https:\/\/www.plastcenternordic.fi\/wp-content\/uploads\/2025\/04\/Golfliput-1.png 1004w, https:\/\/www.plastcenternordic.fi\/wp-content\/uploads\/2025\/04\/Golfliput-1-300x222.png 300w, https:\/\/www.plastcenternordic.fi\/wp-content\/uploads\/2025\/04\/Golfliput-1-768x569.png 768w\" sizes=\"auto, (max-width: 1004px) 100vw, 1004px\" \/><\/figure>\n\n\n\n<figure class=\"wp-block-image size-large\"><img loading=\"lazy\" decoding=\"async\" width=\"1024\" height=\"683\" data-id=\"261\" src=\"https:\/\/www.plastcenternordic.fi\/wp-content\/uploads\/2025\/02\/Nayttokuva-2025-02-12-kello-12.12.24-1024x683.png\" alt=\"\" class=\"wp-image-261\" srcset=\"https:\/\/www.plastcenternordic.fi\/wp-content\/uploads\/2025\/02\/Nayttokuva-2025-02-12-kello-12.12.24-1024x683.png 1024w, https:\/\/www.plastcenternordic.fi\/wp-content\/uploads\/2025\/02\/Nayttokuva-2025-02-12-kello-12.12.24-300x200.png 300w, https:\/\/www.plastcenternordic.fi\/wp-content\/uploads\/2025\/02\/Nayttokuva-2025-02-12-kello-12.12.24-768x512.png 768w, https:\/\/www.plastcenternordic.fi\/wp-content\/uploads\/2025\/02\/Nayttokuva-2025-02-12-kello-12.12.24-1536x1024.png 1536w, https:\/\/www.plastcenternordic.fi\/wp-content\/uploads\/2025\/02\/Nayttokuva-2025-02-12-kello-12.12.24-930x620.png 930w, https:\/\/www.plastcenternordic.fi\/wp-content\/uploads\/2025\/02\/Nayttokuva-2025-02-12-kello-12.12.24.png 1968w\" sizes=\"auto, (max-width: 1024px) 100vw, 1024px\" \/><\/figure>\n\n\n\n<figure class=\"wp-block-image size-large\"><img loading=\"lazy\" decoding=\"async\" width=\"1024\" height=\"571\" data-id=\"527\" src=\"https:\/\/www.plastcenternordic.fi\/wp-content\/uploads\/2025\/04\/Beach-ja-salko-liput-1-1024x571.png\" alt=\"\" class=\"wp-image-527\" srcset=\"https:\/\/www.plastcenternordic.fi\/wp-content\/uploads\/2025\/04\/Beach-ja-salko-liput-1-1024x571.png 1024w, https:\/\/www.plastcenternordic.fi\/wp-content\/uploads\/2025\/04\/Beach-ja-salko-liput-1-300x167.png 300w, https:\/\/www.plastcenternordic.fi\/wp-content\/uploads\/2025\/04\/Beach-ja-salko-liput-1-768x429.png 768w, https:\/\/www.plastcenternordic.fi\/wp-content\/uploads\/2025\/04\/Beach-ja-salko-liput-1-1536x857.png 1536w, https:\/\/www.plastcenternordic.fi\/wp-content\/uploads\/2025\/04\/Beach-ja-salko-liput-1.png 1584w\" sizes=\"auto, (max-width: 1024px) 100vw, 1024px\" \/><\/figure>\n\n\n\n<figure class=\"wp-block-image size-large\"><img loading=\"lazy\" decoding=\"async\" width=\"1024\" height=\"686\" data-id=\"257\" src=\"https:\/\/www.plastcenternordic.fi\/wp-content\/uploads\/2025\/02\/Nayttokuva-2025-02-12-kello-12.11.56-1024x686.png\" alt=\"\" class=\"wp-image-257\" srcset=\"https:\/\/www.plastcenternordic.fi\/wp-content\/uploads\/2025\/02\/Nayttokuva-2025-02-12-kello-12.11.56-1024x686.png 1024w, https:\/\/www.plastcenternordic.fi\/wp-content\/uploads\/2025\/02\/Nayttokuva-2025-02-12-kello-12.11.56-300x201.png 300w, https:\/\/www.plastcenternordic.fi\/wp-content\/uploads\/2025\/02\/Nayttokuva-2025-02-12-kello-12.11.56-768x514.png 768w, https:\/\/www.plastcenternordic.fi\/wp-content\/uploads\/2025\/02\/Nayttokuva-2025-02-12-kello-12.11.56-1536x1029.png 1536w, https:\/\/www.plastcenternordic.fi\/wp-content\/uploads\/2025\/02\/Nayttokuva-2025-02-12-kello-12.11.56.png 1774w\" sizes=\"auto, (max-width: 1024px) 100vw, 1024px\" \/><\/figure>\n\n\n\n<figure class=\"wp-block-image size-large\"><img loading=\"lazy\" decoding=\"async\" width=\"1024\" height=\"654\" data-id=\"262\" src=\"https:\/\/www.plastcenternordic.fi\/wp-content\/uploads\/2025\/02\/Nayttokuva-2025-02-12-kello-12.12.15-1024x654.png\" alt=\"\" class=\"wp-image-262\" srcset=\"https:\/\/www.plastcenternordic.fi\/wp-content\/uploads\/2025\/02\/Nayttokuva-2025-02-12-kello-12.12.15-1024x654.png 1024w, https:\/\/www.plastcenternordic.fi\/wp-content\/uploads\/2025\/02\/Nayttokuva-2025-02-12-kello-12.12.15-300x192.png 300w, https:\/\/www.plastcenternordic.fi\/wp-content\/uploads\/2025\/02\/Nayttokuva-2025-02-12-kello-12.12.15-768x491.png 768w, https:\/\/www.plastcenternordic.fi\/wp-content\/uploads\/2025\/02\/Nayttokuva-2025-02-12-kello-12.12.15.png 1330w\" sizes=\"auto, (max-width: 1024px) 100vw, 1024px\" \/><\/figure>\n\n\n\n<figure class=\"wp-block-image size-large\"><img loading=\"lazy\" decoding=\"async\" width=\"978\" height=\"980\" data-id=\"255\" src=\"https:\/\/www.plastcenternordic.fi\/wp-content\/uploads\/2025\/02\/Nayttokuva-2025-02-12-kello-12.11.44.png\" alt=\"\" class=\"wp-image-255\" srcset=\"https:\/\/www.plastcenternordic.fi\/wp-content\/uploads\/2025\/02\/Nayttokuva-2025-02-12-kello-12.11.44.png 978w, https:\/\/www.plastcenternordic.fi\/wp-content\/uploads\/2025\/02\/Nayttokuva-2025-02-12-kello-12.11.44-300x300.png 300w, https:\/\/www.plastcenternordic.fi\/wp-content\/uploads\/2025\/02\/Nayttokuva-2025-02-12-kello-12.11.44-150x150.png 150w, https:\/\/www.plastcenternordic.fi\/wp-content\/uploads\/2025\/02\/Nayttokuva-2025-02-12-kello-12.11.44-768x770.png 768w\" sizes=\"auto, (max-width: 978px) 100vw, 978px\" \/><\/figure>\n<\/figure>\n\n\n\n<div class=\"wp-block-buttons is-content-justification-center is-layout-flex wp-container-core-buttons-is-layout-16018d1d wp-block-buttons-is-layout-flex\"><\/div>\n<\/div><\/div>\n\n\n\n<div style=\"height:100px\" aria-hidden=\"true\" class=\"wp-block-spacer\"><\/div>\n","protected":false},"excerpt":{"rendered":"<p>Ulkomainonta ja n\u00e4ytt\u00e4v\u00e4t mainosteippaukset N\u00e4y siell\u00e4, miss\u00e4 asiakkaasi liikkuvat, meilt\u00e4 laadukasta ja tehokasta ulkomainontaa kaikkiin tarpeisiin. Valikoimaamme kuuluvat suuret, s\u00e4\u00e4nkest\u00e4v\u00e4t mainospinnat, jotka soveltuvat esimerkiksi rakennusten julkisivuihin ja tienvarsille. Lis\u00e4ksi toteutamme n\u00e4ytt\u00e4vi\u00e4 ja k\u00e4yt\u00e4nn\u00f6llisi\u00e4 ikkunateippauksia, joilla voit hy\u00f6dynt\u00e4\u00e4 liiketilasi lasipinnat markkinointiin. Autoteippauksilla puolestaan muutat ajoneuvosi liikkuvaksi mainokseksi, joka ker\u00e4\u00e4 katseita miss\u00e4 tahansa liikutkin. Tarjoamme my\u00f6s selke\u00e4t&hellip;&nbsp;<a href=\"https:\/\/www.plastcenternordic.fi\/?page_id=251\" rel=\"bookmark\">Read More &raquo;<span class=\"screen-reader-text\">Ulkomainonta ja teippaukset<\/span><\/a><\/p>\n","protected":false},"author":1,"featured_media":0,"parent":0,"menu_order":0,"comment_status":"closed","ping_status":"closed","template":"","meta":{"neve_meta_sidebar":"","neve_meta_container":"","neve_meta_enable_content_width":"","neve_meta_content_width":0,"neve_meta_title_alignment":"","neve_meta_author_avatar":"","neve_post_elements_order":"","neve_meta_disable_header":"","neve_meta_disable_footer":"","neve_meta_disable_title":"","neve_meta_reading_time":"","footnotes":""},"class_list":["post-251","page","type-page","status-publish","hentry"],"yoast_head":"<!-- This site is optimized with the Yoast SEO plugin v27.4 - https:\/\/yoast.com\/product\/yoast-seo-wordpress\/ -->\n<title>Ulkomainonta ja teippaukset - Plastcenter Nordic Oy<\/title>\n<meta name=\"robots\" content=\"index, follow, max-snippet:-1, max-image-preview:large, max-video-preview:-1\" \/>\n<link rel=\"canonical\" href=\"https:\/\/www.plastcenternordic.fi\/?page_id=251\" \/>\n<meta property=\"og:locale\" content=\"fi_FI\" \/>\n<meta property=\"og:type\" content=\"article\" \/>\n<meta property=\"og:title\" content=\"Ulkomainonta ja teippaukset - Plastcenter Nordic Oy\" \/>\n<meta property=\"og:description\" content=\"Ulkomainonta ja n\u00e4ytt\u00e4v\u00e4t mainosteippaukset N\u00e4y siell\u00e4, miss\u00e4 asiakkaasi liikkuvat, meilt\u00e4 laadukasta ja tehokasta ulkomainontaa kaikkiin tarpeisiin. Valikoimaamme kuuluvat suuret, s\u00e4\u00e4nkest\u00e4v\u00e4t mainospinnat, jotka soveltuvat esimerkiksi rakennusten julkisivuihin ja tienvarsille. Lis\u00e4ksi toteutamme n\u00e4ytt\u00e4vi\u00e4 ja k\u00e4yt\u00e4nn\u00f6llisi\u00e4 ikkunateippauksia, joilla voit hy\u00f6dynt\u00e4\u00e4 liiketilasi lasipinnat markkinointiin. Autoteippauksilla puolestaan muutat ajoneuvosi liikkuvaksi mainokseksi, joka ker\u00e4\u00e4 katseita miss\u00e4 tahansa liikutkin. Tarjoamme my\u00f6s selke\u00e4t&hellip;&nbsp;Read More &raquo;Ulkomainonta ja teippaukset\" \/>\n<meta property=\"og:url\" content=\"https:\/\/www.plastcenternordic.fi\/?page_id=251\" \/>\n<meta property=\"og:site_name\" content=\"Plastcenter Nordic Oy\" \/>\n<meta property=\"article:modified_time\" content=\"2025-04-23T06:41:26+00:00\" \/>\n<meta property=\"og:image\" content=\"https:\/\/www.plastcenternordic.fi\/wp-content\/uploads\/2025\/02\/Ulkomainos.jpg\" \/>\n\t<meta property=\"og:image:width\" content=\"918\" \/>\n\t<meta property=\"og:image:height\" content=\"1012\" \/>\n\t<meta property=\"og:image:type\" content=\"image\/jpeg\" \/>\n<meta name=\"twitter:card\" content=\"summary_large_image\" \/>\n<script type=\"application\/ld+json\" class=\"yoast-schema-graph\">{\"@context\":\"https:\\\/\\\/schema.org\",\"@graph\":[{\"@type\":\"WebPage\",\"@id\":\"https:\\\/\\\/www.plastcenternordic.fi\\\/?page_id=251\",\"url\":\"https:\\\/\\\/www.plastcenternordic.fi\\\/?page_id=251\",\"name\":\"Ulkomainonta ja teippaukset - Plastcenter Nordic Oy\",\"isPartOf\":{\"@id\":\"https:\\\/\\\/www.plastcenternordic.fi\\\/#website\"},\"primaryImageOfPage\":{\"@id\":\"https:\\\/\\\/www.plastcenternordic.fi\\\/?page_id=251#primaryimage\"},\"image\":{\"@id\":\"https:\\\/\\\/www.plastcenternordic.fi\\\/?page_id=251#primaryimage\"},\"thumbnailUrl\":\"https:\\\/\\\/www.plastcenternordic.fi\\\/wp-content\\\/uploads\\\/2025\\\/02\\\/Ulkomainos.jpg\",\"datePublished\":\"2025-02-12T10:14:16+00:00\",\"dateModified\":\"2025-04-23T06:41:26+00:00\",\"breadcrumb\":{\"@id\":\"https:\\\/\\\/www.plastcenternordic.fi\\\/?page_id=251#breadcrumb\"},\"inLanguage\":\"fi\",\"potentialAction\":[{\"@type\":\"ReadAction\",\"target\":[\"https:\\\/\\\/www.plastcenternordic.fi\\\/?page_id=251\"]}]},{\"@type\":\"ImageObject\",\"inLanguage\":\"fi\",\"@id\":\"https:\\\/\\\/www.plastcenternordic.fi\\\/?page_id=251#primaryimage\",\"url\":\"https:\\\/\\\/www.plastcenternordic.fi\\\/wp-content\\\/uploads\\\/2025\\\/02\\\/Ulkomainos.jpg\",\"contentUrl\":\"https:\\\/\\\/www.plastcenternordic.fi\\\/wp-content\\\/uploads\\\/2025\\\/02\\\/Ulkomainos.jpg\",\"width\":918,\"height\":1012,\"caption\":\"Screenshot\"},{\"@type\":\"BreadcrumbList\",\"@id\":\"https:\\\/\\\/www.plastcenternordic.fi\\\/?page_id=251#breadcrumb\",\"itemListElement\":[{\"@type\":\"ListItem\",\"position\":1,\"name\":\"Etusivu\",\"item\":\"https:\\\/\\\/www.plastcenternordic.fi\\\/\"},{\"@type\":\"ListItem\",\"position\":2,\"name\":\"Ulkomainonta ja teippaukset\"}]},{\"@type\":\"WebSite\",\"@id\":\"https:\\\/\\\/www.plastcenternordic.fi\\\/#website\",\"url\":\"https:\\\/\\\/www.plastcenternordic.fi\\\/\",\"name\":\"Plastcenter Nordic Oy\",\"description\":\"\",\"publisher\":{\"@id\":\"https:\\\/\\\/www.plastcenternordic.fi\\\/#organization\"},\"potentialAction\":[{\"@type\":\"SearchAction\",\"target\":{\"@type\":\"EntryPoint\",\"urlTemplate\":\"https:\\\/\\\/www.plastcenternordic.fi\\\/?s={search_term_string}\"},\"query-input\":{\"@type\":\"PropertyValueSpecification\",\"valueRequired\":true,\"valueName\":\"search_term_string\"}}],\"inLanguage\":\"fi\"},{\"@type\":\"Organization\",\"@id\":\"https:\\\/\\\/www.plastcenternordic.fi\\\/#organization\",\"name\":\"Plastcenter Nordic Oy\",\"url\":\"https:\\\/\\\/www.plastcenternordic.fi\\\/\",\"logo\":{\"@type\":\"ImageObject\",\"inLanguage\":\"fi\",\"@id\":\"https:\\\/\\\/www.plastcenternordic.fi\\\/#\\\/schema\\\/logo\\\/image\\\/\",\"url\":\"https:\\\/\\\/www.plastcenternordic.fi\\\/wp-content\\\/uploads\\\/2025\\\/02\\\/Plastcenter_logo.png\",\"contentUrl\":\"https:\\\/\\\/www.plastcenternordic.fi\\\/wp-content\\\/uploads\\\/2025\\\/02\\\/Plastcenter_logo.png\",\"width\":357,\"height\":48,\"caption\":\"Plastcenter Nordic Oy\"},\"image\":{\"@id\":\"https:\\\/\\\/www.plastcenternordic.fi\\\/#\\\/schema\\\/logo\\\/image\\\/\"}}]}<\/script>\n<!-- \/ Yoast SEO plugin. -->","yoast_head_json":{"title":"Ulkomainonta ja teippaukset - Plastcenter Nordic Oy","robots":{"index":"index","follow":"follow","max-snippet":"max-snippet:-1","max-image-preview":"max-image-preview:large","max-video-preview":"max-video-preview:-1"},"canonical":"https:\/\/www.plastcenternordic.fi\/?page_id=251","og_locale":"fi_FI","og_type":"article","og_title":"Ulkomainonta ja teippaukset - Plastcenter Nordic Oy","og_description":"Ulkomainonta ja n\u00e4ytt\u00e4v\u00e4t mainosteippaukset N\u00e4y siell\u00e4, miss\u00e4 asiakkaasi liikkuvat, meilt\u00e4 laadukasta ja tehokasta ulkomainontaa kaikkiin tarpeisiin. Valikoimaamme kuuluvat suuret, s\u00e4\u00e4nkest\u00e4v\u00e4t mainospinnat, jotka soveltuvat esimerkiksi rakennusten julkisivuihin ja tienvarsille. Lis\u00e4ksi toteutamme n\u00e4ytt\u00e4vi\u00e4 ja k\u00e4yt\u00e4nn\u00f6llisi\u00e4 ikkunateippauksia, joilla voit hy\u00f6dynt\u00e4\u00e4 liiketilasi lasipinnat markkinointiin. Autoteippauksilla puolestaan muutat ajoneuvosi liikkuvaksi mainokseksi, joka ker\u00e4\u00e4 katseita miss\u00e4 tahansa liikutkin. Tarjoamme my\u00f6s selke\u00e4t&hellip;&nbsp;Read More &raquo;Ulkomainonta ja teippaukset","og_url":"https:\/\/www.plastcenternordic.fi\/?page_id=251","og_site_name":"Plastcenter Nordic Oy","article_modified_time":"2025-04-23T06:41:26+00:00","og_image":[{"width":918,"height":1012,"url":"https:\/\/www.plastcenternordic.fi\/wp-content\/uploads\/2025\/02\/Ulkomainos.jpg","type":"image\/jpeg"}],"twitter_card":"summary_large_image","schema":{"@context":"https:\/\/schema.org","@graph":[{"@type":"WebPage","@id":"https:\/\/www.plastcenternordic.fi\/?page_id=251","url":"https:\/\/www.plastcenternordic.fi\/?page_id=251","name":"Ulkomainonta ja teippaukset - Plastcenter Nordic Oy","isPartOf":{"@id":"https:\/\/www.plastcenternordic.fi\/#website"},"primaryImageOfPage":{"@id":"https:\/\/www.plastcenternordic.fi\/?page_id=251#primaryimage"},"image":{"@id":"https:\/\/www.plastcenternordic.fi\/?page_id=251#primaryimage"},"thumbnailUrl":"https:\/\/www.plastcenternordic.fi\/wp-content\/uploads\/2025\/02\/Ulkomainos.jpg","datePublished":"2025-02-12T10:14:16+00:00","dateModified":"2025-04-23T06:41:26+00:00","breadcrumb":{"@id":"https:\/\/www.plastcenternordic.fi\/?page_id=251#breadcrumb"},"inLanguage":"fi","potentialAction":[{"@type":"ReadAction","target":["https:\/\/www.plastcenternordic.fi\/?page_id=251"]}]},{"@type":"ImageObject","inLanguage":"fi","@id":"https:\/\/www.plastcenternordic.fi\/?page_id=251#primaryimage","url":"https:\/\/www.plastcenternordic.fi\/wp-content\/uploads\/2025\/02\/Ulkomainos.jpg","contentUrl":"https:\/\/www.plastcenternordic.fi\/wp-content\/uploads\/2025\/02\/Ulkomainos.jpg","width":918,"height":1012,"caption":"Screenshot"},{"@type":"BreadcrumbList","@id":"https:\/\/www.plastcenternordic.fi\/?page_id=251#breadcrumb","itemListElement":[{"@type":"ListItem","position":1,"name":"Etusivu","item":"https:\/\/www.plastcenternordic.fi\/"},{"@type":"ListItem","position":2,"name":"Ulkomainonta ja teippaukset"}]},{"@type":"WebSite","@id":"https:\/\/www.plastcenternordic.fi\/#website","url":"https:\/\/www.plastcenternordic.fi\/","name":"Plastcenter Nordic Oy","description":"","publisher":{"@id":"https:\/\/www.plastcenternordic.fi\/#organization"},"potentialAction":[{"@type":"SearchAction","target":{"@type":"EntryPoint","urlTemplate":"https:\/\/www.plastcenternordic.fi\/?s={search_term_string}"},"query-input":{"@type":"PropertyValueSpecification","valueRequired":true,"valueName":"search_term_string"}}],"inLanguage":"fi"},{"@type":"Organization","@id":"https:\/\/www.plastcenternordic.fi\/#organization","name":"Plastcenter Nordic Oy","url":"https:\/\/www.plastcenternordic.fi\/","logo":{"@type":"ImageObject","inLanguage":"fi","@id":"https:\/\/www.plastcenternordic.fi\/#\/schema\/logo\/image\/","url":"https:\/\/www.plastcenternordic.fi\/wp-content\/uploads\/2025\/02\/Plastcenter_logo.png","contentUrl":"https:\/\/www.plastcenternordic.fi\/wp-content\/uploads\/2025\/02\/Plastcenter_logo.png","width":357,"height":48,"caption":"Plastcenter Nordic Oy"},"image":{"@id":"https:\/\/www.plastcenternordic.fi\/#\/schema\/logo\/image\/"}}]}},"_links":{"self":[{"href":"https:\/\/www.plastcenternordic.fi\/index.php?rest_route=\/wp\/v2\/pages\/251","targetHints":{"allow":["GET"]}}],"collection":[{"href":"https:\/\/www.plastcenternordic.fi\/index.php?rest_route=\/wp\/v2\/pages"}],"about":[{"href":"https:\/\/www.plastcenternordic.fi\/index.php?rest_route=\/wp\/v2\/types\/page"}],"author":[{"embeddable":true,"href":"https:\/\/www.plastcenternordic.fi\/index.php?rest_route=\/wp\/v2\/users\/1"}],"replies":[{"embeddable":true,"href":"https:\/\/www.plastcenternordic.fi\/index.php?rest_route=%2Fwp%2Fv2%2Fcomments&post=251"}],"version-history":[{"count":12,"href":"https:\/\/www.plastcenternordic.fi\/index.php?rest_route=\/wp\/v2\/pages\/251\/revisions"}],"predecessor-version":[{"id":528,"href":"https:\/\/www.plastcenternordic.fi\/index.php?rest_route=\/wp\/v2\/pages\/251\/revisions\/528"}],"wp:attachment":[{"href":"https:\/\/www.plastcenternordic.fi\/index.php?rest_route=%2Fwp%2Fv2%2Fmedia&parent=251"}],"curies":[{"name":"wp","href":"https:\/\/api.w.org\/{rel}","templated":true}]}}