{"id":26,"date":"2025-02-10T16:10:37","date_gmt":"2025-02-10T16:10:37","guid":{"rendered":"https:\/\/www.plastcenternordic.fi\/?page_id=26"},"modified":"2025-02-21T09:34:14","modified_gmt":"2025-02-21T09:34:14","slug":"meista","status":"publish","type":"page","link":"https:\/\/www.plastcenternordic.fi\/?page_id=26","title":{"rendered":"Meist\u00e4"},"content":{"rendered":"\n<div class=\"wp-block-cover alignfull is-light\" style=\"min-height:509px;aspect-ratio:unset;\"><span aria-hidden=\"true\" class=\"wp-block-cover__background has-background-dim-0 has-background-dim\" style=\"background-color:#7b606f\"><\/span><img loading=\"lazy\" decoding=\"async\" width=\"1632\" height=\"1224\" class=\"wp-block-cover__image-background wp-image-462\" alt=\"\" src=\"https:\/\/www.plastcenternordic.fi\/wp-content\/uploads\/2025\/02\/BB1.jpg\" style=\"object-position:52% 26%\" data-object-fit=\"cover\" data-object-position=\"52% 26%\" srcset=\"https:\/\/www.plastcenternordic.fi\/wp-content\/uploads\/2025\/02\/BB1.jpg 1632w, https:\/\/www.plastcenternordic.fi\/wp-content\/uploads\/2025\/02\/BB1-300x225.jpg 300w, https:\/\/www.plastcenternordic.fi\/wp-content\/uploads\/2025\/02\/BB1-1024x768.jpg 1024w, https:\/\/www.plastcenternordic.fi\/wp-content\/uploads\/2025\/02\/BB1-768x576.jpg 768w, https:\/\/www.plastcenternordic.fi\/wp-content\/uploads\/2025\/02\/BB1-1536x1152.jpg 1536w\" sizes=\"auto, (max-width: 1632px) 100vw, 1632px\" \/><div class=\"wp-block-cover__inner-container is-layout-flow wp-block-cover-is-layout-flow\">\n<h1 class=\"wp-block-heading has-text-align-center has-white-color has-text-color\"><\/h1>\n\n\n\n<p class=\"has-text-align-center has-white-color has-text-color\" style=\"font-size:23px\"><\/p>\n\n\n\n<div style=\"height:40px\" aria-hidden=\"true\" class=\"wp-block-spacer\"><\/div>\n\n\n\n<div class=\"wp-block-group\"><div class=\"wp-block-group__inner-container is-layout-flow wp-block-group-is-layout-flow\">\n<div class=\"wp-block-buttons is-content-justification-center is-layout-flex wp-container-core-buttons-is-layout-16018d1d wp-block-buttons-is-layout-flex\"><\/div>\n<\/div><\/div>\n<\/div><\/div>\n\n\n\n<div style=\"height:100px\" aria-hidden=\"true\" class=\"wp-block-spacer\"><\/div>\n\n\n\n<h2 class=\"wp-block-heading\"><strong>Yli 30 vuoden kokemus markkinoinnin ja mainonnan ratkaisuista<\/strong><\/h2>\n\n\n\n<p>Olemme toimineet yli 30 vuoden ajan r\u00e4\u00e4t\u00e4l\u00f6ityjen esillepanojen, n\u00e4ytt\u00e4vien myym\u00e4l\u00e4ratkaisuiden ja -rakennelmien, POS-materiaalien sek\u00e4 tapahtumaratkaisujen alalla. Historiamme on tarina kasvusta, innovaatioista ja asiakasl\u00e4ht\u00f6isest\u00e4 ajattelutavasta, joka on tehnyt meist\u00e4 luotettavan ja arvostetun kumppanin br\u00e4ndien jalkauttamisessa niin myym\u00e4l\u00f6iss\u00e4, messuilla kuin erilaisissa tapahtumissakin.<\/p>\n\n\n\n<p>Vuosien varrella olemme kehittyneet monipuoliseksi ja asiantuntevaksi toimijaksi, joka pystyy tarjoamaan asiakkailleen erityisi\u00e4, yksil\u00f6llisi\u00e4 ratkaisuja, jotka erottuvat. T\u00e4m\u00e4 kehitys ei olisi ollut mahdollista ilman ammattitaitoista henkil\u00f6kuntaa, joka on aina ollut yrityksemme syd\u00e4n. Tiimimme koostuu alan kokeneista ammattilaisista, jotka ovat omistautuneet jokaisen projektin toteuttamiseen huolellisesti ja asiakasl\u00e4ht\u00f6isesti.<\/p>\n\n\n\n<p>Henkil\u00f6kunnan asiantuntemus ei rajoitu pelk\u00e4st\u00e4\u00e4n suunnitteluun ja toteutukseen, vaan my\u00f6s k\u00e4yt\u00e4nn\u00f6n haasteiden ratkomiseen. Meill\u00e4 on laaja verkosto yhteisty\u00f6kumppaneita ja alihankkijoita, joiden kanssa ty\u00f6skentelemme tiiviisti. T\u00e4m\u00e4 verkosto takaa sen, ett\u00e4 pystymme tarjoamaan asiakkaillemme joustavia ja kest\u00e4vi\u00e4 ratkaisuja nopeasti ja luotettavasti. Monivuotisen kokemuksen ansiosta voimme valita oikeat materiaalit ja tuotantoteknologiat, jotka parhaiten tukevat asiakkaan tarpeita ja visioita.<\/p>\n\n\n\n<p>Asiakasl\u00e4ht\u00f6inen toimintatapamme tekee meist\u00e4 erinomaisen kumppanin kaikissa myym\u00e4l\u00f6iden, messujen ja tapahtumien sek\u00e4 POS-materiaalien tuotannossa ja visuaalisissa ratkaisuissa. Meille asiakastyytyv\u00e4isyys on kaiken A ja O, ja siksi teemme aina kaikkemme, jotta jokainen projekti sujuu mutkattomasti, aikataulussa ja budjetissa. Olemme ylpeit\u00e4 siit\u00e4, ett\u00e4 asiakkaamme voivat luottaa meihin ja ett\u00e4 pitk\u00e4n historiamme aikana olemme pystyneet rakentamaan vahvoja, pitk\u00e4aikaisia asiakassuhteita.<\/p>\n\n\n\n<p>Olemme kumppanisi, johon voit luottaa. R\u00e4\u00e4t\u00e4l\u00f6imme juuri sinun tarpeisiisi sopivan ratkaisun, joka vie br\u00e4ndisi ja tapahtumasi uudelle tasolle \u2013 ja teemme sen aina syd\u00e4mell\u00e4 ja ammattitaidolla!<\/p>\n\n\n\n<div style=\"height:100px\" aria-hidden=\"true\" class=\"wp-block-spacer\"><\/div>\n","protected":false},"excerpt":{"rendered":"<p>Yli 30 vuoden kokemus markkinoinnin ja mainonnan ratkaisuista Olemme toimineet yli 30 vuoden ajan r\u00e4\u00e4t\u00e4l\u00f6ityjen esillepanojen, n\u00e4ytt\u00e4vien myym\u00e4l\u00e4ratkaisuiden ja -rakennelmien, POS-materiaalien sek\u00e4 tapahtumaratkaisujen alalla. Historiamme on tarina kasvusta, innovaatioista ja asiakasl\u00e4ht\u00f6isest\u00e4 ajattelutavasta, joka on tehnyt meist\u00e4 luotettavan ja arvostetun kumppanin br\u00e4ndien jalkauttamisessa niin myym\u00e4l\u00f6iss\u00e4, messuilla kuin erilaisissa tapahtumissakin. Vuosien varrella olemme kehittyneet monipuoliseksi ja asiantuntevaksi&hellip;&nbsp;<a href=\"https:\/\/www.plastcenternordic.fi\/?page_id=26\" rel=\"bookmark\">Read More &raquo;<span class=\"screen-reader-text\">Meist\u00e4<\/span><\/a><\/p>\n","protected":false},"author":1,"featured_media":0,"parent":0,"menu_order":0,"comment_status":"closed","ping_status":"closed","template":"","meta":{"neve_meta_sidebar":"","neve_meta_container":"","neve_meta_enable_content_width":"","neve_meta_content_width":0,"neve_meta_title_alignment":"","neve_meta_author_avatar":"","neve_post_elements_order":"","neve_meta_disable_header":"","neve_meta_disable_footer":"","neve_meta_disable_title":"","neve_meta_reading_time":"","footnotes":""},"class_list":["post-26","page","type-page","status-publish","hentry"],"yoast_head":"<!-- This site is optimized with the Yoast SEO plugin v27.4 - https:\/\/yoast.com\/product\/yoast-seo-wordpress\/ -->\n<title>Meist\u00e4 - Plastcenter Nordic Oy<\/title>\n<meta name=\"robots\" content=\"index, follow, max-snippet:-1, max-image-preview:large, max-video-preview:-1\" \/>\n<link rel=\"canonical\" href=\"https:\/\/www.plastcenternordic.fi\/?page_id=26\" \/>\n<meta property=\"og:locale\" content=\"fi_FI\" \/>\n<meta property=\"og:type\" content=\"article\" \/>\n<meta property=\"og:title\" content=\"Meist\u00e4 - Plastcenter Nordic Oy\" \/>\n<meta property=\"og:description\" content=\"Yli 30 vuoden kokemus markkinoinnin ja mainonnan ratkaisuista Olemme toimineet yli 30 vuoden ajan r\u00e4\u00e4t\u00e4l\u00f6ityjen esillepanojen, n\u00e4ytt\u00e4vien myym\u00e4l\u00e4ratkaisuiden ja -rakennelmien, POS-materiaalien sek\u00e4 tapahtumaratkaisujen alalla. Historiamme on tarina kasvusta, innovaatioista ja asiakasl\u00e4ht\u00f6isest\u00e4 ajattelutavasta, joka on tehnyt meist\u00e4 luotettavan ja arvostetun kumppanin br\u00e4ndien jalkauttamisessa niin myym\u00e4l\u00f6iss\u00e4, messuilla kuin erilaisissa tapahtumissakin. Vuosien varrella olemme kehittyneet monipuoliseksi ja asiantuntevaksi&hellip;&nbsp;Read More &raquo;Meist\u00e4\" \/>\n<meta property=\"og:url\" content=\"https:\/\/www.plastcenternordic.fi\/?page_id=26\" \/>\n<meta property=\"og:site_name\" content=\"Plastcenter Nordic Oy\" \/>\n<meta property=\"article:modified_time\" content=\"2025-02-21T09:34:14+00:00\" \/>\n<meta property=\"og:image\" content=\"https:\/\/www.plastcenternordic.fi\/wp-content\/uploads\/2025\/02\/BB1.jpg\" \/>\n\t<meta property=\"og:image:width\" content=\"1632\" \/>\n\t<meta property=\"og:image:height\" content=\"1224\" \/>\n\t<meta property=\"og:image:type\" content=\"image\/jpeg\" \/>\n<meta name=\"twitter:card\" content=\"summary_large_image\" \/>\n<meta name=\"twitter:label1\" content=\"Arvioitu lukuaika\" \/>\n\t<meta name=\"twitter:data1\" content=\"1 minuutti\" \/>\n<script type=\"application\/ld+json\" class=\"yoast-schema-graph\">{\"@context\":\"https:\\\/\\\/schema.org\",\"@graph\":[{\"@type\":\"WebPage\",\"@id\":\"https:\\\/\\\/www.plastcenternordic.fi\\\/?page_id=26\",\"url\":\"https:\\\/\\\/www.plastcenternordic.fi\\\/?page_id=26\",\"name\":\"Meist\u00e4 - Plastcenter Nordic Oy\",\"isPartOf\":{\"@id\":\"https:\\\/\\\/www.plastcenternordic.fi\\\/#website\"},\"primaryImageOfPage\":{\"@id\":\"https:\\\/\\\/www.plastcenternordic.fi\\\/?page_id=26#primaryimage\"},\"image\":{\"@id\":\"https:\\\/\\\/www.plastcenternordic.fi\\\/?page_id=26#primaryimage\"},\"thumbnailUrl\":\"https:\\\/\\\/www.plastcenternordic.fi\\\/wp-content\\\/uploads\\\/2025\\\/02\\\/BB1.jpg\",\"datePublished\":\"2025-02-10T16:10:37+00:00\",\"dateModified\":\"2025-02-21T09:34:14+00:00\",\"breadcrumb\":{\"@id\":\"https:\\\/\\\/www.plastcenternordic.fi\\\/?page_id=26#breadcrumb\"},\"inLanguage\":\"fi\",\"potentialAction\":[{\"@type\":\"ReadAction\",\"target\":[\"https:\\\/\\\/www.plastcenternordic.fi\\\/?page_id=26\"]}]},{\"@type\":\"ImageObject\",\"inLanguage\":\"fi\",\"@id\":\"https:\\\/\\\/www.plastcenternordic.fi\\\/?page_id=26#primaryimage\",\"url\":\"https:\\\/\\\/www.plastcenternordic.fi\\\/wp-content\\\/uploads\\\/2025\\\/02\\\/BB1.jpg\",\"contentUrl\":\"https:\\\/\\\/www.plastcenternordic.fi\\\/wp-content\\\/uploads\\\/2025\\\/02\\\/BB1.jpg\",\"width\":1632,\"height\":1224},{\"@type\":\"BreadcrumbList\",\"@id\":\"https:\\\/\\\/www.plastcenternordic.fi\\\/?page_id=26#breadcrumb\",\"itemListElement\":[{\"@type\":\"ListItem\",\"position\":1,\"name\":\"Etusivu\",\"item\":\"https:\\\/\\\/www.plastcenternordic.fi\\\/\"},{\"@type\":\"ListItem\",\"position\":2,\"name\":\"Meist\u00e4\"}]},{\"@type\":\"WebSite\",\"@id\":\"https:\\\/\\\/www.plastcenternordic.fi\\\/#website\",\"url\":\"https:\\\/\\\/www.plastcenternordic.fi\\\/\",\"name\":\"Plastcenter Nordic Oy\",\"description\":\"\",\"publisher\":{\"@id\":\"https:\\\/\\\/www.plastcenternordic.fi\\\/#organization\"},\"potentialAction\":[{\"@type\":\"SearchAction\",\"target\":{\"@type\":\"EntryPoint\",\"urlTemplate\":\"https:\\\/\\\/www.plastcenternordic.fi\\\/?s={search_term_string}\"},\"query-input\":{\"@type\":\"PropertyValueSpecification\",\"valueRequired\":true,\"valueName\":\"search_term_string\"}}],\"inLanguage\":\"fi\"},{\"@type\":\"Organization\",\"@id\":\"https:\\\/\\\/www.plastcenternordic.fi\\\/#organization\",\"name\":\"Plastcenter Nordic Oy\",\"url\":\"https:\\\/\\\/www.plastcenternordic.fi\\\/\",\"logo\":{\"@type\":\"ImageObject\",\"inLanguage\":\"fi\",\"@id\":\"https:\\\/\\\/www.plastcenternordic.fi\\\/#\\\/schema\\\/logo\\\/image\\\/\",\"url\":\"https:\\\/\\\/www.plastcenternordic.fi\\\/wp-content\\\/uploads\\\/2025\\\/02\\\/Plastcenter_logo.png\",\"contentUrl\":\"https:\\\/\\\/www.plastcenternordic.fi\\\/wp-content\\\/uploads\\\/2025\\\/02\\\/Plastcenter_logo.png\",\"width\":357,\"height\":48,\"caption\":\"Plastcenter Nordic Oy\"},\"image\":{\"@id\":\"https:\\\/\\\/www.plastcenternordic.fi\\\/#\\\/schema\\\/logo\\\/image\\\/\"}}]}<\/script>\n<!-- \/ Yoast SEO plugin. -->","yoast_head_json":{"title":"Meist\u00e4 - Plastcenter Nordic Oy","robots":{"index":"index","follow":"follow","max-snippet":"max-snippet:-1","max-image-preview":"max-image-preview:large","max-video-preview":"max-video-preview:-1"},"canonical":"https:\/\/www.plastcenternordic.fi\/?page_id=26","og_locale":"fi_FI","og_type":"article","og_title":"Meist\u00e4 - Plastcenter Nordic Oy","og_description":"Yli 30 vuoden kokemus markkinoinnin ja mainonnan ratkaisuista Olemme toimineet yli 30 vuoden ajan r\u00e4\u00e4t\u00e4l\u00f6ityjen esillepanojen, n\u00e4ytt\u00e4vien myym\u00e4l\u00e4ratkaisuiden ja -rakennelmien, POS-materiaalien sek\u00e4 tapahtumaratkaisujen alalla. Historiamme on tarina kasvusta, innovaatioista ja asiakasl\u00e4ht\u00f6isest\u00e4 ajattelutavasta, joka on tehnyt meist\u00e4 luotettavan ja arvostetun kumppanin br\u00e4ndien jalkauttamisessa niin myym\u00e4l\u00f6iss\u00e4, messuilla kuin erilaisissa tapahtumissakin. Vuosien varrella olemme kehittyneet monipuoliseksi ja asiantuntevaksi&hellip;&nbsp;Read More &raquo;Meist\u00e4","og_url":"https:\/\/www.plastcenternordic.fi\/?page_id=26","og_site_name":"Plastcenter Nordic Oy","article_modified_time":"2025-02-21T09:34:14+00:00","og_image":[{"width":1632,"height":1224,"url":"https:\/\/www.plastcenternordic.fi\/wp-content\/uploads\/2025\/02\/BB1.jpg","type":"image\/jpeg"}],"twitter_card":"summary_large_image","twitter_misc":{"Arvioitu lukuaika":"1 minuutti"},"schema":{"@context":"https:\/\/schema.org","@graph":[{"@type":"WebPage","@id":"https:\/\/www.plastcenternordic.fi\/?page_id=26","url":"https:\/\/www.plastcenternordic.fi\/?page_id=26","name":"Meist\u00e4 - Plastcenter Nordic Oy","isPartOf":{"@id":"https:\/\/www.plastcenternordic.fi\/#website"},"primaryImageOfPage":{"@id":"https:\/\/www.plastcenternordic.fi\/?page_id=26#primaryimage"},"image":{"@id":"https:\/\/www.plastcenternordic.fi\/?page_id=26#primaryimage"},"thumbnailUrl":"https:\/\/www.plastcenternordic.fi\/wp-content\/uploads\/2025\/02\/BB1.jpg","datePublished":"2025-02-10T16:10:37+00:00","dateModified":"2025-02-21T09:34:14+00:00","breadcrumb":{"@id":"https:\/\/www.plastcenternordic.fi\/?page_id=26#breadcrumb"},"inLanguage":"fi","potentialAction":[{"@type":"ReadAction","target":["https:\/\/www.plastcenternordic.fi\/?page_id=26"]}]},{"@type":"ImageObject","inLanguage":"fi","@id":"https:\/\/www.plastcenternordic.fi\/?page_id=26#primaryimage","url":"https:\/\/www.plastcenternordic.fi\/wp-content\/uploads\/2025\/02\/BB1.jpg","contentUrl":"https:\/\/www.plastcenternordic.fi\/wp-content\/uploads\/2025\/02\/BB1.jpg","width":1632,"height":1224},{"@type":"BreadcrumbList","@id":"https:\/\/www.plastcenternordic.fi\/?page_id=26#breadcrumb","itemListElement":[{"@type":"ListItem","position":1,"name":"Etusivu","item":"https:\/\/www.plastcenternordic.fi\/"},{"@type":"ListItem","position":2,"name":"Meist\u00e4"}]},{"@type":"WebSite","@id":"https:\/\/www.plastcenternordic.fi\/#website","url":"https:\/\/www.plastcenternordic.fi\/","name":"Plastcenter Nordic Oy","description":"","publisher":{"@id":"https:\/\/www.plastcenternordic.fi\/#organization"},"potentialAction":[{"@type":"SearchAction","target":{"@type":"EntryPoint","urlTemplate":"https:\/\/www.plastcenternordic.fi\/?s={search_term_string}"},"query-input":{"@type":"PropertyValueSpecification","valueRequired":true,"valueName":"search_term_string"}}],"inLanguage":"fi"},{"@type":"Organization","@id":"https:\/\/www.plastcenternordic.fi\/#organization","name":"Plastcenter Nordic Oy","url":"https:\/\/www.plastcenternordic.fi\/","logo":{"@type":"ImageObject","inLanguage":"fi","@id":"https:\/\/www.plastcenternordic.fi\/#\/schema\/logo\/image\/","url":"https:\/\/www.plastcenternordic.fi\/wp-content\/uploads\/2025\/02\/Plastcenter_logo.png","contentUrl":"https:\/\/www.plastcenternordic.fi\/wp-content\/uploads\/2025\/02\/Plastcenter_logo.png","width":357,"height":48,"caption":"Plastcenter Nordic Oy"},"image":{"@id":"https:\/\/www.plastcenternordic.fi\/#\/schema\/logo\/image\/"}}]}},"_links":{"self":[{"href":"https:\/\/www.plastcenternordic.fi\/index.php?rest_route=\/wp\/v2\/pages\/26","targetHints":{"allow":["GET"]}}],"collection":[{"href":"https:\/\/www.plastcenternordic.fi\/index.php?rest_route=\/wp\/v2\/pages"}],"about":[{"href":"https:\/\/www.plastcenternordic.fi\/index.php?rest_route=\/wp\/v2\/types\/page"}],"author":[{"embeddable":true,"href":"https:\/\/www.plastcenternordic.fi\/index.php?rest_route=\/wp\/v2\/users\/1"}],"replies":[{"embeddable":true,"href":"https:\/\/www.plastcenternordic.fi\/index.php?rest_route=%2Fwp%2Fv2%2Fcomments&post=26"}],"version-history":[{"count":15,"href":"https:\/\/www.plastcenternordic.fi\/index.php?rest_route=\/wp\/v2\/pages\/26\/revisions"}],"predecessor-version":[{"id":464,"href":"https:\/\/www.plastcenternordic.fi\/index.php?rest_route=\/wp\/v2\/pages\/26\/revisions\/464"}],"wp:attachment":[{"href":"https:\/\/www.plastcenternordic.fi\/index.php?rest_route=%2Fwp%2Fv2%2Fmedia&parent=26"}],"curies":[{"name":"wp","href":"https:\/\/api.w.org\/{rel}","templated":true}]}}