{"id":436,"date":"2025-02-20T11:20:28","date_gmt":"2025-02-20T11:20:28","guid":{"rendered":"https:\/\/www.plastcenternordic.fi\/?page_id=436"},"modified":"2025-02-20T11:32:51","modified_gmt":"2025-02-20T11:32:51","slug":"tietosuojaseloste","status":"publish","type":"page","link":"https:\/\/www.plastcenternordic.fi\/?page_id=436","title":{"rendered":"Tietosuojaseloste"},"content":{"rendered":"\n<div style=\"height:100px\" aria-hidden=\"true\" class=\"wp-block-spacer\"><\/div>\n\n\n\n<p><strong>Tietosuojaseloste<\/strong><br>Plastcenter Nordic Oy<\/p>\n\n\n\n<p><strong>1. Johdanto<\/strong><\/p>\n\n\n\n<p>Plastcenter Nordic Oy (&#8221;yritys&#8221;, &#8221;me&#8221;, &#8221;meid\u00e4n&#8221;) sitoutuu suojaamaan asiakkaidensa ja verkkosivujensa k\u00e4ytt\u00e4jien yksityisyytt\u00e4. T\u00e4m\u00e4 tietosuojaseloste selitt\u00e4\u00e4, kuinka ker\u00e4\u00e4mme, k\u00e4sittelemme ja suojaamme henkil\u00f6tietoja verkkosivustollamme [www.plastcenternordic.fi].<\/p>\n\n\n\n<p><strong>2. Mit\u00e4 tietoja ker\u00e4\u00e4mme?<\/strong><\/p>\n\n\n\n<p>Voimme ker\u00e4t\u00e4 ja k\u00e4sitell\u00e4 seuraavia tietoja:<\/p>\n\n\n\n<ul class=\"wp-block-list\">\n<li><strong>Yhteystiedot<\/strong>: Nimi, s\u00e4hk\u00f6postiosoite, puhelinnumero ja yrityksen tiedot.<\/li>\n\n\n\n<li><strong>K\u00e4ytt\u00e4j\u00e4tiedot<\/strong>: IP-osoite, ev\u00e4steiden kautta ker\u00e4tt\u00e4v\u00e4t tiedot, selaimen tyyppi ja k\u00e4ytt\u00f6j\u00e4rjestelm\u00e4.<\/li>\n\n\n\n<li><strong>Asiakassuhteeseen liittyv\u00e4t tiedot<\/strong>: Tilaukset, maksutiedot ja asiakaspalautteet.<\/li>\n<\/ul>\n\n\n\n<p><strong>3. Kuinka k\u00e4yt\u00e4mme tietoja?<\/strong><\/p>\n\n\n\n<p>Ker\u00e4\u00e4mi\u00e4mme tietoja k\u00e4ytet\u00e4\u00e4n seuraaviin tarkoituksiin:<\/p>\n\n\n\n<ul class=\"wp-block-list\">\n<li>Palveluiden tarjoaminen ja yll\u00e4pito.<\/li>\n\n\n\n<li>Asiakassuhteen hallinta ja asiakaspalvelu.<\/li>\n\n\n\n<li>Markkinointi ja tiedottaminen, mik\u00e4li asiakas on antanut siihen suostumuksensa.<\/li>\n\n\n\n<li>Lakis\u00e4\u00e4teisten velvoitteiden noudattaminen.<\/li>\n<\/ul>\n\n\n\n<p><strong>4. Tietojen jakaminen ja luovuttaminen<\/strong><\/p>\n\n\n\n<p>Emme myy tai vuokraa henkil\u00f6tietoja kolmansille osapuolille. Voimme kuitenkin jakaa tietoja luotettaville yhteisty\u00f6kumppaneille, kuten maksunv\u00e4litt\u00e4jille ja logistiikkapalveluille, palvelun toteuttamiseksi. Lis\u00e4ksi voimme luovuttaa tietoja viranomaisille lakis\u00e4\u00e4teisiss\u00e4 tilanteissa.<\/p>\n\n\n\n<p><strong>5. Tietojen s\u00e4ilytt\u00e4minen<\/strong><\/p>\n\n\n\n<p>S\u00e4ilyt\u00e4mme henkil\u00f6tietoja vain niin kauan kuin se on tarpeellista tietosuojaselosteessa mainittujen k\u00e4ytt\u00f6tarkoitusten toteuttamiseksi ja lakis\u00e4\u00e4teisten velvollisuuksien t\u00e4ytt\u00e4miseksi.<\/p>\n\n\n\n<p><strong>6. Tietoturva<\/strong><\/p>\n\n\n\n<p>K\u00e4yt\u00e4mme asianmukaisia turvatoimia henkil\u00f6tietojen suojaamiseksi luvattomalta k\u00e4yt\u00f6lt\u00e4, muuttamiselta ja tuhoamiselta.<\/p>\n\n\n\n<p><strong>7. K\u00e4ytt\u00e4j\u00e4n oikeudet<\/strong><\/p>\n\n\n\n<p>Sinulla on oikeus:<\/p>\n\n\n\n<ul class=\"wp-block-list\">\n<li>Pyyt\u00e4\u00e4 p\u00e4\u00e4sy omiin henkil\u00f6tietoihisi.<\/li>\n\n\n\n<li>Pyyt\u00e4\u00e4 virheellisten tietojen oikaisemista.<\/li>\n\n\n\n<li>Pyyt\u00e4\u00e4 tietojen poistamista tai k\u00e4sittelyn rajoittamista.<\/li>\n\n\n\n<li>Vastustaa tietojesi k\u00e4sittely\u00e4 tai siirt\u00e4\u00e4 tietosi toiselle palveluntarjoajalle.<\/li>\n\n\n\n<li>Peruuttaa suostumuksesi, jos k\u00e4sittely perustuu siihen.<\/li>\n<\/ul>\n\n\n\n<p><strong>8. Ev\u00e4steet<\/strong><\/p>\n\n\n\n<p>Verkkosivustomme k\u00e4ytt\u00e4\u00e4 ev\u00e4steit\u00e4 k\u00e4ytt\u00e4j\u00e4kokemuksen parantamiseksi. Voit hallita ev\u00e4steasetuksia selaimesi asetuksista.<\/p>\n\n\n\n<p><strong>9. Yhteystiedot<\/strong><\/p>\n\n\n\n<p>Jos sinulla on kysytt\u00e4v\u00e4\u00e4 tietosuojasta, voit ottaa meihin yhteytt\u00e4:<\/p>\n\n\n\n<p>Plastcenter Nordic Oy<br>Vanha Talvitie 13 A, 4 krs.<br><br>Pid\u00e4t\u00e4mme oikeuden p\u00e4ivitt\u00e4\u00e4 t\u00e4t\u00e4 tietosuojaselostetta tarpeen mukaan. Suosittelemme tarkistamaan t\u00e4m\u00e4n sivun s\u00e4\u00e4nn\u00f6llisesti pysy\u00e4ksesi ajan tasalla muutoksista.<\/p>\n","protected":false},"excerpt":{"rendered":"<p>TietosuojaselostePlastcenter Nordic Oy 1. Johdanto Plastcenter Nordic Oy (&#8221;yritys&#8221;, &#8221;me&#8221;, &#8221;meid\u00e4n&#8221;) sitoutuu suojaamaan asiakkaidensa ja verkkosivujensa k\u00e4ytt\u00e4jien yksityisyytt\u00e4. T\u00e4m\u00e4 tietosuojaseloste selitt\u00e4\u00e4, kuinka ker\u00e4\u00e4mme, k\u00e4sittelemme ja suojaamme henkil\u00f6tietoja verkkosivustollamme [www.plastcenternordic.fi]. 2. Mit\u00e4 tietoja ker\u00e4\u00e4mme? Voimme ker\u00e4t\u00e4 ja k\u00e4sitell\u00e4 seuraavia tietoja: 3. Kuinka k\u00e4yt\u00e4mme tietoja? Ker\u00e4\u00e4mi\u00e4mme tietoja k\u00e4ytet\u00e4\u00e4n seuraaviin tarkoituksiin: 4. Tietojen jakaminen ja luovuttaminen Emme myy&hellip;&nbsp;<a href=\"https:\/\/www.plastcenternordic.fi\/?page_id=436\" rel=\"bookmark\">Read More &raquo;<span class=\"screen-reader-text\">Tietosuojaseloste<\/span><\/a><\/p>\n","protected":false},"author":1,"featured_media":0,"parent":0,"menu_order":0,"comment_status":"closed","ping_status":"closed","template":"","meta":{"neve_meta_sidebar":"","neve_meta_container":"","neve_meta_enable_content_width":"","neve_meta_content_width":0,"neve_meta_title_alignment":"","neve_meta_author_avatar":"","neve_post_elements_order":"","neve_meta_disable_header":"","neve_meta_disable_footer":"","neve_meta_disable_title":"","neve_meta_reading_time":"","footnotes":""},"class_list":["post-436","page","type-page","status-publish","hentry"],"yoast_head":"<!-- This site is optimized with the Yoast SEO plugin v27.4 - https:\/\/yoast.com\/product\/yoast-seo-wordpress\/ -->\n<title>Tietosuojaseloste - Plastcenter Nordic Oy<\/title>\n<meta name=\"robots\" content=\"index, follow, max-snippet:-1, max-image-preview:large, max-video-preview:-1\" \/>\n<link rel=\"canonical\" href=\"https:\/\/www.plastcenternordic.fi\/?page_id=436\" \/>\n<meta property=\"og:locale\" content=\"fi_FI\" \/>\n<meta property=\"og:type\" content=\"article\" \/>\n<meta property=\"og:title\" content=\"Tietosuojaseloste - Plastcenter Nordic Oy\" \/>\n<meta property=\"og:description\" content=\"TietosuojaselostePlastcenter Nordic Oy 1. Johdanto Plastcenter Nordic Oy (&#8221;yritys&#8221;, &#8221;me&#8221;, &#8221;meid\u00e4n&#8221;) sitoutuu suojaamaan asiakkaidensa ja verkkosivujensa k\u00e4ytt\u00e4jien yksityisyytt\u00e4. T\u00e4m\u00e4 tietosuojaseloste selitt\u00e4\u00e4, kuinka ker\u00e4\u00e4mme, k\u00e4sittelemme ja suojaamme henkil\u00f6tietoja verkkosivustollamme [www.plastcenternordic.fi]. 2. Mit\u00e4 tietoja ker\u00e4\u00e4mme? Voimme ker\u00e4t\u00e4 ja k\u00e4sitell\u00e4 seuraavia tietoja: 3. Kuinka k\u00e4yt\u00e4mme tietoja? Ker\u00e4\u00e4mi\u00e4mme tietoja k\u00e4ytet\u00e4\u00e4n seuraaviin tarkoituksiin: 4. Tietojen jakaminen ja luovuttaminen Emme myy&hellip;&nbsp;Read More &raquo;Tietosuojaseloste\" \/>\n<meta property=\"og:url\" content=\"https:\/\/www.plastcenternordic.fi\/?page_id=436\" \/>\n<meta property=\"og:site_name\" content=\"Plastcenter Nordic Oy\" \/>\n<meta property=\"article:modified_time\" content=\"2025-02-20T11:32:51+00:00\" \/>\n<meta name=\"twitter:card\" content=\"summary_large_image\" \/>\n<meta name=\"twitter:label1\" content=\"Arvioitu lukuaika\" \/>\n\t<meta name=\"twitter:data1\" content=\"2 minuuttia\" \/>\n<script type=\"application\/ld+json\" class=\"yoast-schema-graph\">{\"@context\":\"https:\\\/\\\/schema.org\",\"@graph\":[{\"@type\":\"WebPage\",\"@id\":\"https:\\\/\\\/www.plastcenternordic.fi\\\/?page_id=436\",\"url\":\"https:\\\/\\\/www.plastcenternordic.fi\\\/?page_id=436\",\"name\":\"Tietosuojaseloste - Plastcenter Nordic Oy\",\"isPartOf\":{\"@id\":\"https:\\\/\\\/www.plastcenternordic.fi\\\/#website\"},\"datePublished\":\"2025-02-20T11:20:28+00:00\",\"dateModified\":\"2025-02-20T11:32:51+00:00\",\"breadcrumb\":{\"@id\":\"https:\\\/\\\/www.plastcenternordic.fi\\\/?page_id=436#breadcrumb\"},\"inLanguage\":\"fi\",\"potentialAction\":[{\"@type\":\"ReadAction\",\"target\":[\"https:\\\/\\\/www.plastcenternordic.fi\\\/?page_id=436\"]}]},{\"@type\":\"BreadcrumbList\",\"@id\":\"https:\\\/\\\/www.plastcenternordic.fi\\\/?page_id=436#breadcrumb\",\"itemListElement\":[{\"@type\":\"ListItem\",\"position\":1,\"name\":\"Etusivu\",\"item\":\"https:\\\/\\\/www.plastcenternordic.fi\\\/\"},{\"@type\":\"ListItem\",\"position\":2,\"name\":\"Tietosuojaseloste\"}]},{\"@type\":\"WebSite\",\"@id\":\"https:\\\/\\\/www.plastcenternordic.fi\\\/#website\",\"url\":\"https:\\\/\\\/www.plastcenternordic.fi\\\/\",\"name\":\"Plastcenter Nordic Oy\",\"description\":\"\",\"publisher\":{\"@id\":\"https:\\\/\\\/www.plastcenternordic.fi\\\/#organization\"},\"potentialAction\":[{\"@type\":\"SearchAction\",\"target\":{\"@type\":\"EntryPoint\",\"urlTemplate\":\"https:\\\/\\\/www.plastcenternordic.fi\\\/?s={search_term_string}\"},\"query-input\":{\"@type\":\"PropertyValueSpecification\",\"valueRequired\":true,\"valueName\":\"search_term_string\"}}],\"inLanguage\":\"fi\"},{\"@type\":\"Organization\",\"@id\":\"https:\\\/\\\/www.plastcenternordic.fi\\\/#organization\",\"name\":\"Plastcenter Nordic Oy\",\"url\":\"https:\\\/\\\/www.plastcenternordic.fi\\\/\",\"logo\":{\"@type\":\"ImageObject\",\"inLanguage\":\"fi\",\"@id\":\"https:\\\/\\\/www.plastcenternordic.fi\\\/#\\\/schema\\\/logo\\\/image\\\/\",\"url\":\"https:\\\/\\\/www.plastcenternordic.fi\\\/wp-content\\\/uploads\\\/2025\\\/02\\\/Plastcenter_logo.png\",\"contentUrl\":\"https:\\\/\\\/www.plastcenternordic.fi\\\/wp-content\\\/uploads\\\/2025\\\/02\\\/Plastcenter_logo.png\",\"width\":357,\"height\":48,\"caption\":\"Plastcenter Nordic Oy\"},\"image\":{\"@id\":\"https:\\\/\\\/www.plastcenternordic.fi\\\/#\\\/schema\\\/logo\\\/image\\\/\"}}]}<\/script>\n<!-- \/ Yoast SEO plugin. -->","yoast_head_json":{"title":"Tietosuojaseloste - Plastcenter Nordic Oy","robots":{"index":"index","follow":"follow","max-snippet":"max-snippet:-1","max-image-preview":"max-image-preview:large","max-video-preview":"max-video-preview:-1"},"canonical":"https:\/\/www.plastcenternordic.fi\/?page_id=436","og_locale":"fi_FI","og_type":"article","og_title":"Tietosuojaseloste - Plastcenter Nordic Oy","og_description":"TietosuojaselostePlastcenter Nordic Oy 1. Johdanto Plastcenter Nordic Oy (&#8221;yritys&#8221;, &#8221;me&#8221;, &#8221;meid\u00e4n&#8221;) sitoutuu suojaamaan asiakkaidensa ja verkkosivujensa k\u00e4ytt\u00e4jien yksityisyytt\u00e4. T\u00e4m\u00e4 tietosuojaseloste selitt\u00e4\u00e4, kuinka ker\u00e4\u00e4mme, k\u00e4sittelemme ja suojaamme henkil\u00f6tietoja verkkosivustollamme [www.plastcenternordic.fi]. 2. Mit\u00e4 tietoja ker\u00e4\u00e4mme? Voimme ker\u00e4t\u00e4 ja k\u00e4sitell\u00e4 seuraavia tietoja: 3. Kuinka k\u00e4yt\u00e4mme tietoja? Ker\u00e4\u00e4mi\u00e4mme tietoja k\u00e4ytet\u00e4\u00e4n seuraaviin tarkoituksiin: 4. Tietojen jakaminen ja luovuttaminen Emme myy&hellip;&nbsp;Read More &raquo;Tietosuojaseloste","og_url":"https:\/\/www.plastcenternordic.fi\/?page_id=436","og_site_name":"Plastcenter Nordic Oy","article_modified_time":"2025-02-20T11:32:51+00:00","twitter_card":"summary_large_image","twitter_misc":{"Arvioitu lukuaika":"2 minuuttia"},"schema":{"@context":"https:\/\/schema.org","@graph":[{"@type":"WebPage","@id":"https:\/\/www.plastcenternordic.fi\/?page_id=436","url":"https:\/\/www.plastcenternordic.fi\/?page_id=436","name":"Tietosuojaseloste - Plastcenter Nordic Oy","isPartOf":{"@id":"https:\/\/www.plastcenternordic.fi\/#website"},"datePublished":"2025-02-20T11:20:28+00:00","dateModified":"2025-02-20T11:32:51+00:00","breadcrumb":{"@id":"https:\/\/www.plastcenternordic.fi\/?page_id=436#breadcrumb"},"inLanguage":"fi","potentialAction":[{"@type":"ReadAction","target":["https:\/\/www.plastcenternordic.fi\/?page_id=436"]}]},{"@type":"BreadcrumbList","@id":"https:\/\/www.plastcenternordic.fi\/?page_id=436#breadcrumb","itemListElement":[{"@type":"ListItem","position":1,"name":"Etusivu","item":"https:\/\/www.plastcenternordic.fi\/"},{"@type":"ListItem","position":2,"name":"Tietosuojaseloste"}]},{"@type":"WebSite","@id":"https:\/\/www.plastcenternordic.fi\/#website","url":"https:\/\/www.plastcenternordic.fi\/","name":"Plastcenter Nordic Oy","description":"","publisher":{"@id":"https:\/\/www.plastcenternordic.fi\/#organization"},"potentialAction":[{"@type":"SearchAction","target":{"@type":"EntryPoint","urlTemplate":"https:\/\/www.plastcenternordic.fi\/?s={search_term_string}"},"query-input":{"@type":"PropertyValueSpecification","valueRequired":true,"valueName":"search_term_string"}}],"inLanguage":"fi"},{"@type":"Organization","@id":"https:\/\/www.plastcenternordic.fi\/#organization","name":"Plastcenter Nordic Oy","url":"https:\/\/www.plastcenternordic.fi\/","logo":{"@type":"ImageObject","inLanguage":"fi","@id":"https:\/\/www.plastcenternordic.fi\/#\/schema\/logo\/image\/","url":"https:\/\/www.plastcenternordic.fi\/wp-content\/uploads\/2025\/02\/Plastcenter_logo.png","contentUrl":"https:\/\/www.plastcenternordic.fi\/wp-content\/uploads\/2025\/02\/Plastcenter_logo.png","width":357,"height":48,"caption":"Plastcenter Nordic Oy"},"image":{"@id":"https:\/\/www.plastcenternordic.fi\/#\/schema\/logo\/image\/"}}]}},"_links":{"self":[{"href":"https:\/\/www.plastcenternordic.fi\/index.php?rest_route=\/wp\/v2\/pages\/436","targetHints":{"allow":["GET"]}}],"collection":[{"href":"https:\/\/www.plastcenternordic.fi\/index.php?rest_route=\/wp\/v2\/pages"}],"about":[{"href":"https:\/\/www.plastcenternordic.fi\/index.php?rest_route=\/wp\/v2\/types\/page"}],"author":[{"embeddable":true,"href":"https:\/\/www.plastcenternordic.fi\/index.php?rest_route=\/wp\/v2\/users\/1"}],"replies":[{"embeddable":true,"href":"https:\/\/www.plastcenternordic.fi\/index.php?rest_route=%2Fwp%2Fv2%2Fcomments&post=436"}],"version-history":[{"count":4,"href":"https:\/\/www.plastcenternordic.fi\/index.php?rest_route=\/wp\/v2\/pages\/436\/revisions"}],"predecessor-version":[{"id":449,"href":"https:\/\/www.plastcenternordic.fi\/index.php?rest_route=\/wp\/v2\/pages\/436\/revisions\/449"}],"wp:attachment":[{"href":"https:\/\/www.plastcenternordic.fi\/index.php?rest_route=%2Fwp%2Fv2%2Fmedia&parent=436"}],"curies":[{"name":"wp","href":"https:\/\/api.w.org\/{rel}","templated":true}]}}