{"id":95,"date":"2025-02-10T18:30:36","date_gmt":"2025-02-10T18:30:36","guid":{"rendered":"https:\/\/www.plastcenternordic.fi\/?page_id=95"},"modified":"2025-03-31T14:10:59","modified_gmt":"2025-03-31T14:10:59","slug":"messut-ja-tapahtumat","status":"publish","type":"page","link":"https:\/\/www.plastcenternordic.fi\/?page_id=95","title":{"rendered":"Messut ja tapahtumat"},"content":{"rendered":"\n<div style=\"height:100px\" aria-hidden=\"true\" class=\"wp-block-spacer\"><\/div>\n\n\n\n<div class=\"wp-block-columns is-layout-flex wp-container-core-columns-is-layout-9d6595d7 wp-block-columns-is-layout-flex\">\n<div class=\"wp-block-column is-layout-flow wp-block-column-is-layout-flow\">\n<figure class=\"wp-block-image size-full\"><img loading=\"lazy\" decoding=\"async\" width=\"918\" height=\"1012\" src=\"https:\/\/www.plastcenternordic.fi\/wp-content\/uploads\/2025\/02\/Messut-ja-tapahtumat.jpg\" alt=\"\" class=\"wp-image-177\" srcset=\"https:\/\/www.plastcenternordic.fi\/wp-content\/uploads\/2025\/02\/Messut-ja-tapahtumat.jpg 918w, https:\/\/www.plastcenternordic.fi\/wp-content\/uploads\/2025\/02\/Messut-ja-tapahtumat-272x300.jpg 272w, https:\/\/www.plastcenternordic.fi\/wp-content\/uploads\/2025\/02\/Messut-ja-tapahtumat-768x847.jpg 768w\" sizes=\"auto, (max-width: 918px) 100vw, 918px\" \/><\/figure>\n<\/div>\n\n\n\n<div class=\"wp-block-column is-vertically-aligned-center is-layout-flow wp-block-column-is-layout-flow\">\n<h2 class=\"wp-block-heading\">Messut ja tapahtumat ovat t\u00e4rke\u00e4 v\u00e4yl\u00e4 asiakkaan ja br\u00e4ndin v\u00e4lill\u00e4<\/h2>\n\n\n\n<p>Messut ovat t\u00e4ydellinen tilaisuus erottua ja tuoda br\u00e4ndinne esiin parhaalla mahdollisella tavalla. Suunnittelemme ja toteutamme messujen visuaalisen ilmeen ja materiaalit aina t\u00e4ysin asiakkaan tarpeiden mukaan. Ymm\u00e4rr\u00e4mme, ett\u00e4 messut ovat usein t\u00e4rke\u00e4 v\u00e4yl\u00e4 uusille asiakkaille ja liiketoimintamahdollisuuksille, joten panostamme jokaiseen yksityiskohtaan huolella ja tarkkuudella.<\/p>\n\n\n\n<p>L\u00e4hestymistapamme on asiakasl\u00e4ht\u00f6inen \u2013 kuuntelemme toiveenne ja tavoitteet ja luomme oikeiden tuotantomenetelmien lis\u00e4ksi visuaalisen konseptin, joka puhuttelee oikeaa kohderyhm\u00e4\u00e4 ja vahvistaa br\u00e4ndisi viesti\u00e4. Olipa kyseess\u00e4 messukioski, n\u00e4ytt\u00e4v\u00e4t messurakennelmat, promootiopisteet tai muu visuaalinen toteutus, suunnittelemme ja toteutamme kokonaisvaltaisen ilmeen, joka luo houkuttelevan ja ammattimaisen tunnelman.<\/p>\n\n\n\n<div class=\"wp-block-buttons is-layout-flex wp-block-buttons-is-layout-flex\">\n<div class=\"wp-block-button is-style-primary\"><a class=\"wp-block-button__link wp-element-button\" href=\"https:\/\/www.plastcenternordic.fi\/?page_id=24\">Ota yhteytt\u00e4!<\/a><\/div>\n<\/div>\n<\/div>\n<\/div>\n\n\n\n<div style=\"height:100px\" aria-hidden=\"true\" class=\"wp-block-spacer\"><\/div>\n\n\n\n<div class=\"wp-block-cover alignfull is-light\" style=\"min-height:700px;aspect-ratio:unset;\"><span aria-hidden=\"true\" class=\"wp-block-cover__background has-background-dim-30 has-background-dim\" style=\"background-color:#a1947f\"><\/span><img loading=\"lazy\" decoding=\"async\" width=\"2560\" height=\"1707\" class=\"wp-block-cover__image-background wp-image-179\" alt=\"\" src=\"https:\/\/www.plastcenternordic.fi\/wp-content\/uploads\/2025\/02\/motion-blur-of-modern-entrepreneurs-talking-during-2024-11-12-12-42-58-utc-scaled.jpg\" data-object-fit=\"cover\" srcset=\"https:\/\/www.plastcenternordic.fi\/wp-content\/uploads\/2025\/02\/motion-blur-of-modern-entrepreneurs-talking-during-2024-11-12-12-42-58-utc-scaled.jpg 2560w, https:\/\/www.plastcenternordic.fi\/wp-content\/uploads\/2025\/02\/motion-blur-of-modern-entrepreneurs-talking-during-2024-11-12-12-42-58-utc-300x200.jpg 300w, https:\/\/www.plastcenternordic.fi\/wp-content\/uploads\/2025\/02\/motion-blur-of-modern-entrepreneurs-talking-during-2024-11-12-12-42-58-utc-1024x683.jpg 1024w, https:\/\/www.plastcenternordic.fi\/wp-content\/uploads\/2025\/02\/motion-blur-of-modern-entrepreneurs-talking-during-2024-11-12-12-42-58-utc-768x512.jpg 768w, https:\/\/www.plastcenternordic.fi\/wp-content\/uploads\/2025\/02\/motion-blur-of-modern-entrepreneurs-talking-during-2024-11-12-12-42-58-utc-1536x1024.jpg 1536w, https:\/\/www.plastcenternordic.fi\/wp-content\/uploads\/2025\/02\/motion-blur-of-modern-entrepreneurs-talking-during-2024-11-12-12-42-58-utc-2048x1365.jpg 2048w, https:\/\/www.plastcenternordic.fi\/wp-content\/uploads\/2025\/02\/motion-blur-of-modern-entrepreneurs-talking-during-2024-11-12-12-42-58-utc-930x620.jpg 930w\" sizes=\"auto, (max-width: 2560px) 100vw, 2560px\" \/><div class=\"wp-block-cover__inner-container is-layout-flow wp-block-cover-is-layout-flow\">\n<h1 class=\"wp-block-heading has-text-align-center has-white-color has-text-color\">Kuuntelemme toiveenne ja luomme konseptin, joka puhuttelee oikeaa kohderyhm\u00e4\u00e4 ja vahvistaa br\u00e4ndisi viesti\u00e4.<\/h1>\n\n\n\n<p class=\"has-text-align-center has-white-color has-text-color\" style=\"font-size:23px\"><\/p>\n\n\n\n<div style=\"height:40px\" aria-hidden=\"true\" class=\"wp-block-spacer\"><\/div>\n\n\n\n<div class=\"wp-block-group\"><div class=\"wp-block-group__inner-container is-layout-flow wp-block-group-is-layout-flow\">\n<div class=\"wp-block-buttons is-content-justification-center is-layout-flex wp-container-core-buttons-is-layout-16018d1d wp-block-buttons-is-layout-flex\"><\/div>\n<\/div><\/div>\n<\/div><\/div>\n\n\n\n<div style=\"height:100px\" aria-hidden=\"true\" class=\"wp-block-spacer\"><\/div>\n\n\n\n<figure class=\"wp-block-gallery has-nested-images columns-default is-cropped wp-block-gallery-1 is-layout-flex wp-block-gallery-is-layout-flex\">\n<figure class=\"wp-block-image size-large\"><img loading=\"lazy\" decoding=\"async\" width=\"860\" height=\"822\" data-id=\"180\" src=\"https:\/\/www.plastcenternordic.fi\/wp-content\/uploads\/2025\/02\/Nayttokuva-2025-02-12-kello-10.38.38.png\" alt=\"\" class=\"wp-image-180\" srcset=\"https:\/\/www.plastcenternordic.fi\/wp-content\/uploads\/2025\/02\/Nayttokuva-2025-02-12-kello-10.38.38.png 860w, https:\/\/www.plastcenternordic.fi\/wp-content\/uploads\/2025\/02\/Nayttokuva-2025-02-12-kello-10.38.38-300x287.png 300w, https:\/\/www.plastcenternordic.fi\/wp-content\/uploads\/2025\/02\/Nayttokuva-2025-02-12-kello-10.38.38-768x734.png 768w\" sizes=\"auto, (max-width: 860px) 100vw, 860px\" \/><\/figure>\n\n\n\n<figure class=\"wp-block-image size-large\"><img loading=\"lazy\" decoding=\"async\" width=\"768\" height=\"1024\" data-id=\"490\" src=\"https:\/\/www.plastcenternordic.fi\/wp-content\/uploads\/2025\/02\/22-1-768x1024.jpg\" alt=\"\" class=\"wp-image-490\" srcset=\"https:\/\/www.plastcenternordic.fi\/wp-content\/uploads\/2025\/02\/22-1-768x1024.jpg 768w, https:\/\/www.plastcenternordic.fi\/wp-content\/uploads\/2025\/02\/22-1-225x300.jpg 225w, https:\/\/www.plastcenternordic.fi\/wp-content\/uploads\/2025\/02\/22-1-1152x1536.jpg 1152w, https:\/\/www.plastcenternordic.fi\/wp-content\/uploads\/2025\/02\/22-1.jpg 1512w\" sizes=\"auto, (max-width: 768px) 100vw, 768px\" \/><\/figure>\n\n\n\n<figure class=\"wp-block-image size-large\"><img loading=\"lazy\" decoding=\"async\" width=\"894\" height=\"836\" data-id=\"185\" src=\"https:\/\/www.plastcenternordic.fi\/wp-content\/uploads\/2025\/02\/Nayttokuva-2025-02-12-kello-10.38.06.png\" alt=\"\" class=\"wp-image-185\" srcset=\"https:\/\/www.plastcenternordic.fi\/wp-content\/uploads\/2025\/02\/Nayttokuva-2025-02-12-kello-10.38.06.png 894w, https:\/\/www.plastcenternordic.fi\/wp-content\/uploads\/2025\/02\/Nayttokuva-2025-02-12-kello-10.38.06-300x281.png 300w, https:\/\/www.plastcenternordic.fi\/wp-content\/uploads\/2025\/02\/Nayttokuva-2025-02-12-kello-10.38.06-768x718.png 768w\" sizes=\"auto, (max-width: 894px) 100vw, 894px\" \/><\/figure>\n\n\n\n<figure class=\"wp-block-image size-large\"><img loading=\"lazy\" decoding=\"async\" width=\"872\" height=\"786\" data-id=\"183\" src=\"https:\/\/www.plastcenternordic.fi\/wp-content\/uploads\/2025\/02\/Nayttokuva-2025-02-12-kello-10.38.00.png\" alt=\"\" class=\"wp-image-183\" srcset=\"https:\/\/www.plastcenternordic.fi\/wp-content\/uploads\/2025\/02\/Nayttokuva-2025-02-12-kello-10.38.00.png 872w, https:\/\/www.plastcenternordic.fi\/wp-content\/uploads\/2025\/02\/Nayttokuva-2025-02-12-kello-10.38.00-300x270.png 300w, https:\/\/www.plastcenternordic.fi\/wp-content\/uploads\/2025\/02\/Nayttokuva-2025-02-12-kello-10.38.00-768x692.png 768w\" sizes=\"auto, (max-width: 872px) 100vw, 872px\" \/><\/figure>\n\n\n\n<figure class=\"wp-block-image size-large\"><img loading=\"lazy\" decoding=\"async\" width=\"898\" height=\"850\" data-id=\"184\" src=\"https:\/\/www.plastcenternordic.fi\/wp-content\/uploads\/2025\/02\/Nayttokuva-2025-02-12-kello-10.37.36.png\" alt=\"\" class=\"wp-image-184\" srcset=\"https:\/\/www.plastcenternordic.fi\/wp-content\/uploads\/2025\/02\/Nayttokuva-2025-02-12-kello-10.37.36.png 898w, https:\/\/www.plastcenternordic.fi\/wp-content\/uploads\/2025\/02\/Nayttokuva-2025-02-12-kello-10.37.36-300x284.png 300w, https:\/\/www.plastcenternordic.fi\/wp-content\/uploads\/2025\/02\/Nayttokuva-2025-02-12-kello-10.37.36-768x727.png 768w\" sizes=\"auto, (max-width: 898px) 100vw, 898px\" \/><\/figure>\n\n\n\n<figure class=\"wp-block-image size-large\"><img loading=\"lazy\" decoding=\"async\" width=\"906\" height=\"850\" data-id=\"186\" src=\"https:\/\/www.plastcenternordic.fi\/wp-content\/uploads\/2025\/02\/Nayttokuva-2025-02-12-kello-10.37.28.png\" alt=\"\" class=\"wp-image-186\" srcset=\"https:\/\/www.plastcenternordic.fi\/wp-content\/uploads\/2025\/02\/Nayttokuva-2025-02-12-kello-10.37.28.png 906w, https:\/\/www.plastcenternordic.fi\/wp-content\/uploads\/2025\/02\/Nayttokuva-2025-02-12-kello-10.37.28-300x281.png 300w, https:\/\/www.plastcenternordic.fi\/wp-content\/uploads\/2025\/02\/Nayttokuva-2025-02-12-kello-10.37.28-768x721.png 768w\" sizes=\"auto, (max-width: 906px) 100vw, 906px\" \/><\/figure>\n\n\n\n<figure class=\"wp-block-image size-large\"><img loading=\"lazy\" decoding=\"async\" width=\"916\" height=\"854\" data-id=\"187\" src=\"https:\/\/www.plastcenternordic.fi\/wp-content\/uploads\/2025\/02\/Nayttokuva-2025-02-12-kello-10.37.19.png\" alt=\"\" class=\"wp-image-187\" srcset=\"https:\/\/www.plastcenternordic.fi\/wp-content\/uploads\/2025\/02\/Nayttokuva-2025-02-12-kello-10.37.19.png 916w, https:\/\/www.plastcenternordic.fi\/wp-content\/uploads\/2025\/02\/Nayttokuva-2025-02-12-kello-10.37.19-300x280.png 300w, https:\/\/www.plastcenternordic.fi\/wp-content\/uploads\/2025\/02\/Nayttokuva-2025-02-12-kello-10.37.19-768x716.png 768w\" sizes=\"auto, (max-width: 916px) 100vw, 916px\" \/><\/figure>\n\n\n\n<figure class=\"wp-block-image size-large\"><img loading=\"lazy\" decoding=\"async\" width=\"1024\" height=\"768\" data-id=\"491\" src=\"https:\/\/www.plastcenternordic.fi\/wp-content\/uploads\/2025\/02\/15-1024x768.jpg\" alt=\"\" class=\"wp-image-491\" srcset=\"https:\/\/www.plastcenternordic.fi\/wp-content\/uploads\/2025\/02\/15-1024x768.jpg 1024w, https:\/\/www.plastcenternordic.fi\/wp-content\/uploads\/2025\/02\/15-300x225.jpg 300w, https:\/\/www.plastcenternordic.fi\/wp-content\/uploads\/2025\/02\/15-768x576.jpg 768w, https:\/\/www.plastcenternordic.fi\/wp-content\/uploads\/2025\/02\/15-1536x1152.jpg 1536w, https:\/\/www.plastcenternordic.fi\/wp-content\/uploads\/2025\/02\/15.jpg 2016w\" sizes=\"auto, (max-width: 1024px) 100vw, 1024px\" \/><\/figure>\n<\/figure>\n\n\n\n<div style=\"height:100px\" aria-hidden=\"true\" class=\"wp-block-spacer\"><\/div>\n\n\n\n<p><\/p>\n","protected":false},"excerpt":{"rendered":"<p>Messut ja tapahtumat ovat t\u00e4rke\u00e4 v\u00e4yl\u00e4 asiakkaan ja br\u00e4ndin v\u00e4lill\u00e4 Messut ovat t\u00e4ydellinen tilaisuus erottua ja tuoda br\u00e4ndinne esiin parhaalla mahdollisella tavalla. Suunnittelemme ja toteutamme messujen visuaalisen ilmeen ja materiaalit aina t\u00e4ysin asiakkaan tarpeiden mukaan. Ymm\u00e4rr\u00e4mme, ett\u00e4 messut ovat usein t\u00e4rke\u00e4 v\u00e4yl\u00e4 uusille asiakkaille ja liiketoimintamahdollisuuksille, joten panostamme jokaiseen yksityiskohtaan huolella ja tarkkuudella. L\u00e4hestymistapamme on&hellip;&nbsp;<a href=\"https:\/\/www.plastcenternordic.fi\/?page_id=95\" rel=\"bookmark\">Read More &raquo;<span class=\"screen-reader-text\">Messut ja tapahtumat<\/span><\/a><\/p>\n","protected":false},"author":1,"featured_media":0,"parent":0,"menu_order":0,"comment_status":"closed","ping_status":"closed","template":"","meta":{"neve_meta_sidebar":"","neve_meta_container":"","neve_meta_enable_content_width":"","neve_meta_content_width":0,"neve_meta_title_alignment":"","neve_meta_author_avatar":"","neve_post_elements_order":"","neve_meta_disable_header":"","neve_meta_disable_footer":"","neve_meta_disable_title":"","neve_meta_reading_time":"","footnotes":""},"class_list":["post-95","page","type-page","status-publish","hentry"],"yoast_head":"<!-- This site is optimized with the Yoast SEO plugin v27.4 - https:\/\/yoast.com\/product\/yoast-seo-wordpress\/ -->\n<title>Messut ja tapahtumat - Plastcenter Nordic Oy<\/title>\n<meta name=\"robots\" content=\"index, follow, max-snippet:-1, max-image-preview:large, max-video-preview:-1\" \/>\n<link rel=\"canonical\" href=\"https:\/\/www.plastcenternordic.fi\/?page_id=95\" \/>\n<meta property=\"og:locale\" content=\"fi_FI\" \/>\n<meta property=\"og:type\" content=\"article\" \/>\n<meta property=\"og:title\" content=\"Messut ja tapahtumat - Plastcenter Nordic Oy\" \/>\n<meta property=\"og:description\" content=\"Messut ja tapahtumat ovat t\u00e4rke\u00e4 v\u00e4yl\u00e4 asiakkaan ja br\u00e4ndin v\u00e4lill\u00e4 Messut ovat t\u00e4ydellinen tilaisuus erottua ja tuoda br\u00e4ndinne esiin parhaalla mahdollisella tavalla. Suunnittelemme ja toteutamme messujen visuaalisen ilmeen ja materiaalit aina t\u00e4ysin asiakkaan tarpeiden mukaan. Ymm\u00e4rr\u00e4mme, ett\u00e4 messut ovat usein t\u00e4rke\u00e4 v\u00e4yl\u00e4 uusille asiakkaille ja liiketoimintamahdollisuuksille, joten panostamme jokaiseen yksityiskohtaan huolella ja tarkkuudella. L\u00e4hestymistapamme on&hellip;&nbsp;Read More &raquo;Messut ja tapahtumat\" \/>\n<meta property=\"og:url\" content=\"https:\/\/www.plastcenternordic.fi\/?page_id=95\" \/>\n<meta property=\"og:site_name\" content=\"Plastcenter Nordic Oy\" \/>\n<meta property=\"article:modified_time\" content=\"2025-03-31T14:10:59+00:00\" \/>\n<meta property=\"og:image\" content=\"https:\/\/www.plastcenternordic.fi\/wp-content\/uploads\/2025\/02\/Messut-ja-tapahtumat.jpg\" \/>\n\t<meta property=\"og:image:width\" content=\"918\" \/>\n\t<meta property=\"og:image:height\" content=\"1012\" \/>\n\t<meta property=\"og:image:type\" content=\"image\/jpeg\" \/>\n<meta name=\"twitter:card\" content=\"summary_large_image\" \/>\n<meta name=\"twitter:label1\" content=\"Arvioitu lukuaika\" \/>\n\t<meta name=\"twitter:data1\" content=\"1 minuutti\" \/>\n<script type=\"application\/ld+json\" class=\"yoast-schema-graph\">{\"@context\":\"https:\\\/\\\/schema.org\",\"@graph\":[{\"@type\":\"WebPage\",\"@id\":\"https:\\\/\\\/www.plastcenternordic.fi\\\/?page_id=95\",\"url\":\"https:\\\/\\\/www.plastcenternordic.fi\\\/?page_id=95\",\"name\":\"Messut ja tapahtumat - Plastcenter Nordic Oy\",\"isPartOf\":{\"@id\":\"https:\\\/\\\/www.plastcenternordic.fi\\\/#website\"},\"primaryImageOfPage\":{\"@id\":\"https:\\\/\\\/www.plastcenternordic.fi\\\/?page_id=95#primaryimage\"},\"image\":{\"@id\":\"https:\\\/\\\/www.plastcenternordic.fi\\\/?page_id=95#primaryimage\"},\"thumbnailUrl\":\"https:\\\/\\\/www.plastcenternordic.fi\\\/wp-content\\\/uploads\\\/2025\\\/02\\\/Messut-ja-tapahtumat.jpg\",\"datePublished\":\"2025-02-10T18:30:36+00:00\",\"dateModified\":\"2025-03-31T14:10:59+00:00\",\"breadcrumb\":{\"@id\":\"https:\\\/\\\/www.plastcenternordic.fi\\\/?page_id=95#breadcrumb\"},\"inLanguage\":\"fi\",\"potentialAction\":[{\"@type\":\"ReadAction\",\"target\":[\"https:\\\/\\\/www.plastcenternordic.fi\\\/?page_id=95\"]}]},{\"@type\":\"ImageObject\",\"inLanguage\":\"fi\",\"@id\":\"https:\\\/\\\/www.plastcenternordic.fi\\\/?page_id=95#primaryimage\",\"url\":\"https:\\\/\\\/www.plastcenternordic.fi\\\/wp-content\\\/uploads\\\/2025\\\/02\\\/Messut-ja-tapahtumat.jpg\",\"contentUrl\":\"https:\\\/\\\/www.plastcenternordic.fi\\\/wp-content\\\/uploads\\\/2025\\\/02\\\/Messut-ja-tapahtumat.jpg\",\"width\":918,\"height\":1012,\"caption\":\"Screenshot\"},{\"@type\":\"BreadcrumbList\",\"@id\":\"https:\\\/\\\/www.plastcenternordic.fi\\\/?page_id=95#breadcrumb\",\"itemListElement\":[{\"@type\":\"ListItem\",\"position\":1,\"name\":\"Etusivu\",\"item\":\"https:\\\/\\\/www.plastcenternordic.fi\\\/\"},{\"@type\":\"ListItem\",\"position\":2,\"name\":\"Messut ja tapahtumat\"}]},{\"@type\":\"WebSite\",\"@id\":\"https:\\\/\\\/www.plastcenternordic.fi\\\/#website\",\"url\":\"https:\\\/\\\/www.plastcenternordic.fi\\\/\",\"name\":\"Plastcenter Nordic Oy\",\"description\":\"\",\"publisher\":{\"@id\":\"https:\\\/\\\/www.plastcenternordic.fi\\\/#organization\"},\"potentialAction\":[{\"@type\":\"SearchAction\",\"target\":{\"@type\":\"EntryPoint\",\"urlTemplate\":\"https:\\\/\\\/www.plastcenternordic.fi\\\/?s={search_term_string}\"},\"query-input\":{\"@type\":\"PropertyValueSpecification\",\"valueRequired\":true,\"valueName\":\"search_term_string\"}}],\"inLanguage\":\"fi\"},{\"@type\":\"Organization\",\"@id\":\"https:\\\/\\\/www.plastcenternordic.fi\\\/#organization\",\"name\":\"Plastcenter Nordic Oy\",\"url\":\"https:\\\/\\\/www.plastcenternordic.fi\\\/\",\"logo\":{\"@type\":\"ImageObject\",\"inLanguage\":\"fi\",\"@id\":\"https:\\\/\\\/www.plastcenternordic.fi\\\/#\\\/schema\\\/logo\\\/image\\\/\",\"url\":\"https:\\\/\\\/www.plastcenternordic.fi\\\/wp-content\\\/uploads\\\/2025\\\/02\\\/Plastcenter_logo.png\",\"contentUrl\":\"https:\\\/\\\/www.plastcenternordic.fi\\\/wp-content\\\/uploads\\\/2025\\\/02\\\/Plastcenter_logo.png\",\"width\":357,\"height\":48,\"caption\":\"Plastcenter Nordic Oy\"},\"image\":{\"@id\":\"https:\\\/\\\/www.plastcenternordic.fi\\\/#\\\/schema\\\/logo\\\/image\\\/\"}}]}<\/script>\n<!-- \/ Yoast SEO plugin. -->","yoast_head_json":{"title":"Messut ja tapahtumat - Plastcenter Nordic Oy","robots":{"index":"index","follow":"follow","max-snippet":"max-snippet:-1","max-image-preview":"max-image-preview:large","max-video-preview":"max-video-preview:-1"},"canonical":"https:\/\/www.plastcenternordic.fi\/?page_id=95","og_locale":"fi_FI","og_type":"article","og_title":"Messut ja tapahtumat - Plastcenter Nordic Oy","og_description":"Messut ja tapahtumat ovat t\u00e4rke\u00e4 v\u00e4yl\u00e4 asiakkaan ja br\u00e4ndin v\u00e4lill\u00e4 Messut ovat t\u00e4ydellinen tilaisuus erottua ja tuoda br\u00e4ndinne esiin parhaalla mahdollisella tavalla. Suunnittelemme ja toteutamme messujen visuaalisen ilmeen ja materiaalit aina t\u00e4ysin asiakkaan tarpeiden mukaan. Ymm\u00e4rr\u00e4mme, ett\u00e4 messut ovat usein t\u00e4rke\u00e4 v\u00e4yl\u00e4 uusille asiakkaille ja liiketoimintamahdollisuuksille, joten panostamme jokaiseen yksityiskohtaan huolella ja tarkkuudella. L\u00e4hestymistapamme on&hellip;&nbsp;Read More &raquo;Messut ja tapahtumat","og_url":"https:\/\/www.plastcenternordic.fi\/?page_id=95","og_site_name":"Plastcenter Nordic Oy","article_modified_time":"2025-03-31T14:10:59+00:00","og_image":[{"width":918,"height":1012,"url":"https:\/\/www.plastcenternordic.fi\/wp-content\/uploads\/2025\/02\/Messut-ja-tapahtumat.jpg","type":"image\/jpeg"}],"twitter_card":"summary_large_image","twitter_misc":{"Arvioitu lukuaika":"1 minuutti"},"schema":{"@context":"https:\/\/schema.org","@graph":[{"@type":"WebPage","@id":"https:\/\/www.plastcenternordic.fi\/?page_id=95","url":"https:\/\/www.plastcenternordic.fi\/?page_id=95","name":"Messut ja tapahtumat - Plastcenter Nordic Oy","isPartOf":{"@id":"https:\/\/www.plastcenternordic.fi\/#website"},"primaryImageOfPage":{"@id":"https:\/\/www.plastcenternordic.fi\/?page_id=95#primaryimage"},"image":{"@id":"https:\/\/www.plastcenternordic.fi\/?page_id=95#primaryimage"},"thumbnailUrl":"https:\/\/www.plastcenternordic.fi\/wp-content\/uploads\/2025\/02\/Messut-ja-tapahtumat.jpg","datePublished":"2025-02-10T18:30:36+00:00","dateModified":"2025-03-31T14:10:59+00:00","breadcrumb":{"@id":"https:\/\/www.plastcenternordic.fi\/?page_id=95#breadcrumb"},"inLanguage":"fi","potentialAction":[{"@type":"ReadAction","target":["https:\/\/www.plastcenternordic.fi\/?page_id=95"]}]},{"@type":"ImageObject","inLanguage":"fi","@id":"https:\/\/www.plastcenternordic.fi\/?page_id=95#primaryimage","url":"https:\/\/www.plastcenternordic.fi\/wp-content\/uploads\/2025\/02\/Messut-ja-tapahtumat.jpg","contentUrl":"https:\/\/www.plastcenternordic.fi\/wp-content\/uploads\/2025\/02\/Messut-ja-tapahtumat.jpg","width":918,"height":1012,"caption":"Screenshot"},{"@type":"BreadcrumbList","@id":"https:\/\/www.plastcenternordic.fi\/?page_id=95#breadcrumb","itemListElement":[{"@type":"ListItem","position":1,"name":"Etusivu","item":"https:\/\/www.plastcenternordic.fi\/"},{"@type":"ListItem","position":2,"name":"Messut ja tapahtumat"}]},{"@type":"WebSite","@id":"https:\/\/www.plastcenternordic.fi\/#website","url":"https:\/\/www.plastcenternordic.fi\/","name":"Plastcenter Nordic Oy","description":"","publisher":{"@id":"https:\/\/www.plastcenternordic.fi\/#organization"},"potentialAction":[{"@type":"SearchAction","target":{"@type":"EntryPoint","urlTemplate":"https:\/\/www.plastcenternordic.fi\/?s={search_term_string}"},"query-input":{"@type":"PropertyValueSpecification","valueRequired":true,"valueName":"search_term_string"}}],"inLanguage":"fi"},{"@type":"Organization","@id":"https:\/\/www.plastcenternordic.fi\/#organization","name":"Plastcenter Nordic Oy","url":"https:\/\/www.plastcenternordic.fi\/","logo":{"@type":"ImageObject","inLanguage":"fi","@id":"https:\/\/www.plastcenternordic.fi\/#\/schema\/logo\/image\/","url":"https:\/\/www.plastcenternordic.fi\/wp-content\/uploads\/2025\/02\/Plastcenter_logo.png","contentUrl":"https:\/\/www.plastcenternordic.fi\/wp-content\/uploads\/2025\/02\/Plastcenter_logo.png","width":357,"height":48,"caption":"Plastcenter Nordic Oy"},"image":{"@id":"https:\/\/www.plastcenternordic.fi\/#\/schema\/logo\/image\/"}}]}},"_links":{"self":[{"href":"https:\/\/www.plastcenternordic.fi\/index.php?rest_route=\/wp\/v2\/pages\/95","targetHints":{"allow":["GET"]}}],"collection":[{"href":"https:\/\/www.plastcenternordic.fi\/index.php?rest_route=\/wp\/v2\/pages"}],"about":[{"href":"https:\/\/www.plastcenternordic.fi\/index.php?rest_route=\/wp\/v2\/types\/page"}],"author":[{"embeddable":true,"href":"https:\/\/www.plastcenternordic.fi\/index.php?rest_route=\/wp\/v2\/users\/1"}],"replies":[{"embeddable":true,"href":"https:\/\/www.plastcenternordic.fi\/index.php?rest_route=%2Fwp%2Fv2%2Fcomments&post=95"}],"version-history":[{"count":16,"href":"https:\/\/www.plastcenternordic.fi\/index.php?rest_route=\/wp\/v2\/pages\/95\/revisions"}],"predecessor-version":[{"id":506,"href":"https:\/\/www.plastcenternordic.fi\/index.php?rest_route=\/wp\/v2\/pages\/95\/revisions\/506"}],"wp:attachment":[{"href":"https:\/\/www.plastcenternordic.fi\/index.php?rest_route=%2Fwp%2Fv2%2Fmedia&parent=95"}],"curies":[{"name":"wp","href":"https:\/\/api.w.org\/{rel}","templated":true}]}}